{"id":506,"date":"2025-06-03T16:02:47","date_gmt":"2025-06-03T13:02:47","guid":{"rendered":"https:\/\/kalinkamagazin.com?page_id=506"},"modified":"2025-12-19T10:23:40","modified_gmt":"2025-12-19T07:23:40","slug":"entrega-y-pago","status":"publish","type":"page","link":"https:\/\/kalinkamagazin.com\/es\/entrega-y-pago\/","title":{"rendered":"Entrega y pago"},"content":{"rendered":"\n<p class=\"updated\">Nuestro objetivo es hacer que el proceso de pedido sea lo m\u00e1s c\u00f3modo posible y ofrecemos varias opciones de entrega y pago en Torrevieja y alrededores para asegurarnos de que reciba sus compras lo antes posible.<\/p>\n\n\n\n<h2 class=\"wp-block-heading\">Modalidades de entrega:<\/h2>\n\n\n\n<h3 class=\"wp-block-heading\">Mensajeria en Torrevieja<\/h3>\n\n\n\n<ul class=\"wp-block-list\">\n<li>Trabajamos de 9:30 a 21:30.<\/li>\n\n\n\n<li>Entrega en un radio de 20 kil\u00f3metros. de la ciudad de Torrevieja<\/li>\n\n\n\n<li>La entrega se realiza en un plazo de 24 horas a partir de la confirmaci\u00f3n del pedido.<\/li>\n\n\n\n<li>Pago in situ a la recepci\u00f3n de la mercanc\u00eda<\/li>\n\n\n\n<li>Los gastos de env\u00edo dependen del importe del pedido:\n<ul class=\"wp-block-list\">\n<li>Radio de hasta 10 kil\u00f3metros. - 5 euros<\/li>\n\n\n\n<li>Hasta 20 kil\u00f3metros. - 10 euros<\/li>\n<\/ul>\n<\/li>\n\n\n\n<li>Si necesita recibir su pedido con urgencia, p\u00f3ngase en contacto con nosotros: intentaremos encontrar una soluci\u00f3n conveniente.<\/li>\n<\/ul>\n\n\n\n<h3 class=\"wp-block-heading\">Auto recogida en la tienda<\/h3>\n\n\n\n<ul class=\"wp-block-list\">\n<li>Puede recoger su pedido en nuestra tienda en: Av Habaneras 36, 03183 Torrevieja, Alicante<\/li>\n\n\n\n<li>La auto recogida es posible durante el horario laboral: todos los d\u00edas de 9:30 a 21:30.<\/li>\n\n\n\n<li>Prepararemos su pedido con antelaci\u00f3n para que pueda recogerlo cuando m\u00e1s le convenga sin esperas.<\/li>\n<\/ul>\n\n\n\n<h2 class=\"wp-block-heading\">Formas de pago:<\/h2>\n\n\n\n<p>Para comodidad de nuestros clientes, aceptamos m\u00faltiples m\u00e9todos de pago:<\/p>\n\n\n\n<p>Tras realizar el pedido, recibir\u00e1 un correo electr\u00f3nico de confirmaci\u00f3n con los datos de pago y entrega.<\/p>\n\n\n\n<ul class=\"wp-block-list\">\n<li>Contra reembolso: pague su pedido en efectivo en el momento de la entrega por mensajero o en el momento de la recogida en la tienda.<\/li>\n\n\n\n<li>Tarjeta bancaria (Visa, MasterCard, Maestro) - el pago se realiza in situ al recibir la mercanc\u00eda. Garantizamos la seguridad de los pagos.<\/li>\n<\/ul>\n\n\n\n<p class=\"updated\">Gracias por elegirnos. Nos complace ofrecerle el mejor servicio. Si tiene alguna pregunta o sugerencia sobre nuestras pol\u00edticas de entrega y pago, p\u00f3ngase en contacto con nosotros a trav\u00e9s del formulario de contacto de nuestro sitio web o del n\u00famero de tel\u00e9fono que aparece en \"Contacto\".<\/p>\n","protected":false},"excerpt":{"rendered":"<p>Nuestro objetivo es hacer que el proceso de pedido sea lo m\u00e1s c\u00f3modo posible y ofrecemos varias opciones de entrega y pago en Torrevieja y alrededores para asegurarnos de que reciba sus compras lo antes posible. Modalidades de entrega: Mensajeria en Torrevieja Auto recogida en la tienda Formas de pago: Para comodidad de nuestros clientes, [&hellip;]<\/p>\n","protected":false},"author":1,"featured_media":0,"parent":0,"menu_order":0,"comment_status":"closed","ping_status":"closed","template":"","meta":{"inline_featured_image":false,"footnotes":""},"class_list":["post-506","page","type-page","status-publish","hentry"],"acf":[],"_links":{"self":[{"href":"https:\/\/kalinkamagazin.com\/es\/wp-json\/wp\/v2\/pages\/506","targetHints":{"allow":["GET"]}}],"collection":[{"href":"https:\/\/kalinkamagazin.com\/es\/wp-json\/wp\/v2\/pages"}],"about":[{"href":"https:\/\/kalinkamagazin.com\/es\/wp-json\/wp\/v2\/types\/page"}],"author":[{"embeddable":true,"href":"https:\/\/kalinkamagazin.com\/es\/wp-json\/wp\/v2\/users\/1"}],"replies":[{"embeddable":true,"href":"https:\/\/kalinkamagazin.com\/es\/wp-json\/wp\/v2\/comments?post=506"}],"version-history":[{"count":6,"href":"https:\/\/kalinkamagazin.com\/es\/wp-json\/wp\/v2\/pages\/506\/revisions"}],"predecessor-version":[{"id":2739,"href":"https:\/\/kalinkamagazin.com\/es\/wp-json\/wp\/v2\/pages\/506\/revisions\/2739"}],"wp:attachment":[{"href":"https:\/\/kalinkamagazin.com\/es\/wp-json\/wp\/v2\/media?parent=506"}],"curies":[{"name":"wp","href":"https:\/\/api.w.org\/{rel}","templated":true}]}}