{"id":529,"date":"2025-06-03T16:03:21","date_gmt":"2025-06-03T13:03:21","guid":{"rendered":"https:\/\/kalinkamagazin.com?page_id=529"},"modified":"2025-11-11T11:10:31","modified_gmt":"2025-11-11T08:10:31","slug":"sobre-nosotros","status":"publish","type":"page","link":"https:\/\/kalinkamagazin.com\/es\/sobre-nosotros\/","title":{"rendered":"Sobre nosotros"},"content":{"rendered":"\n<p>Bienvenido\/a a la tienda online de Kalinka!<\/p>\n\n\n\n<p>\u00a1Durante m\u00e1s de <strong>25 a\u00f1os<\/strong>, Kalinka ha evolucionado con \u00e9xito y se ha ganado la confianza de los clientes! Estamos orgullosos de ofrecer no solo productos, sino tambi\u00e9n una parte de la calidez y las tradiciones de Europa del Este.<\/p>\n\n\n\n<p>Nuestros clientes nos valoran por:<\/p>\n\n\n\n<ul class=\"wp-block-list\">\n<li><strong>Calidad de producto selecta:<\/strong> Seleccionamos cuidadosamente el surtido de los principales productores de los pa\u00edses b\u00e1lticos, Moldavia, Rusia y otros pa\u00edses.<\/li>\n\n\n\n<li><strong>Recetas tradicionales y sabor natural:<\/strong> Sin aditivos ni productos qu\u00edmicos, \u00a1como en casa de la abuela!<\/li>\n\n\n\n<li><strong>Precios asequibles:<\/strong> Un coste justo por la calidad aut\u00e9ntica.<\/li>\n\n\n\n<li><strong>Amplia selecci\u00f3n:<\/strong> Desde delicados <em>pelmeni<\/em> (empanadillas) y <em>pirozhki<\/em> (bollos rellenos) hasta ahumados, encurtidos, mermeladas y exquisiteces que no encontrar\u00e1 en los supermercados habituales.<\/li>\n\n\n\n<li><strong>Servicio con atenci\u00f3n a cada cliente:<\/strong> Nos esforzamos por ofrecer un nivel de servicio que le sorprender\u00e1 gratamente.<\/li>\n<\/ul>\n\n\n\n<p>Con alegr\u00eda, le abrimos las puertas a un mundo de sabores que ha sido amado por miles de nuestros clientes habituales. <strong>Kalinka es m\u00e1s que una tienda.<\/strong> Es el sabor al que querr\u00e1 volver.<\/p>\n","protected":false},"excerpt":{"rendered":"<p>Bienvenido\/a a la tienda online de Kalinka! \u00a1Durante m\u00e1s de 25 a\u00f1os, Kalinka ha evolucionado con \u00e9xito y se ha ganado la confianza de los clientes! Estamos orgullosos de ofrecer no solo productos, sino tambi\u00e9n una parte de la calidez y las tradiciones de Europa del Este. Nuestros clientes nos valoran por: Con alegr\u00eda, le [&hellip;]<\/p>\n","protected":false},"author":1,"featured_media":0,"parent":0,"menu_order":0,"comment_status":"closed","ping_status":"closed","template":"","meta":{"inline_featured_image":false,"footnotes":""},"class_list":["post-529","page","type-page","status-publish","hentry"],"acf":[],"_links":{"self":[{"href":"https:\/\/kalinkamagazin.com\/es\/wp-json\/wp\/v2\/pages\/529","targetHints":{"allow":["GET"]}}],"collection":[{"href":"https:\/\/kalinkamagazin.com\/es\/wp-json\/wp\/v2\/pages"}],"about":[{"href":"https:\/\/kalinkamagazin.com\/es\/wp-json\/wp\/v2\/types\/page"}],"author":[{"embeddable":true,"href":"https:\/\/kalinkamagazin.com\/es\/wp-json\/wp\/v2\/users\/1"}],"replies":[{"embeddable":true,"href":"https:\/\/kalinkamagazin.com\/es\/wp-json\/wp\/v2\/comments?post=529"}],"version-history":[{"count":2,"href":"https:\/\/kalinkamagazin.com\/es\/wp-json\/wp\/v2\/pages\/529\/revisions"}],"predecessor-version":[{"id":2654,"href":"https:\/\/kalinkamagazin.com\/es\/wp-json\/wp\/v2\/pages\/529\/revisions\/2654"}],"wp:attachment":[{"href":"https:\/\/kalinkamagazin.com\/es\/wp-json\/wp\/v2\/media?parent=529"}],"curies":[{"name":"wp","href":"https:\/\/api.w.org\/{rel}","templated":true}]}}