{"id":538,"date":"2025-06-04T10:23:40","date_gmt":"2025-06-04T07:23:40","guid":{"rendered":"https:\/\/kalinkamagazin.com?page_id=538"},"modified":"2025-07-15T14:38:56","modified_gmt":"2025-07-15T11:38:56","slug":"politica-de-cookies","status":"publish","type":"page","link":"https:\/\/kalinkamagazin.com\/es\/politica-de-cookies\/","title":{"rendered":"Pol\u00edtica de cookies"},"content":{"rendered":"\n<p class=\"about\">La Pol\u00edtica de Cookies explica c\u00f3mo utilizamos las cookies en el sitio web de Kalinka. Al utilizar nuestro sitio, acepta el uso de cookies de acuerdo con esta pol\u00edtica.<\/p>\n\n\n\n<h2 class=\"wp-block-heading\">1. \u00bfQu\u00e9 son las cookies?<\/h2>\n\n\n\n<p>Las cookies son peque\u00f1os archivos de texto que se almacenan en su dispositivo al visitar un sitio web. Nos ayudan a mejorar el sitio, ofrecer servicios personalizados y analizar el uso de nuestros recursos.<\/p>\n\n\n\n<h2 class=\"wp-block-heading\">2. \u00bfC\u00f3mo utilizamos las cookies?<\/h2>\n\n\n\n<p>Utilizamos cookies para los siguientes fines:<\/p>\n\n\n\n<ul class=\"wp-block-list\">\n<li>Garantizar el correcto funcionamiento del sitio (por ejemplo, para recordar la configuraci\u00f3n del usuario).<\/li>\n\n\n\n<li>An\u00e1lisis y mejora de la funcionalidad del sitio.<\/li>\n\n\n\n<li>Personalizar el contenido y la publicidad que le enviamos.<\/li>\n\n\n\n<li>Realice un seguimiento de sus preferencias y mejore su experiencia de usuario.<\/li>\n<\/ul>\n\n\n\n<h2 class=\"wp-block-heading\">3. Tipos de cookies que utilizamos<\/h2>\n\n\n\n<ul class=\"wp-block-list\">\n<li>Cookies esenciales: Estas cookies son esenciales para que el sitio funcione correctamente, por ejemplo, para recordar su inicio de sesi\u00f3n o el contenido de su carrito de compras.<\/li>\n\n\n\n<li>Cookies anal\u00edticas: Utilizamos estas cookies para recopilar informaci\u00f3n sobre c\u00f3mo los usuarios interact\u00faan con el sitio con el fin de mejorar su funcionalidad.<\/li>\n\n\n\n<li>Cookies de funcionalidad: estas cookies nos permiten recordar tus preferencias y mejorar tu experiencia en el sitio, como tu idioma de visualizaci\u00f3n o configuraci\u00f3n regional.<\/li>\n\n\n\n<li>Cookies publicitarias: Estas cookies se utilizan para mostrarle contenido publicitario personalizado.<\/li>\n<\/ul>\n\n\n\n<h2 class=\"wp-block-heading\">4. \u00bfC\u00f3mo gestionar las cookies?<\/h2>\n\n\n\n<p>Puede controlar y gestionar el uso de cookies a trav\u00e9s de la configuraci\u00f3n de su navegador. La mayor\u00eda de los navegadores permiten bloquear o eliminar las cookies, pero tenga en cuenta que esto puede afectar la funcionalidad de nuestro sitio.<\/p>\n\n\n\n<h2 class=\"wp-block-heading\">5. Consentimiento de cookies<\/h2>\n\n\n\n<p>Al visitar nuestro sitio, usted acepta nuestro uso de cookies a menos que cambie la configuraci\u00f3n de su navegador para deshabilitarlas.<\/p>\n\n\n\n<h2 class=\"wp-block-heading\">6. Informaci\u00f3n del contacto<\/h2>\n\n\n\n<p>Si tiene alguna pregunta o sugerencia sobre nuestra pol\u00edtica de cookies, puede ponerse en contacto con nosotros a trav\u00e9s del formulario de contacto de nuestra web o por tel\u00e9fono al n\u00famero que aparece en la secci\u00f3n \u201cContactos\u201d.<\/p>\n\n\n\n<h2 class=\"wp-block-heading\">7. Cambios en la Pol\u00edtica de Cookies<\/h2>\n\n\n\n<p>Nos reservamos el derecho a modificar nuestra pol\u00edtica de cookies en cualquier momento. Todos los cambios entran en vigor desde su publicaci\u00f3n en el sitio web.<\/p>\n\n\n\n<p class=\"updated\">\u00daltima actualizaci\u00f3n: 14.01.2025.<\/p>\n","protected":false},"excerpt":{"rendered":"<p>La Pol\u00edtica de Cookies explica c\u00f3mo utilizamos las cookies en el sitio web de Kalinka. Al utilizar nuestro sitio, acepta el uso de cookies de acuerdo con esta pol\u00edtica. 1. \u00bfQu\u00e9 son las cookies? Las cookies son peque\u00f1os archivos de texto que se almacenan en su dispositivo al visitar un sitio web. Nos ayudan a [&hellip;]<\/p>\n","protected":false},"author":1,"featured_media":0,"parent":0,"menu_order":0,"comment_status":"closed","ping_status":"closed","template":"","meta":{"inline_featured_image":false,"footnotes":""},"class_list":["post-538","page","type-page","status-publish","hentry"],"acf":[],"_links":{"self":[{"href":"https:\/\/kalinkamagazin.com\/es\/wp-json\/wp\/v2\/pages\/538","targetHints":{"allow":["GET"]}}],"collection":[{"href":"https:\/\/kalinkamagazin.com\/es\/wp-json\/wp\/v2\/pages"}],"about":[{"href":"https:\/\/kalinkamagazin.com\/es\/wp-json\/wp\/v2\/types\/page"}],"author":[{"embeddable":true,"href":"https:\/\/kalinkamagazin.com\/es\/wp-json\/wp\/v2\/users\/1"}],"replies":[{"embeddable":true,"href":"https:\/\/kalinkamagazin.com\/es\/wp-json\/wp\/v2\/comments?post=538"}],"version-history":[{"count":2,"href":"https:\/\/kalinkamagazin.com\/es\/wp-json\/wp\/v2\/pages\/538\/revisions"}],"predecessor-version":[{"id":541,"href":"https:\/\/kalinkamagazin.com\/es\/wp-json\/wp\/v2\/pages\/538\/revisions\/541"}],"wp:attachment":[{"href":"https:\/\/kalinkamagazin.com\/es\/wp-json\/wp\/v2\/media?parent=538"}],"curies":[{"name":"wp","href":"https:\/\/api.w.org\/{rel}","templated":true}]}}