{"id":2196,"date":"2026-01-29T16:45:24","date_gmt":"2026-01-29T13:45:24","guid":{"rendered":"https:\/\/kalinkamagazin.com\/product\/4925-galletas-de-avena-400-gr-es\/"},"modified":"2026-01-29T17:11:39","modified_gmt":"2026-01-29T14:11:39","slug":"4925-galletas-de-avena-400-gr-es","status":"publish","type":"product","link":"https:\/\/kalinkamagazin.com\/es\/product\/4925-galletas-de-avena-400-gr-es\/","title":{"rendered":"Galletas de avena 400 gr."},"content":{"rendered":"<p>Galletas de avena. Ingredientes: <b>harina de trigo<\/b> 33,2%, az\u00facar, grasa de reposter\u00eda (grasas y aceites vegetales [girasol, soja, palma]), emulgente (lecitina de soja), antioxidantes (E306)), preparado de manzana (pur\u00e9 de manzana, az\u00facar, conservante (E202)), <b>harina de avena<\/b> 16,3%, <b>producto de suero de leche<\/b>, jarabe de glucosa y fructosa, regulador de humedad (E420), <b>leche entera<\/b>, canela molida, sal, levadura qu\u00edmica (E500, E503), colorante (E150a), aroma, espesante (E466). Este producto puede contener trazas de <b>huevos,<\/b><b>cacahuetes,<\/b><b>avellanas,<\/b><b>s\u00e9samo.<\/b> Conservar en un lugar fresco y seco. Consumir preferentemente antes de: ver la segunda l\u00ednea del pie de imprenta. Distribuci\u00f3n: Lackmann Fleisch- und Feinkostfabrik GmbH, Carl Benz Stra\u00dfe 10, 77731 Willst\u00e4tt, Alemania. <!--NWT-Text-->Valor nutricional por 100 g: Valor energ\u00e9tico: 1947 kJ \/ 465 kcal, Grasas: 20 g, de las cuales saturadas: 8,8 g, Hidratos de carbono: 66 g, de los cuales az\u00facares: 31 g, Prote\u00ednas: 6,5 g, Sal: 0,17 g, <!--NWT-Table--><\/p>\n<table>\n<tbody>\n<tr>\n<td colspan=\"2\">Valor nutricional por 100 g:<\/td>\n<\/tr>\n<tr>\n<td>Valor energ\u00e9tico:<\/td>\n<td align = \"right\">1947 kJ\/465 kcal<\/td>\n<\/tr>\n<tr>\n<td>Grasas:<\/td>\n<td align = \"right\">20 g<\/td>\n<\/tr>\n<tr>\n<td>de las cuales saturadas:<\/td>\n<td align = \"right\">8.8g<\/td>\n<\/tr>\n<tr>\n<td>Hidratos de carbono:<\/td>\n<td align = \"right\">66g<\/td>\n<\/tr>\n<tr>\n<td>- de los cuales az\u00facares:<\/td>\n<td align = \"right\">31g<\/td>\n<\/tr>\n<tr>\n<td>Prote\u00ednas:<\/td>\n<td align = \"right\">6.5g<\/td>\n<\/tr>\n<tr>\n<td>Sal:<\/td>\n<td align = \"right\">0.17g<\/td>\n<\/tr>\n<\/tbody>\n<\/table>\n<p> <!--Bezeichnung-->Galletas de avena.<\/p>\n","protected":false},"excerpt":{"rendered":"<p>Galletas de avena. Ingredientes: harina de trigo 33,2%, az\u00facar, grasa de reposter\u00eda (grasas y aceites vegetales [girasol, soja, palma]), emulgente (lecitina de soja), antioxidantes (E306)), preparado de manzana (pur\u00e9 de manzana, az\u00facar, conservante (E202)), harina de avena 16,3%, producto de suero de leche, jarabe de glucosa y fructosa, regulador de humedad (E420), leche entera, canela [&hellip;]<\/p>\n","protected":false},"featured_media":871,"template":"","meta":{"inline_featured_image":false},"product_brand":[],"product_cat":[238,245],"product_tag":[],"class_list":{"0":"post-2196","1":"product","2":"type-product","3":"status-publish","4":"has-post-thumbnail","6":"product_cat-dulces-y-reposteria","7":"product_cat-galletas","9":"first","10":"instock","11":"shipping-taxable","12":"purchasable","13":"product-type-simple"},"acf":[],"_links":{"self":[{"href":"https:\/\/kalinkamagazin.com\/es\/wp-json\/wp\/v2\/product\/2196","targetHints":{"allow":["GET"]}}],"collection":[{"href":"https:\/\/kalinkamagazin.com\/es\/wp-json\/wp\/v2\/product"}],"about":[{"href":"https:\/\/kalinkamagazin.com\/es\/wp-json\/wp\/v2\/types\/product"}],"wp:featuredmedia":[{"embeddable":true,"href":"https:\/\/kalinkamagazin.com\/es\/wp-json\/wp\/v2\/media\/871"}],"wp:attachment":[{"href":"https:\/\/kalinkamagazin.com\/es\/wp-json\/wp\/v2\/media?parent=2196"}],"wp:term":[{"taxonomy":"product_brand","embeddable":true,"href":"https:\/\/kalinkamagazin.com\/es\/wp-json\/wp\/v2\/product_brand?post=2196"},{"taxonomy":"product_cat","embeddable":true,"href":"https:\/\/kalinkamagazin.com\/es\/wp-json\/wp\/v2\/product_cat?post=2196"},{"taxonomy":"product_tag","embeddable":true,"href":"https:\/\/kalinkamagazin.com\/es\/wp-json\/wp\/v2\/product_tag?post=2196"}],"curies":[{"name":"wp","href":"https:\/\/api.w.org\/{rel}","templated":true}]}}