{"id":2201,"date":"2026-01-29T16:45:08","date_gmt":"2026-01-29T13:45:08","guid":{"rendered":"https:\/\/kalinkamagazin.com\/product\/4181-crutones-de-centeno-con-sabor-a-tocino-es\/"},"modified":"2026-01-29T17:11:24","modified_gmt":"2026-01-29T14:11:24","slug":"4181-crutones-de-centeno-con-sabor-a-tocino-es","status":"publish","type":"product","link":"https:\/\/kalinkamagazin.com\/es\/product\/4181-crutones-de-centeno-con-sabor-a-tocino-es\/","title":{"rendered":"Crutones de centeno con sabor a tocino"},"content":{"rendered":"<p>Pan de centeno y trigo con sabor a tocino. \"3 cortezas invencibles\". La opci\u00f3n de presentaci\u00f3n se muestra en la imagen. Ingredientes: Pan de centeno 86,8 % (harina de centeno 44,3 %, harina de trigo, agua), aceite de girasol, antioxidantes: E319, mezcla de especias (maltodextrina, sal, piment\u00f3n molido, aromas, aromas de especias, cebolla en polvo, regulador de acidez: (E330), potenciadores del sabor: (E621, E627, E631), colorante: (E160c)), sal, levadura. Conservar en un lugar fresco y seco. Este producto puede contener trazas de: <b>crust\u00e1ceos,<\/b><b>pescado,<\/b><b>leche,<\/b><b>apio,<\/b><b>mostaza,<\/b><b>soja.<\/b> La fecha del envase es la fecha de producci\u00f3n\/envasado. Distribuci\u00f3n: Lackmann Fleisch- und Feinkostfabrik GmbH, Carl Benz Stra\u00dfe 10, 77731 Willst\u00e4tt, Alemania. Consumir preferentemente antes: ver pie de imprenta, segunda l\u00ednea. <!--NWT-Text-->Valor nutricional por 100 g: Valor energ\u00e9tico: 1620 kJ \/ 390 kcal, Grasas: 10 g, de las cuales saturadas: 1,8 g, Hidratos de carbono: 64 g, de los cuales az\u00facares: 2,3 g, Prote\u00ednas: 10 g, Sal: 2,8 g, <!--NWT-Table--><\/p>\n<table>\n<tbody>\n<tr>\n<td colspan=\"2\">Valor nutricional por 100 g:<\/td>\n<\/tr>\n<tr>\n<td>Valor energ\u00e9tico:<\/td>\n<td align = \"right\">1620 kJ \/ 390 kcal<\/td>\n<\/tr>\n<tr>\n<td>Grasas:<\/td>\n<td align = \"right\">10 g<\/td>\n<\/tr>\n<tr>\n<td>de las cuales saturadas:<\/td>\n<td align = \"right\">1.8g<\/td>\n<\/tr>\n<tr>\n<td>Hidratos de carbono:<\/td>\n<td align = \"right\">64g<\/td>\n<\/tr>\n<tr>\n<td>- de los cuales az\u00facares:<\/td>\n<td align = \"right\">2.3g<\/td>\n<\/tr>\n<tr>\n<td>Prote\u00ednas:<\/td>\n<td align = \"right\">10g<\/td>\n<\/tr>\n<tr>\n<td>Sal:<\/td>\n<td align = \"right\">2.8g<\/td>\n<\/tr>\n<\/tbody>\n<\/table>\n<p> <!--Bezeichnung-->Snack de pan de centeno con sabor a tocino. \"3 cortezas invencibles\".<\/p>\n","protected":false},"excerpt":{"rendered":"<p>Pan de centeno y trigo con sabor a tocino. \"3 cortezas invencibles\". La opci\u00f3n de presentaci\u00f3n se muestra en la imagen. Ingredientes: Pan de centeno 86,8 % (harina de centeno 44,3 %, harina de trigo, agua), aceite de girasol, antioxidantes: E319, mezcla de especias (maltodextrina, sal, piment\u00f3n molido, aromas, aromas de especias, cebolla en polvo, [&hellip;]<\/p>\n","protected":false},"featured_media":892,"template":"","meta":{"inline_featured_image":false},"product_brand":[],"product_cat":[207],"product_tag":[],"class_list":{"0":"post-2201","1":"product","2":"type-product","3":"status-publish","4":"has-post-thumbnail","6":"product_cat-granos-cereales-y-snacks","8":"first","9":"instock","10":"shipping-taxable","11":"purchasable","12":"product-type-simple"},"acf":[],"_links":{"self":[{"href":"https:\/\/kalinkamagazin.com\/es\/wp-json\/wp\/v2\/product\/2201","targetHints":{"allow":["GET"]}}],"collection":[{"href":"https:\/\/kalinkamagazin.com\/es\/wp-json\/wp\/v2\/product"}],"about":[{"href":"https:\/\/kalinkamagazin.com\/es\/wp-json\/wp\/v2\/types\/product"}],"wp:featuredmedia":[{"embeddable":true,"href":"https:\/\/kalinkamagazin.com\/es\/wp-json\/wp\/v2\/media\/892"}],"wp:attachment":[{"href":"https:\/\/kalinkamagazin.com\/es\/wp-json\/wp\/v2\/media?parent=2201"}],"wp:term":[{"taxonomy":"product_brand","embeddable":true,"href":"https:\/\/kalinkamagazin.com\/es\/wp-json\/wp\/v2\/product_brand?post=2201"},{"taxonomy":"product_cat","embeddable":true,"href":"https:\/\/kalinkamagazin.com\/es\/wp-json\/wp\/v2\/product_cat?post=2201"},{"taxonomy":"product_tag","embeddable":true,"href":"https:\/\/kalinkamagazin.com\/es\/wp-json\/wp\/v2\/product_tag?post=2201"}],"curies":[{"name":"wp","href":"https:\/\/api.w.org\/{rel}","templated":true}]}}