{"id":2208,"date":"2026-01-29T16:44:29","date_gmt":"2026-01-29T13:44:29","guid":{"rendered":"https:\/\/kalinkamagazin.com\/product\/128-manteca-de-cerdo-casera-es\/"},"modified":"2026-01-29T17:10:40","modified_gmt":"2026-01-29T14:10:40","slug":"128-manteca-de-cerdo-casera-es","status":"publish","type":"product","link":"https:\/\/kalinkamagazin.com\/es\/product\/128-manteca-de-cerdo-casera-es\/","title":{"rendered":"Manteca de cerdo casera"},"content":{"rendered":"<p>Ingredientes: grasa de cerdo, sal de mesa, especias, dextrosa, jarabe de glucosa deshidratado, antioxidantes: ascorbato de sodio. <!--NWT-Text-->Valor nutricional por 100 g: Valor energ\u00e9tico: 3359 kJ \/ 817 kcal, Grasas: 90 g, de las cuales \u00e1cidos grasos saturados: 38 g, Hidratos de carbono: 1,0 g, de los cuales az\u00facares: <0,5 g, Prote\u00ednas: 0,7 g, Sal: 4,5 g, <!--NWT-Table--><\/p>\n<table>\n<tbody>\n<tr>\n<td colspan=\"2\">Valor nutricional por 100 g:<\/td>\n<\/tr>\n<tr>\n<td>Valor energ\u00e9tico:<\/td>\n<td align = \"right\">3359 kJ\/817 kcal<\/td>\n<\/tr>\n<tr>\n<td>Grasas:<\/td>\n<td align = \"right\">90 g<\/td>\n<\/tr>\n<tr>\n<td>de las cuales \u00e1cidos grasos saturados:<\/td>\n<td align = \"right\">38 g<\/td>\n<\/tr>\n<tr>\n<td>Hidratos de carbono:<\/td>\n<td align = \"right\">1,0 g<\/td>\n<\/tr>\n<tr>\n<td>- de los cuales az\u00facares:<\/td>\n<td align = \"right\"><0,5 g<\/td>\n<\/tr>\n<tr>\n<td>Prote\u00ednas:<\/td>\n<td align = \"right\">0,7 g<\/td>\n<\/tr>\n<tr>\n<td>Sal:<\/td>\n<td align = \"right\">4,5 g<\/td>\n<\/tr>\n<\/tbody>\n<\/table>\n<p> <!--Bezeichnung--><\/p>\n","protected":false},"excerpt":{"rendered":"<p>Ingredientes: grasa de cerdo, sal de mesa, especias, dextrosa, jarabe de glucosa deshidratado, antioxidantes: ascorbato de sodio. Valor nutricional por 100 g: Valor energ\u00e9tico: 3359 kJ \/ 817 kcal, Grasas: 90 g, de las cuales \u00e1cidos grasos saturados: 38 g, Hidratos de carbono: 1,0 g, de los cuales az\u00facares:<\/p>\n","protected":false},"featured_media":940,"template":"","meta":{"inline_featured_image":false},"product_brand":[],"product_cat":[222,223],"product_tag":[],"class_list":{"0":"post-2208","1":"product","2":"type-product","3":"status-publish","4":"has-post-thumbnail","6":"product_cat-carne-y-productos-carnicos","7":"product_cat-embutidos-salchichas","9":"first","10":"instock","11":"shipping-taxable","12":"purchasable","13":"product-type-simple"},"acf":[],"_links":{"self":[{"href":"https:\/\/kalinkamagazin.com\/es\/wp-json\/wp\/v2\/product\/2208","targetHints":{"allow":["GET"]}}],"collection":[{"href":"https:\/\/kalinkamagazin.com\/es\/wp-json\/wp\/v2\/product"}],"about":[{"href":"https:\/\/kalinkamagazin.com\/es\/wp-json\/wp\/v2\/types\/product"}],"wp:featuredmedia":[{"embeddable":true,"href":"https:\/\/kalinkamagazin.com\/es\/wp-json\/wp\/v2\/media\/940"}],"wp:attachment":[{"href":"https:\/\/kalinkamagazin.com\/es\/wp-json\/wp\/v2\/media?parent=2208"}],"wp:term":[{"taxonomy":"product_brand","embeddable":true,"href":"https:\/\/kalinkamagazin.com\/es\/wp-json\/wp\/v2\/product_brand?post=2208"},{"taxonomy":"product_cat","embeddable":true,"href":"https:\/\/kalinkamagazin.com\/es\/wp-json\/wp\/v2\/product_cat?post=2208"},{"taxonomy":"product_tag","embeddable":true,"href":"https:\/\/kalinkamagazin.com\/es\/wp-json\/wp\/v2\/product_tag?post=2208"}],"curies":[{"name":"wp","href":"https:\/\/api.w.org\/{rel}","templated":true}]}}