{"id":2209,"date":"2026-01-29T16:44:19","date_gmt":"2026-01-29T13:44:19","guid":{"rendered":"https:\/\/kalinkamagazin.com\/product\/159-estofado-del-ejjrcito-es\/"},"modified":"2026-01-29T17:10:29","modified_gmt":"2026-01-29T14:10:29","slug":"159-estofado-del-ejjrcito-es","status":"publish","type":"product","link":"https:\/\/kalinkamagazin.com\/es\/product\/159-estofado-del-ejjrcito-es\/","title":{"rendered":"Estofado del ej\u0439rcito"},"content":{"rendered":"<p>Estofado del ej\u00e9rcito. Ingredientes: 97% carne de cerdo y ternera, sal de mesa, especias. Consumir preferentemente antes: Fabricante: Lackmann Fleisch- und Feinkostfabrik GmbH, Erlenstra\u00dfe 23, 77815 B\u00fchl, Alemania. <!--NWT-Text-->Valor nutricional por 100 g: Valor energ\u00e9tico: 1166 kJ \/ 281 kcal, Grasas: 23 g, de las cuales saturadas: 10 g, Hidratos de carbono: <0,5 g, de los cuales az\u00facares: <0,5 g, Prote\u00ednas: 18 g, Sal: 1,7 g, <!--NWT-Table--><\/p>\n<table>\n<tbody>\n<tr>\n<td colspan=\"2\">Valor nutricional por 100 g:<\/td>\n<\/tr>\n<tr>\n<td>Valor energ\u00e9tico:<\/td>\n<td align = \"right\">1166 kJ\/281 kcal<\/td>\n<\/tr>\n<tr>\n<td>Grasas:<\/td>\n<td align = \"right\">23 g<\/td>\n<\/tr>\n<tr>\n<td>de las cuales saturadas:<\/td>\n<td align = \"right\">10 g<\/td>\n<\/tr>\n<tr>\n<td>Carbohidratos:<\/td>\n<td align = \"right\"><0.5 g<\/td>\n<\/tr>\n<tr>\n<td>- de los cuales az\u00facares:<\/td>\n<td align = \"right\"><0.5 g<\/td>\n<\/tr>\n<tr>\n<td>Prote\u00ednas:<\/td>\n<td align = \"right\">18 g<\/td>\n<\/tr>\n<tr>\n<td>Sal:<\/td>\n<td align = \"right\">1.7 g<\/td>\n<\/tr>\n<\/tbody>\n<\/table>\n<p> <!--Bezeichnung-->Estofado del ej\u00e9rcito.<\/p>\n","protected":false},"excerpt":{"rendered":"<p>Estofado del ej\u00e9rcito. Ingredientes: 97% carne de cerdo y ternera, sal de mesa, especias. Consumir preferentemente antes: Fabricante: Lackmann Fleisch- und Feinkostfabrik GmbH, Erlenstra\u00dfe 23, 77815 B\u00fchl, Alemania. Valor nutricional por 100 g: Valor energ\u00e9tico: 1166 kJ \/ 281 kcal, Grasas: 23 g, de las cuales saturadas: 10 g, Hidratos de carbono: Estofado del ej\u00e9rcito.<\/p>\n","protected":false},"featured_media":949,"template":"","meta":{"inline_featured_image":false},"product_brand":[],"product_cat":[222,223],"product_tag":[],"class_list":{"0":"post-2209","1":"product","2":"type-product","3":"status-publish","4":"has-post-thumbnail","6":"product_cat-carne-y-productos-carnicos","7":"product_cat-embutidos-salchichas","9":"first","10":"instock","11":"shipping-taxable","12":"purchasable","13":"product-type-simple"},"acf":[],"_links":{"self":[{"href":"https:\/\/kalinkamagazin.com\/es\/wp-json\/wp\/v2\/product\/2209","targetHints":{"allow":["GET"]}}],"collection":[{"href":"https:\/\/kalinkamagazin.com\/es\/wp-json\/wp\/v2\/product"}],"about":[{"href":"https:\/\/kalinkamagazin.com\/es\/wp-json\/wp\/v2\/types\/product"}],"wp:featuredmedia":[{"embeddable":true,"href":"https:\/\/kalinkamagazin.com\/es\/wp-json\/wp\/v2\/media\/949"}],"wp:attachment":[{"href":"https:\/\/kalinkamagazin.com\/es\/wp-json\/wp\/v2\/media?parent=2209"}],"wp:term":[{"taxonomy":"product_brand","embeddable":true,"href":"https:\/\/kalinkamagazin.com\/es\/wp-json\/wp\/v2\/product_brand?post=2209"},{"taxonomy":"product_cat","embeddable":true,"href":"https:\/\/kalinkamagazin.com\/es\/wp-json\/wp\/v2\/product_cat?post=2209"},{"taxonomy":"product_tag","embeddable":true,"href":"https:\/\/kalinkamagazin.com\/es\/wp-json\/wp\/v2\/product_tag?post=2209"}],"curies":[{"name":"wp","href":"https:\/\/api.w.org\/{rel}","templated":true}]}}