{"id":2210,"date":"2026-01-29T16:44:14","date_gmt":"2026-01-29T13:44:14","guid":{"rendered":"https:\/\/kalinkamagazin.com\/product\/161-clbsico-ruso-peso-es\/"},"modified":"2026-01-29T17:10:26","modified_gmt":"2026-01-29T14:10:26","slug":"161-clbsico-ruso-peso-es","status":"publish","type":"product","link":"https:\/\/kalinkamagazin.com\/es\/product\/161-clbsico-ruso-peso-es\/","title":{"rendered":"Cl\u0431sico ruso, peso."},"content":{"rendered":"<p>Ingredientes: 75 % de carne de cerdo, agua potable, manteca de cerdo (10 %), sal, 1 % de leche entera en polvo, especias, dextrosa, potenciador del sabor: glutamato monos\u00f3dico, estabilizante: difosfato, antioxidante: \u00e1cido asc\u00f3rbico, colorante: carm\u00edn natural, extractos de especias, conservante: nitrito de sodio, humo. Tripa no comestible. <!--NWT-Text-->Valor nutricional por 100 g: Valor energ\u00e9tico: 1289 kJ \/ 312 kcal, Grasas: 29 g, de las cuales saturadas: 12 g, Hidratos de carbono: 1,0 g, de los cuales az\u00facares: <0,5 g, Prote\u00ednas: 12 g, Sal: 2,2 g, <!--NWT-Table--><\/p>\n<table>\n<tbody>\n<tr>\n<td colspan=\"2\">Valor nutricional por 100 g:<\/td>\n<\/tr>\n<tr>\n<td>Valor energ\u00e9tico:<\/td>\n<td align = \"right\">1289 kJ\/312 kcal<\/td>\n<\/tr>\n<tr>\n<td>Grasas:<\/td>\n<td align = \"right\">29 g<\/td>\n<\/tr>\n<tr>\n<td>de las cuales saturadas: \u00c1cidos:<\/td>\n<td align = \"right\">12 g<\/td>\n<\/tr>\n<tr>\n<td>Hidratos de carbono:<\/td>\n<td align = \"right\">1,0 g<\/td>\n<\/tr>\n<tr>\n<td>- de los cuales az\u00facares:<\/td>\n<td align = \"right\"><0,5 g<\/td>\n<\/tr>\n<tr>\n<td>Prote\u00ednas:<\/td>\n<td align = \"right\">12 g<\/td>\n<\/tr>\n<tr>\n<td>Sal:<\/td>\n<td align = \"right\">2,2 g<\/td>\n<\/tr>\n<\/tbody>\n<\/table>\n<p> <!--Bezeichnung--><\/p>\n","protected":false},"excerpt":{"rendered":"<p>Ingredientes: 75 % de carne de cerdo, agua potable, manteca de cerdo (10 %), sal, 1 % de leche entera en polvo, especias, dextrosa, potenciador del sabor: glutamato monos\u00f3dico, estabilizante: difosfato, antioxidante: \u00e1cido asc\u00f3rbico, colorante: carm\u00edn natural, extractos de especias, conservante: nitrito de sodio, humo. Tripa no comestible. Valor nutricional por 100 g: Valor energ\u00e9tico: [&hellip;]<\/p>\n","protected":false},"featured_media":952,"template":"","meta":{"inline_featured_image":false},"product_brand":[],"product_cat":[222,223],"product_tag":[],"class_list":{"0":"post-2210","1":"product","2":"type-product","3":"status-publish","4":"has-post-thumbnail","6":"product_cat-carne-y-productos-carnicos","7":"product_cat-embutidos-salchichas","9":"first","10":"instock","11":"shipping-taxable","12":"purchasable","13":"product-type-simple"},"acf":[],"_links":{"self":[{"href":"https:\/\/kalinkamagazin.com\/es\/wp-json\/wp\/v2\/product\/2210","targetHints":{"allow":["GET"]}}],"collection":[{"href":"https:\/\/kalinkamagazin.com\/es\/wp-json\/wp\/v2\/product"}],"about":[{"href":"https:\/\/kalinkamagazin.com\/es\/wp-json\/wp\/v2\/types\/product"}],"wp:featuredmedia":[{"embeddable":true,"href":"https:\/\/kalinkamagazin.com\/es\/wp-json\/wp\/v2\/media\/952"}],"wp:attachment":[{"href":"https:\/\/kalinkamagazin.com\/es\/wp-json\/wp\/v2\/media?parent=2210"}],"wp:term":[{"taxonomy":"product_brand","embeddable":true,"href":"https:\/\/kalinkamagazin.com\/es\/wp-json\/wp\/v2\/product_brand?post=2210"},{"taxonomy":"product_cat","embeddable":true,"href":"https:\/\/kalinkamagazin.com\/es\/wp-json\/wp\/v2\/product_cat?post=2210"},{"taxonomy":"product_tag","embeddable":true,"href":"https:\/\/kalinkamagazin.com\/es\/wp-json\/wp\/v2\/product_tag?post=2210"}],"curies":[{"name":"wp","href":"https:\/\/api.w.org\/{rel}","templated":true}]}}