{"id":2211,"date":"2026-01-29T16:44:11","date_gmt":"2026-01-29T13:44:11","guid":{"rendered":"https:\/\/kalinkamagazin.com\/product\/166-manteca-de-cerdo-de-altai-con-ajo-hervida-es\/"},"modified":"2026-01-29T17:10:22","modified_gmt":"2026-01-29T14:10:22","slug":"166-manteca-de-cerdo-de-altai-con-ajo-hervida-es","status":"publish","type":"product","link":"https:\/\/kalinkamagazin.com\/es\/product\/166-manteca-de-cerdo-de-altai-con-ajo-hervida-es\/","title":{"rendered":"Manteca de cerdo de Altai con ajo, hervida"},"content":{"rendered":"<p>Panceta de cerdo, salada, cocinada a punto. Ingredientes: Panceta de cerdo, sal de mesa, especias, jarabe de glucosa, estabilizante: trifosfato, aislado de prote\u00edna de soja, espesantes: (E407a, E415), antioxidantes: ascorbato s\u00f3dico, especias, aromas. <!--NWT-Text-->Valor nutricional por 100 g: Valor energ\u00e9tico: 2080 kJ \/ 504 kcal, Grasas: 49 g, de las cuales saturadas: 21 g, Hidratos de carbono: 1,0 g, de los cuales az\u00facares: <0,5 g, Prote\u00ednas: 15 g, Sal: 2,0 g, <!--NWT-Table--><\/p>\n<table>\n<tbody>\n<tr>\n<td colspan=\"2\">Valor nutricional por 100 g:<\/td>\n<\/tr>\n<tr>\n<td>Valor energ\u00e9tico:<\/td>\n<td align = \"right\">2080 kJ\/504 kcal<\/td>\n<\/tr>\n<tr>\n<td>Grasas:<\/td>\n<td align = \"right\">49 g<\/td>\n<\/tr>\n<tr>\n<td>de las cuales saturadas:<\/td>\n<td align = \"right\">21 g<\/td>\n<\/tr>\n<tr>\n<td>Hidratos de carbono:<\/td>\n<td align = \"right\">1,0 g<\/td>\n<\/tr>\n<tr>\n<td>- de los cuales az\u00facares:<\/td>\n<td align = \"right\"><0,5 g<\/td>\n<\/tr>\n<tr>\n<td>Prote\u00ednas:<\/td>\n<td align = \"right\">15 g<\/td>\n<\/tr>\n<tr>\n<td>Sal:<\/td>\n<td align = \"right\">2,0 g<\/td>\n<\/tr>\n<\/tbody>\n<\/table>\n<p> <!--Bezeichnung-->Panceta de cerdo, salada, cocinada hasta que est\u00e9 hecha.<\/p>\n","protected":false},"excerpt":{"rendered":"<p>Panceta de cerdo, salada, cocinada a punto. Ingredientes: Panceta de cerdo, sal de mesa, especias, jarabe de glucosa, estabilizante: trifosfato, aislado de prote\u00edna de soja, espesantes: (E407a, E415), antioxidantes: ascorbato s\u00f3dico, especias, aromas. Valor nutricional por 100 g: Valor energ\u00e9tico: 2080 kJ \/ 504 kcal, Grasas: 49 g, de las cuales saturadas: 21 g, Hidratos [&hellip;]<\/p>\n","protected":false},"featured_media":955,"template":"","meta":{"inline_featured_image":false},"product_brand":[],"product_cat":[222,223],"product_tag":[],"class_list":{"0":"post-2211","1":"product","2":"type-product","3":"status-publish","4":"has-post-thumbnail","6":"product_cat-carne-y-productos-carnicos","7":"product_cat-embutidos-salchichas","9":"first","10":"instock","11":"shipping-taxable","12":"purchasable","13":"product-type-simple"},"acf":[],"_links":{"self":[{"href":"https:\/\/kalinkamagazin.com\/es\/wp-json\/wp\/v2\/product\/2211","targetHints":{"allow":["GET"]}}],"collection":[{"href":"https:\/\/kalinkamagazin.com\/es\/wp-json\/wp\/v2\/product"}],"about":[{"href":"https:\/\/kalinkamagazin.com\/es\/wp-json\/wp\/v2\/types\/product"}],"wp:featuredmedia":[{"embeddable":true,"href":"https:\/\/kalinkamagazin.com\/es\/wp-json\/wp\/v2\/media\/955"}],"wp:attachment":[{"href":"https:\/\/kalinkamagazin.com\/es\/wp-json\/wp\/v2\/media?parent=2211"}],"wp:term":[{"taxonomy":"product_brand","embeddable":true,"href":"https:\/\/kalinkamagazin.com\/es\/wp-json\/wp\/v2\/product_brand?post=2211"},{"taxonomy":"product_cat","embeddable":true,"href":"https:\/\/kalinkamagazin.com\/es\/wp-json\/wp\/v2\/product_cat?post=2211"},{"taxonomy":"product_tag","embeddable":true,"href":"https:\/\/kalinkamagazin.com\/es\/wp-json\/wp\/v2\/product_tag?post=2211"}],"curies":[{"name":"wp","href":"https:\/\/api.w.org\/{rel}","templated":true}]}}