{"id":2224,"date":"2026-01-29T16:42:40","date_gmt":"2026-01-29T13:42:40","guid":{"rendered":"https:\/\/kalinkamagazin.com\/product\/4898-kvas-1500-ml-es\/"},"modified":"2026-01-29T17:08:46","modified_gmt":"2026-01-29T14:08:46","slug":"4898-kvas-1500-ml-es","status":"publish","type":"product","link":"https:\/\/kalinkamagazin.com\/es\/product\/4898-kvas-1500-ml-es\/","title":{"rendered":"Kvas, 1500 ml"},"content":{"rendered":"<p>Kvas parcialmente fermentado. \"Ochakovsky\" con az\u00facar y edulcorante. 1,5 l. Ingredientes: agua potable, az\u00facar, malta de centeno, harina de centeno, jarabe de fructosa, edulcorantes (E952, E950, E954), levadura. Servir fr\u00edo. Conservar en un lugar fresco y oscuro. Una vez abierto, refrigerar y consumir lo antes posible. La vida \u00fatil m\u00ednima en un envase sin abrir es de hasta: ver el cuello de la botella, segunda l\u00ednea. Ventas: Lackmann Fleisch- und Feinkostfabrik GmbH, Carl Benz Stra\u00dfe 10, 77731 Willst\u00e4tt, Alemania. Contiene trazas de: grasas, incluidos \u00e1cidos grasos saturados, clara de huevo, sal. <!--NWT-Text-->Valor nutricional por 100 g: Valor energ\u00e9tico: 68 kJ \/ 16 kcal, Grasas: 0 g, de las cuales \u00e1cidos grasos saturados: 0 g, Hidratos de carbono: 4,0 g, de los cuales az\u00facares: 4,0 g, Prote\u00ednas: 0 g, Sal: 0 g, <!--NWT-Table--><\/p>\n<table>\n<tbody>\n<tr>\n<td colspan=\"2\">Valor nutricional por 100 g:<\/td>\n<\/tr>\n<tr>\n<td>Valor energ\u00e9tico:<\/td>\n<td align = \"right\">68 kJ\/16 kcal<\/td>\n<\/tr>\n<tr>\n<td>Grasas:<\/td>\n<td align = \"right\">0 g<\/td>\n<\/tr>\n<tr>\n<td>de los cuales \u00e1cidos grasos saturados:<\/td>\n<td align = \"right\">0 g<\/td>\n<\/tr>\n<tr>\n<td>Hidratos de carbono:<\/td>\n<td align = \"right\">4,0 g<\/td>\n<\/tr>\n<tr>\n<td>- de los cuales az\u00facares:<\/td>\n<td align = \"right\">4,0 g<\/td>\n<\/tr>\n<tr>\n<td>Prote\u00ednas:<\/td>\n<td align = \"right\">0 g<\/td>\n<\/tr>\n<tr>\n<td>Sal:<\/td>\n<td align = \"right\">0 g<\/td>\n<\/tr>\n<\/tbody>\n<\/table>\n<p> <!--Bezeichnung-->Kvas parcialmente fermentado. \"Ochakovsky\" con az\u00facar y edulcorante.<\/p>\n","protected":false},"excerpt":{"rendered":"<p>Kvas parcialmente fermentado. \"Ochakovsky\" con az\u00facar y edulcorante. 1,5 l. Ingredientes: agua potable, az\u00facar, malta de centeno, harina de centeno, jarabe de fructosa, edulcorantes (E952, E950, E954), levadura. Servir fr\u00edo. Conservar en un lugar fresco y oscuro. Una vez abierto, refrigerar y consumir lo antes posible. La vida \u00fatil m\u00ednima en un envase sin abrir [&hellip;]<\/p>\n","protected":false},"featured_media":1135,"template":"","meta":{"inline_featured_image":false},"product_brand":[],"product_cat":[227,231],"product_tag":[],"class_list":{"0":"post-2224","1":"product","2":"type-product","3":"status-publish","4":"has-post-thumbnail","6":"product_cat-bebidas","7":"product_cat-kvas-bebida-fermentada","9":"first","10":"instock","11":"shipping-taxable","12":"purchasable","13":"product-type-simple"},"acf":[],"_links":{"self":[{"href":"https:\/\/kalinkamagazin.com\/es\/wp-json\/wp\/v2\/product\/2224","targetHints":{"allow":["GET"]}}],"collection":[{"href":"https:\/\/kalinkamagazin.com\/es\/wp-json\/wp\/v2\/product"}],"about":[{"href":"https:\/\/kalinkamagazin.com\/es\/wp-json\/wp\/v2\/types\/product"}],"wp:featuredmedia":[{"embeddable":true,"href":"https:\/\/kalinkamagazin.com\/es\/wp-json\/wp\/v2\/media\/1135"}],"wp:attachment":[{"href":"https:\/\/kalinkamagazin.com\/es\/wp-json\/wp\/v2\/media?parent=2224"}],"wp:term":[{"taxonomy":"product_brand","embeddable":true,"href":"https:\/\/kalinkamagazin.com\/es\/wp-json\/wp\/v2\/product_brand?post=2224"},{"taxonomy":"product_cat","embeddable":true,"href":"https:\/\/kalinkamagazin.com\/es\/wp-json\/wp\/v2\/product_cat?post=2224"},{"taxonomy":"product_tag","embeddable":true,"href":"https:\/\/kalinkamagazin.com\/es\/wp-json\/wp\/v2\/product_tag?post=2224"}],"curies":[{"name":"wp","href":"https:\/\/api.w.org\/{rel}","templated":true}]}}