{"id":2228,"date":"2026-01-29T16:42:25","date_gmt":"2026-01-29T13:42:25","guid":{"rendered":"https:\/\/kalinkamagazin.com\/product\/2340-compota-de-cerezas-de-cornalina-con-frutas-enteras-es\/"},"modified":"2026-01-29T17:08:32","modified_gmt":"2026-01-29T14:08:32","slug":"2340-compota-de-cerezas-de-cornalina-con-frutas-enteras-es","status":"publish","type":"product","link":"https:\/\/kalinkamagazin.com\/es\/product\/2340-compota-de-cerezas-de-cornalina-con-frutas-enteras-es\/","title":{"rendered":"Compota de cerezas de cornalina con frutas enteras"},"content":{"rendered":"<p>Compota de cornalina con 17 % de fruta entera. 1 l. Ingredientes: agua potable, cornalina, az\u00facar, corrector de acidez (\u00e1cido c\u00edtrico). Conservar en un lugar fresco y seco. Una vez abierto, refrigerar y consumir r\u00e1pidamente. Distribuci\u00f3n: Lackmann Fleisch- und Feinkostfabrik GmbH, Carl Benz Stra\u00dfe 10, 77731 Willst\u00e4tt, Alemania. La vida \u00fatil m\u00ednima en envases sin abrir es: ver lateral de la lata, segunda l\u00ednea. <!--NWT-Text-->Valor nutricional por 100 g: Valor energ\u00e9tico: 242 kJ \/ 58 kcal, Grasas: 0 g, de las cuales \u00e1cidos grasos saturados: 0 g, Hidratos de carbono: 15 g, de los cuales az\u00facares: 12 g, Prote\u00ednas: 0 g, Sal: 0 g, <!--NWT-Table--><\/p>\n<table>\n<tbody>\n<tr>\n<td colspan=\"2\">Valor nutricional por 100 g:<\/td>\n<\/tr>\n<tr>\n<td>Valor energ\u00e9tico:<\/td>\n<td align = \"right\">242 kJ\/58 kcal<\/td>\n<\/tr>\n<tr>\n<td>Grasas:<\/td>\n<td align = \"right\">0 g<\/td>\n<\/tr>\n<tr>\n<td>de los cuales \u00e1cidos grasos saturados:<\/td>\n<td align = \"right\">0g<\/td>\n<\/tr>\n<tr>\n<td>Hidratos de carbono:<\/td>\n<td align = \"right\">15g<\/td>\n<\/tr>\n<tr>\n<td>- de los cuales az\u00facares:<\/td>\n<td align = \"right\">12g<\/td>\n<\/tr>\n<tr>\n<td>Prote\u00ednas:<\/td>\n<td align = \"right\">0g<\/td>\n<\/tr>\n<tr>\n<td>Sal:<\/td>\n<td align = \"right\">0g<\/td>\n<\/tr>\n<\/tbody>\n<\/table>\n<p> <!--Bezeichnung-->Compota de cornejo con 17% de fruta entera. .<\/p>\n","protected":false},"excerpt":{"rendered":"<p>Compota de cornalina con 17 % de fruta entera. 1 l. Ingredientes: agua potable, cornalina, az\u00facar, corrector de acidez (\u00e1cido c\u00edtrico). Conservar en un lugar fresco y seco. Una vez abierto, refrigerar y consumir r\u00e1pidamente. Distribuci\u00f3n: Lackmann Fleisch- und Feinkostfabrik GmbH, Carl Benz Stra\u00dfe 10, 77731 Willst\u00e4tt, Alemania. La vida \u00fatil m\u00ednima en envases sin [&hellip;]<\/p>\n","protected":false},"featured_media":1150,"template":"","meta":{"inline_featured_image":false},"product_brand":[],"product_cat":[227,228],"product_tag":[],"class_list":{"0":"post-2228","1":"product","2":"type-product","3":"status-publish","4":"has-post-thumbnail","6":"product_cat-bebidas","7":"product_cat-compotas-zumos-jugos","9":"first","10":"instock","11":"shipping-taxable","12":"purchasable","13":"product-type-simple"},"acf":[],"_links":{"self":[{"href":"https:\/\/kalinkamagazin.com\/es\/wp-json\/wp\/v2\/product\/2228","targetHints":{"allow":["GET"]}}],"collection":[{"href":"https:\/\/kalinkamagazin.com\/es\/wp-json\/wp\/v2\/product"}],"about":[{"href":"https:\/\/kalinkamagazin.com\/es\/wp-json\/wp\/v2\/types\/product"}],"wp:featuredmedia":[{"embeddable":true,"href":"https:\/\/kalinkamagazin.com\/es\/wp-json\/wp\/v2\/media\/1150"}],"wp:attachment":[{"href":"https:\/\/kalinkamagazin.com\/es\/wp-json\/wp\/v2\/media?parent=2228"}],"wp:term":[{"taxonomy":"product_brand","embeddable":true,"href":"https:\/\/kalinkamagazin.com\/es\/wp-json\/wp\/v2\/product_brand?post=2228"},{"taxonomy":"product_cat","embeddable":true,"href":"https:\/\/kalinkamagazin.com\/es\/wp-json\/wp\/v2\/product_cat?post=2228"},{"taxonomy":"product_tag","embeddable":true,"href":"https:\/\/kalinkamagazin.com\/es\/wp-json\/wp\/v2\/product_tag?post=2228"}],"curies":[{"name":"wp","href":"https:\/\/api.w.org\/{rel}","templated":true}]}}