{"id":2229,"date":"2026-01-29T16:42:22","date_gmt":"2026-01-29T13:42:22","guid":{"rendered":"https:\/\/kalinkamagazin.com\/product\/2342-berenjenas-peladas-con-verduras-a-la-parrilla-ensalada-mangal-al-estilo-caucbsico-es\/"},"modified":"2026-01-29T17:08:27","modified_gmt":"2026-01-29T14:08:27","slug":"2342-berenjenas-peladas-con-verduras-a-la-parrilla-ensalada-mangal-al-estilo-caucbsico-es","status":"publish","type":"product","link":"https:\/\/kalinkamagazin.com\/es\/product\/2342-berenjenas-peladas-con-verduras-a-la-parrilla-ensalada-mangal-al-estilo-caucbsico-es\/","title":{"rendered":"Berenjenas peladas con verduras a la parrilla (ensalada Mangal) al estilo cauc\u0431sico"},"content":{"rendered":"<p>Berenjenas peladas, horneadas y picadas, con verduras y hierbas. \"Ensalada Mangal\". Ingredientes: berenjenas (65%), pur\u00e9 de tomate (17%), cebolla (8%), piment\u00f3n verde, sal, aceite de girasol, hierbas y especias (0,7%) (perejil, eneldo, romero, pimienta de Jamaica molida). Conservar en un lugar fresco y seco. Consumir preferentemente antes del: ver lateral del envase, segunda l\u00ednea. Distribuci\u00f3n: Lackmann Fleisch- und Feinkostfabrik GmbH, Carl-Benz-Stra\u00dfe 10, 77731 Willst\u00e4tt, Alemania. <!--NWT-Text-->Valor nutricional por 100 g: Valor energ\u00e9tico: 253 kJ \/ 61 kcal, Grasas: 8,0 g, de las cuales saturadas: 2,5 g, Hidratos de carbono: 6,5 g, de los cuales az\u00facares: 4,0 g, Prote\u00ednas: 3,0 g, Sal: 0,80 g, <!--NWT-Table--><\/p>\n<table>\n<tbody>\n<tr>\n<td colspan=\"2\">Valor nutricional por 100 g:<\/td>\n<\/tr>\n<tr>\n<td>Valor energ\u00e9tico:<\/td>\n<td align = \"right\">253 kJ\/61 kcal<\/td>\n<\/tr>\n<tr>\n<td>Grasas:<\/td>\n<td align = \"right\">8,0 g<\/td>\n<\/tr>\n<tr>\n<td>de las cuales saturadas:<\/td>\n<td align = \"right\">2,5 g<\/td>\n<\/tr>\n<tr>\n<td>Hidratos de carbono:<\/td>\n<td align = \"right\">6,5 g<\/td>\n<\/tr>\n<tr>\n<td>- de los cuales az\u00facares:<\/td>\n<td align = \"right\">4,0 g<\/td>\n<\/tr>\n<tr>\n<td>Prote\u00ednas:<\/td>\n<td align = \"right\">3,0 g<\/td>\n<\/tr>\n<tr>\n<td>Sal:<\/td>\n<td align = \"right\">0,80 g<\/td>\n<\/tr>\n<\/tbody>\n<\/table>\n<p> <!--Bezeichnung-->Berenjenas peladas, horneadas, picadas, con verduras y hierbas. \"Ensalada Mangal\".<\/p>\n","protected":false},"excerpt":{"rendered":"<p>Berenjenas peladas, horneadas y picadas, con verduras y hierbas. \"Ensalada Mangal\". Ingredientes: berenjenas (65%), pur\u00e9 de tomate (17%), cebolla (8%), piment\u00f3n verde, sal, aceite de girasol, hierbas y especias (0,7%) (perejil, eneldo, romero, pimienta de Jamaica molida). Conservar en un lugar fresco y seco. Consumir preferentemente antes del: ver lateral del envase, segunda l\u00ednea. Distribuci\u00f3n: [&hellip;]<\/p>\n","protected":false},"featured_media":1153,"template":"","meta":{"inline_featured_image":false},"product_brand":[],"product_cat":[195,198],"product_tag":[],"class_list":{"0":"post-2229","1":"product","2":"type-product","3":"status-publish","4":"has-post-thumbnail","6":"product_cat-conservas","7":"product_cat-conservas-otros","9":"first","10":"instock","11":"shipping-taxable","12":"purchasable","13":"product-type-simple"},"acf":[],"_links":{"self":[{"href":"https:\/\/kalinkamagazin.com\/es\/wp-json\/wp\/v2\/product\/2229","targetHints":{"allow":["GET"]}}],"collection":[{"href":"https:\/\/kalinkamagazin.com\/es\/wp-json\/wp\/v2\/product"}],"about":[{"href":"https:\/\/kalinkamagazin.com\/es\/wp-json\/wp\/v2\/types\/product"}],"wp:featuredmedia":[{"embeddable":true,"href":"https:\/\/kalinkamagazin.com\/es\/wp-json\/wp\/v2\/media\/1153"}],"wp:attachment":[{"href":"https:\/\/kalinkamagazin.com\/es\/wp-json\/wp\/v2\/media?parent=2229"}],"wp:term":[{"taxonomy":"product_brand","embeddable":true,"href":"https:\/\/kalinkamagazin.com\/es\/wp-json\/wp\/v2\/product_brand?post=2229"},{"taxonomy":"product_cat","embeddable":true,"href":"https:\/\/kalinkamagazin.com\/es\/wp-json\/wp\/v2\/product_cat?post=2229"},{"taxonomy":"product_tag","embeddable":true,"href":"https:\/\/kalinkamagazin.com\/es\/wp-json\/wp\/v2\/product_tag?post=2229"}],"curies":[{"name":"wp","href":"https:\/\/api.w.org\/{rel}","templated":true}]}}