{"id":2232,"date":"2026-01-29T16:42:18","date_gmt":"2026-01-29T13:42:18","guid":{"rendered":"https:\/\/kalinkamagazin.com\/product\/2371-palitos-de-manz-con-sabor-a-leche-es\/"},"modified":"2026-01-29T17:08:22","modified_gmt":"2026-01-29T14:08:22","slug":"2371-palitos-de-manz-con-sabor-a-leche-es","status":"publish","type":"product","link":"https:\/\/kalinkamagazin.com\/es\/product\/2371-palitos-de-manz-con-sabor-a-leche-es\/","title":{"rendered":"Palitos de ma\u043dz con sabor a leche"},"content":{"rendered":"<p>Palitos de ma\u00edz, dulces con sabor a leche. Ingredientes: 65% s\u00e9mola de ma\u00edz, az\u00facar, aceite de colza, aroma. Conservar en un lugar fresco y seco. Proteger de la luz solar directa. Distribuci\u00f3n: Lackmann Fleisch- und Feinkostfabrik GmbH, Carl Benz Stra\u00dfe 10, 77731 Willst\u00e4tt, Alemania. Consumir preferentemente antes del: <!--NWT-Text-->Valor nutricional por 100 g: Valor energ\u00e9tico: 2495 kJ \/ 596 kcal, Grasas: 31 g, de las cuales saturadas: 1,4 g, Hidratos de carbono: 75 g, de los cuales az\u00facares: 4,3 g, Prote\u00ednas: 4,3 g, Sal: 0,08 g, <!--NWT-Table--><\/p>\n<table>\n<tbody>\n<tr>\n<td colspan=\"2\">Valor nutricional por 100 g:<\/td>\n<\/tr>\n<tr>\n<td>Valor energ\u00e9tico:<\/td>\n<td align = \"right\">2495 kJ\/596 kcal<\/td>\n<\/tr>\n<tr>\n<td>Grasas:<\/td>\n<td align = \"right\">31 g<\/td>\n<\/tr>\n<tr>\n<td>de las cuales saturadas: \u00c1cidos grasos:<\/td>\n<td align = \"right\">1,4 g<\/td>\n<\/tr>\n<tr>\n<td>Hidratos de carbono:<\/td>\n<td align = \"right\">75 g<\/td>\n<\/tr>\n<tr>\n<td>- de los cuales az\u00facares:<\/td>\n<td align = \"right\">4,3 g<\/td>\n<\/tr>\n<tr>\n<td>Prote\u00ednas:<\/td>\n<td align = \"right\">4,3 g<\/td>\n<\/tr>\n<tr>\n<td>Sal:<\/td>\n<td align = \"right\">0,08 g<\/td>\n<\/tr>\n<\/tbody>\n<\/table>\n<p> <!--Bezeichnung-->Palitos de ma\u00edz, dulces con sabor a leche. .<\/p>\n","protected":false},"excerpt":{"rendered":"<p>Palitos de ma\u00edz, dulces con sabor a leche. Ingredientes: 65% s\u00e9mola de ma\u00edz, az\u00facar, aceite de colza, aroma. Conservar en un lugar fresco y seco. Proteger de la luz solar directa. Distribuci\u00f3n: Lackmann Fleisch- und Feinkostfabrik GmbH, Carl Benz Stra\u00dfe 10, 77731 Willst\u00e4tt, Alemania. Consumir preferentemente antes del: Valor nutricional por 100 g: Valor energ\u00e9tico: [&hellip;]<\/p>\n","protected":false},"featured_media":1162,"template":"","meta":{"inline_featured_image":false},"product_brand":[],"product_cat":[238,242],"product_tag":[],"class_list":{"0":"post-2232","1":"product","2":"type-product","3":"status-publish","4":"has-post-thumbnail","6":"product_cat-dulces-y-reposteria","7":"product_cat-productos-de-confiteria","9":"first","10":"instock","11":"shipping-taxable","12":"purchasable","13":"product-type-simple"},"acf":[],"_links":{"self":[{"href":"https:\/\/kalinkamagazin.com\/es\/wp-json\/wp\/v2\/product\/2232","targetHints":{"allow":["GET"]}}],"collection":[{"href":"https:\/\/kalinkamagazin.com\/es\/wp-json\/wp\/v2\/product"}],"about":[{"href":"https:\/\/kalinkamagazin.com\/es\/wp-json\/wp\/v2\/types\/product"}],"wp:featuredmedia":[{"embeddable":true,"href":"https:\/\/kalinkamagazin.com\/es\/wp-json\/wp\/v2\/media\/1162"}],"wp:attachment":[{"href":"https:\/\/kalinkamagazin.com\/es\/wp-json\/wp\/v2\/media?parent=2232"}],"wp:term":[{"taxonomy":"product_brand","embeddable":true,"href":"https:\/\/kalinkamagazin.com\/es\/wp-json\/wp\/v2\/product_brand?post=2232"},{"taxonomy":"product_cat","embeddable":true,"href":"https:\/\/kalinkamagazin.com\/es\/wp-json\/wp\/v2\/product_cat?post=2232"},{"taxonomy":"product_tag","embeddable":true,"href":"https:\/\/kalinkamagazin.com\/es\/wp-json\/wp\/v2\/product_tag?post=2232"}],"curies":[{"name":"wp","href":"https:\/\/api.w.org\/{rel}","templated":true}]}}