{"id":2234,"date":"2025-10-20T03:50:43","date_gmt":"2025-10-20T00:50:43","guid":{"rendered":"https:\/\/kalinkamagazin.com\/product\/2385-palitos-de-manz-ruzik-es\/"},"modified":"2025-10-20T03:50:43","modified_gmt":"2025-10-20T00:50:43","slug":"2385-palitos-de-manz-ruzik-es","status":"publish","type":"product","link":"https:\/\/kalinkamagazin.com\/es\/product\/2385-palitos-de-manz-ruzik-es\/","title":{"rendered":"Palitos de ma\u043dz \"Ruzik\""},"content":{"rendered":"<p>Ingredientes: s\u00e9mola de ma\u00edz, az\u00facar, aceite de girasol, sal, aromatizante, agua potable. Puede contener: leche. Conservar en un lugar fresco y seco. La fecha de caducidad en el envase sin abrir es la siguiente: en la segunda l\u00ednea del reverso. Distribuci\u00f3n: Lackmann Fleisch- und Feinkostfabrik GmbH, Carl Benz Stra\u00dfe 10, 77731 Willst\u00e4tt, Alemania. <!--NWT-Text-->Valor nutricional por 100 g: Valor energ\u00e9tico: 1741 kJ \/ 416 kcal, Grasas: 13 g, de las cuales saturadas: 2,0 g, Hidratos de carbono: 71 g, de los cuales az\u00facares: 18 g, Prote\u00ednas: 4,3 g, Sal: 0,50 g, <!--NWT-Table--><\/p>\n<table>\n<tbody>\n<tr>\n<td colspan=\"2\">Valor nutricional por 100 g:<\/td>\n<\/tr>\n<tr>\n<td>Valor energ\u00e9tico:<\/td>\n<td align = \"right\">1741 kJ\/416 kcal<\/td>\n<\/tr>\n<tr>\n<td>Grasas:<\/td>\n<td align = \"right\">13 g<\/td>\n<\/tr>\n<tr>\n<td>de las cuales saturadas: \u00c1cidos:<\/td>\n<td align = \"right\">2,0 g<\/td>\n<\/tr>\n<tr>\n<td>Hidratos de carbono:<\/td>\n<td align = \"right\">71 g<\/td>\n<\/tr>\n<tr>\n<td>- de los cuales az\u00facares:<\/td>\n<td align = \"right\">18 g<\/td>\n<\/tr>\n<tr>\n<td>Prote\u00ednas:<\/td>\n<td align = \"right\">4,3 g<\/td>\n<\/tr>\n<tr>\n<td>Sal:<\/td>\n<td align = \"right\">0,50 g<\/td>\n<\/tr>\n<\/tbody>\n<\/table>\n<p> <!--Bezeichnung--><\/p>\n","protected":false},"excerpt":{"rendered":"<p>Ingredientes: s\u00e9mola de ma\u00edz, az\u00facar, aceite de girasol, sal, aromatizante, agua potable. Puede contener: leche. Conservar en un lugar fresco y seco. La fecha de caducidad en el envase sin abrir es la siguiente: en la segunda l\u00ednea del reverso. Distribuci\u00f3n: Lackmann Fleisch- und Feinkostfabrik GmbH, Carl Benz Stra\u00dfe 10, 77731 Willst\u00e4tt, Alemania. Valor nutricional [&hellip;]<\/p>\n","protected":false},"featured_media":1168,"template":"","meta":{"inline_featured_image":false},"product_brand":[],"product_cat":[238,242],"product_tag":[],"class_list":{"0":"post-2234","1":"product","2":"type-product","3":"status-publish","4":"has-post-thumbnail","6":"product_cat-dulces-y-reposteria","7":"product_cat-productos-de-confiteria","9":"first","10":"instock","11":"shipping-taxable","12":"purchasable","13":"product-type-simple"},"acf":[],"_links":{"self":[{"href":"https:\/\/kalinkamagazin.com\/es\/wp-json\/wp\/v2\/product\/2234","targetHints":{"allow":["GET"]}}],"collection":[{"href":"https:\/\/kalinkamagazin.com\/es\/wp-json\/wp\/v2\/product"}],"about":[{"href":"https:\/\/kalinkamagazin.com\/es\/wp-json\/wp\/v2\/types\/product"}],"wp:featuredmedia":[{"embeddable":true,"href":"https:\/\/kalinkamagazin.com\/es\/wp-json\/wp\/v2\/media\/1168"}],"wp:attachment":[{"href":"https:\/\/kalinkamagazin.com\/es\/wp-json\/wp\/v2\/media?parent=2234"}],"wp:term":[{"taxonomy":"product_brand","embeddable":true,"href":"https:\/\/kalinkamagazin.com\/es\/wp-json\/wp\/v2\/product_brand?post=2234"},{"taxonomy":"product_cat","embeddable":true,"href":"https:\/\/kalinkamagazin.com\/es\/wp-json\/wp\/v2\/product_cat?post=2234"},{"taxonomy":"product_tag","embeddable":true,"href":"https:\/\/kalinkamagazin.com\/es\/wp-json\/wp\/v2\/product_tag?post=2234"}],"curies":[{"name":"wp","href":"https:\/\/api.w.org\/{rel}","templated":true}]}}