{"id":2236,"date":"2026-01-29T16:42:10","date_gmt":"2026-01-29T13:42:10","guid":{"rendered":"https:\/\/kalinkamagazin.com\/product\/2388-crutones-de-mostaza-ageevskie-es\/"},"modified":"2026-01-29T17:08:14","modified_gmt":"2026-01-29T14:08:14","slug":"2388-crutones-de-mostaza-ageevskie-es","status":"publish","type":"product","link":"https:\/\/kalinkamagazin.com\/es\/product\/2388-crutones-de-mostaza-ageevskie-es\/","title":{"rendered":"Crutones de mostaza Ageevskie"},"content":{"rendered":"<p>Bizcochos con sabor a mostaza. Ingredientes: harina de trigo, az\u00facar, aceite de mostaza, levadura, sal de mesa, aroma. Conservar en un lugar fresco y seco. Consumir preferentemente antes: ver pie de imprenta, segunda l\u00ednea. Distribuci\u00f3n: Lackmann Fleisch- und Feinkostfabrik GmbH, Carl Benz Stra\u00dfe 10, 77731 Willst\u00e4tt, Alemania. <!--NWT-Text-->Valor nutricional por 100 g: Valor energ\u00e9tico: 1630 kJ \/ 390 kcal, Grasas: 5,5 g, de las cuales saturadas: 0,2 g, Hidratos de carbono: 75 g, de los cuales az\u00facares: 11 g, Prote\u00ednas: 10 g, Sal: 0,80 g, <!--NWT-Table--><\/p>\n<table>\n<tbody>\n<tr>\n<td colspan=\"2\">Valor nutricional por 100 g:<\/td>\n<\/tr>\n<tr>\n<td>Valor energ\u00e9tico:<\/td>\n<td align = \"right\">1630 kJ\/390 kcal<\/td>\n<\/tr>\n<tr>\n<td>Grasas:<\/td>\n<td align = \"right\">5,5 g<\/td>\n<\/tr>\n<tr>\n<td>de las cuales saturadas:<\/td>\n<td align = \"right\">0,2 g<\/td>\n<\/tr>\n<tr>\n<td>Hidratos de carbono:<\/td>\n<td align = \"right\">75 g<\/td>\n<\/tr>\n<tr>\n<td>- de los cuales az\u00facares:<\/td>\n<td align = \"right\">11 g<\/td>\n<\/tr>\n<tr>\n<td>Prote\u00ednas:<\/td>\n<td align = \"right\">10 g<\/td>\n<\/tr>\n<tr>\n<td>Sal:<\/td>\n<td align = \"right\">0,80 g<\/td>\n<\/tr>\n<\/tbody>\n<\/table>\n<p> <!--Bezeichnung-->Crutones con sabor a mostaza..<\/p>\n","protected":false},"excerpt":{"rendered":"<p>Bizcochos con sabor a mostaza. Ingredientes: harina de trigo, az\u00facar, aceite de mostaza, levadura, sal de mesa, aroma. Conservar en un lugar fresco y seco. Consumir preferentemente antes: ver pie de imprenta, segunda l\u00ednea. Distribuci\u00f3n: Lackmann Fleisch- und Feinkostfabrik GmbH, Carl Benz Stra\u00dfe 10, 77731 Willst\u00e4tt, Alemania. Valor nutricional por 100 g: Valor energ\u00e9tico: 1630 [&hellip;]<\/p>\n","protected":false},"featured_media":1174,"template":"","meta":{"inline_featured_image":false},"product_brand":[],"product_cat":[238,242],"product_tag":[],"class_list":{"0":"post-2236","1":"product","2":"type-product","3":"status-publish","4":"has-post-thumbnail","6":"product_cat-dulces-y-reposteria","7":"product_cat-productos-de-confiteria","9":"first","10":"instock","11":"shipping-taxable","12":"purchasable","13":"product-type-simple"},"acf":[],"_links":{"self":[{"href":"https:\/\/kalinkamagazin.com\/es\/wp-json\/wp\/v2\/product\/2236","targetHints":{"allow":["GET"]}}],"collection":[{"href":"https:\/\/kalinkamagazin.com\/es\/wp-json\/wp\/v2\/product"}],"about":[{"href":"https:\/\/kalinkamagazin.com\/es\/wp-json\/wp\/v2\/types\/product"}],"wp:featuredmedia":[{"embeddable":true,"href":"https:\/\/kalinkamagazin.com\/es\/wp-json\/wp\/v2\/media\/1174"}],"wp:attachment":[{"href":"https:\/\/kalinkamagazin.com\/es\/wp-json\/wp\/v2\/media?parent=2236"}],"wp:term":[{"taxonomy":"product_brand","embeddable":true,"href":"https:\/\/kalinkamagazin.com\/es\/wp-json\/wp\/v2\/product_brand?post=2236"},{"taxonomy":"product_cat","embeddable":true,"href":"https:\/\/kalinkamagazin.com\/es\/wp-json\/wp\/v2\/product_cat?post=2236"},{"taxonomy":"product_tag","embeddable":true,"href":"https:\/\/kalinkamagazin.com\/es\/wp-json\/wp\/v2\/product_tag?post=2236"}],"curies":[{"name":"wp","href":"https:\/\/api.w.org\/{rel}","templated":true}]}}