{"id":2237,"date":"2026-01-29T16:41:50","date_gmt":"2026-01-29T13:41:50","guid":{"rendered":"https:\/\/kalinkamagazin.com\/product\/2699-agua-mineral-borjomi-pet-1000-ml-es\/"},"modified":"2026-01-29T17:07:51","modified_gmt":"2026-01-29T14:07:51","slug":"2699-agua-mineral-borjomi-pet-1000-ml-es","status":"publish","type":"product","link":"https:\/\/kalinkamagazin.com\/es\/product\/2699-agua-mineral-borjomi-pet-1000-ml-es\/","title":{"rendered":"Agua mineral Borjomi, PET, 1000 ml"},"content":{"rendered":"<p>Bebida carbonatada con sabor a pera. 0,5 l. Ingredientes: agua potable, az\u00facar, \u00e1cido carb\u00f3nico, extracto de pera, colorante: enfriador de az\u00facar, regulador de acidez: \u00e1cido c\u00edtrico. Conservar en un lugar fresco y seco. Proteger de la luz solar directa. La vida \u00fatil m\u00ednima sin abrir es hasta: ver el cuello de la botella, segunda l\u00ednea. Servir fr\u00edo. Una vez abierto, refrigerar y consumir lo antes posible. Ventas: Lackmann Fleisch- und Feinkostfabrik GmbH, Carl-Benz-Stra\u00dfe 10, 77731 Willst\u00e4tt, Alemania. <!--NWT-Text-->Valor nutricional por 100 g: Valor energ\u00e9tico: 221 kJ \/ 52 kcal, Grasas: 0 g, de las cuales \u00e1cidos grasos saturados: 0 g, Hidratos de carbono: 13 g, de los cuales az\u00facares: 13 g, Prote\u00ednas: 0 g, Sal: 0 g, <!--NWT-Table--><\/p>\n<table>\n<tbody>\n<tr>\n<td colspan=\"2\">Valor nutricional por 100 g:<\/td>\n<\/tr>\n<tr>\n<td>Valor energ\u00e9tico:<\/td>\n<td align = \"right\">221 kJ\/52 kcal<\/td>\n<\/tr>\n<tr>\n<td>Grasas:<\/td>\n<td align = \"right\">0 g<\/td>\n<\/tr>\n<tr>\n<td>de los cuales \u00e1cidos grasos saturados:<\/td>\n<td align = \"right\">0g<\/td>\n<\/tr>\n<tr>\n<td>Carbohidratos:<\/td>\n<td align = \"right\">13g<\/td>\n<\/tr>\n<tr>\n<td>- de los cuales az\u00facares:<\/td>\n<td align = \"right\">13g<\/td>\n<\/tr>\n<tr>\n<td>Prote\u00ednas:<\/td>\n<td align = \"right\">0g<\/td>\n<\/tr>\n<tr>\n<td>Sal:<\/td>\n<td align = \"right\">0g<\/td>\n<\/tr>\n<\/tbody>\n<\/table>\n<p> <!--Bezeichnung-->Bebida carbonatada con sabor a pera. .<\/p>\n","protected":false},"excerpt":{"rendered":"<p>Bebida carbonatada con sabor a pera. 0,5 l. Ingredientes: agua potable, az\u00facar, \u00e1cido carb\u00f3nico, extracto de pera, colorante: enfriador de az\u00facar, regulador de acidez: \u00e1cido c\u00edtrico. Conservar en un lugar fresco y seco. Proteger de la luz solar directa. La vida \u00fatil m\u00ednima sin abrir es hasta: ver el cuello de la botella, segunda l\u00ednea. [&hellip;]<\/p>\n","protected":false},"featured_media":1207,"template":"","meta":{"inline_featured_image":false},"product_brand":[],"product_cat":[229,227],"product_tag":[],"class_list":{"0":"post-2237","1":"product","2":"type-product","3":"status-publish","4":"has-post-thumbnail","6":"product_cat-agua-mineral-bebidas-gaseosas","7":"product_cat-bebidas","9":"first","10":"instock","11":"shipping-taxable","12":"purchasable","13":"product-type-simple"},"acf":[],"_links":{"self":[{"href":"https:\/\/kalinkamagazin.com\/es\/wp-json\/wp\/v2\/product\/2237","targetHints":{"allow":["GET"]}}],"collection":[{"href":"https:\/\/kalinkamagazin.com\/es\/wp-json\/wp\/v2\/product"}],"about":[{"href":"https:\/\/kalinkamagazin.com\/es\/wp-json\/wp\/v2\/types\/product"}],"wp:featuredmedia":[{"embeddable":true,"href":"https:\/\/kalinkamagazin.com\/es\/wp-json\/wp\/v2\/media\/1207"}],"wp:attachment":[{"href":"https:\/\/kalinkamagazin.com\/es\/wp-json\/wp\/v2\/media?parent=2237"}],"wp:term":[{"taxonomy":"product_brand","embeddable":true,"href":"https:\/\/kalinkamagazin.com\/es\/wp-json\/wp\/v2\/product_brand?post=2237"},{"taxonomy":"product_cat","embeddable":true,"href":"https:\/\/kalinkamagazin.com\/es\/wp-json\/wp\/v2\/product_cat?post=2237"},{"taxonomy":"product_tag","embeddable":true,"href":"https:\/\/kalinkamagazin.com\/es\/wp-json\/wp\/v2\/product_tag?post=2237"}],"curies":[{"name":"wp","href":"https:\/\/api.w.org\/{rel}","templated":true}]}}