{"id":2240,"date":"2026-01-29T16:41:39","date_gmt":"2026-01-29T13:41:39","guid":{"rendered":"https:\/\/kalinkamagazin.com\/product\/2694-vodka-zubrovka-elaborado-con-hierbas-y-tallos-375-500-ml-es\/"},"modified":"2026-01-29T17:07:40","modified_gmt":"2026-01-29T14:07:40","slug":"2694-vodka-zubrovka-elaborado-con-hierbas-y-tallos-375-500-ml-es","status":"publish","type":"product","link":"https:\/\/kalinkamagazin.com\/es\/product\/2694-vodka-zubrovka-elaborado-con-hierbas-y-tallos-375-500-ml-es\/","title":{"rendered":"Vodka Zubrovka elaborado con hierbas y tallos, 37,5%, 500 ml"},"content":{"rendered":"<p>alc. 37,5% vol. 0,5 litros. Conservar en un lugar fresco y seco. No recomendado su uso en mujeres embarazadas o lactantes, ni en ni\u00f1os menores de 18 a\u00f1os. Distribuci\u00f3n: Lackmann Fleisch- und Feinkostfabrik GmbH, Carl-Benz-Stra\u00dfe 10, 77731 Willst\u00e4tt, Alemania.<\/p>\n","protected":false},"excerpt":{"rendered":"<p>alc. 37,5% vol. 0,5 litros. Conservar en un lugar fresco y seco. No recomendado su uso en mujeres embarazadas o lactantes, ni en ni\u00f1os menores de 18 a\u00f1os. Distribuci\u00f3n: Lackmann Fleisch- und Feinkostfabrik GmbH, Carl-Benz-Stra\u00dfe 10, 77731 Willst\u00e4tt, Alemania.<\/p>\n","protected":false},"featured_media":1216,"template":"","meta":{"inline_featured_image":false},"product_brand":[],"product_cat":[179,181],"product_tag":[],"class_list":{"0":"post-2240","1":"product","2":"type-product","3":"status-publish","4":"has-post-thumbnail","6":"product_cat-bebidas-alcoholicas","7":"product_cat-vodka-es","9":"first","10":"instock","11":"shipping-taxable","12":"purchasable","13":"product-type-simple"},"acf":[],"_links":{"self":[{"href":"https:\/\/kalinkamagazin.com\/es\/wp-json\/wp\/v2\/product\/2240","targetHints":{"allow":["GET"]}}],"collection":[{"href":"https:\/\/kalinkamagazin.com\/es\/wp-json\/wp\/v2\/product"}],"about":[{"href":"https:\/\/kalinkamagazin.com\/es\/wp-json\/wp\/v2\/types\/product"}],"wp:featuredmedia":[{"embeddable":true,"href":"https:\/\/kalinkamagazin.com\/es\/wp-json\/wp\/v2\/media\/1216"}],"wp:attachment":[{"href":"https:\/\/kalinkamagazin.com\/es\/wp-json\/wp\/v2\/media?parent=2240"}],"wp:term":[{"taxonomy":"product_brand","embeddable":true,"href":"https:\/\/kalinkamagazin.com\/es\/wp-json\/wp\/v2\/product_brand?post=2240"},{"taxonomy":"product_cat","embeddable":true,"href":"https:\/\/kalinkamagazin.com\/es\/wp-json\/wp\/v2\/product_cat?post=2240"},{"taxonomy":"product_tag","embeddable":true,"href":"https:\/\/kalinkamagazin.com\/es\/wp-json\/wp\/v2\/product_tag?post=2240"}],"curies":[{"name":"wp","href":"https:\/\/api.w.org\/{rel}","templated":true}]}}