{"id":2243,"date":"2026-01-29T16:41:28","date_gmt":"2026-01-29T13:41:28","guid":{"rendered":"https:\/\/kalinkamagazin.com\/product\/2945-agua-mineral-borjomi-500-ml-es\/"},"modified":"2026-01-29T17:07:28","modified_gmt":"2026-01-29T14:07:28","slug":"2945-agua-mineral-borjomi-500-ml-es","status":"publish","type":"product","link":"https:\/\/kalinkamagazin.com\/es\/product\/2945-agua-mineral-borjomi-500-ml-es\/","title":{"rendered":"Agua mineral Borjomi, 500 ml"},"content":{"rendered":"<p>Caramelos de ciruela y glaseado con grasa de cacao. El producto se vende solo sin envasar. Ingredientes: ciruelas secas (ciruelas, conservante: E202) 42%, glaseado con grasa de cacao 38% (az\u00facar, grasas y aceites vegetales totalmente hidrogenados [palmiste, coco], cacao en polvo 15%, emulgente: lecitina (soja), aroma), producto de ciruela 17% (pur\u00e9 de ciruela, az\u00facar, espesante: E1422, conservante: E200), az\u00facar, jarabe de glucosa, aroma. Este producto puede contener trazas de: nueces, cacahuetes, almendras, sulfitos. Conservar en un lugar fresco y seco. Proteger de la luz solar directa. Mantener alejado de productos con olores fuertes. Valor nutricional por 100 g: fibra diet\u00e9tica: 6,6 g. Distribuci\u00f3n: Lackmann Fleisch- und Feinkostfabrik GmbH, Carl Benz Stra\u00dfe 10, 77731 Willst\u00e4tt, Alemania. Consumir preferentemente antes del: <!--NWT-Text-->Valor nutricional por 100 g: Valor energ\u00e9tico: 1577 kJ \/ 376 kcal, Grasas: 14 g, de las cuales saturadas: 12 g, Hidratos de carbono: 60 g, de los cuales az\u00facares: 59 g, Prote\u00ednas: 2,2 g, Sal: 0 g, <!--NWT-Table--><\/p>\n<table>\n<tbody>\n<tr>\n<td colspan=\"2\">Valor nutricional por 100 g:<\/td>\n<\/tr>\n<tr>\n<td>Valor energ\u00e9tico:<\/td>\n<td align = \"right\">1577 kJ\/376 kcal<\/td>\n<\/tr>\n<tr>\n<td>Grasas:<\/td>\n<td align = \"right\">14 g<\/td>\n<\/tr>\n<tr>\n<td>de las cuales saturadas:<\/td>\n<td align = \"right\">12 g<\/td>\n<\/tr>\n<tr>\n<td>Hidratos de carbono:<\/td>\n<td align = \"right\">60 g<\/td>\n<\/tr>\n<tr>\n<td>- de los cuales az\u00facares:<\/td>\n<td align = \"right\">59 g<\/td>\n<\/tr>\n<tr>\n<td>Prote\u00ednas:<\/td>\n<td align = \"right\">2,2 g<\/td>\n<\/tr>\n<tr>\n<td>Sal:<\/td>\n<td align = \"right\">0 g<\/td>\n<\/tr>\n<\/tbody>\n<\/table>\n<p> <!--Bezeichnung-->Caramelos de ciruela y glaseado graso con cacao. .<\/p>\n","protected":false},"excerpt":{"rendered":"<p>Caramelos de ciruela y glaseado con grasa de cacao. El producto se vende solo sin envasar. Ingredientes: ciruelas secas (ciruelas, conservante: E202) 42%, glaseado con grasa de cacao 38% (az\u00facar, grasas y aceites vegetales totalmente hidrogenados [palmiste, coco], cacao en polvo 15%, emulgente: lecitina (soja), aroma), producto de ciruela 17% (pur\u00e9 de ciruela, az\u00facar, espesante: [&hellip;]<\/p>\n","protected":false},"featured_media":1228,"template":"","meta":{"inline_featured_image":false},"product_brand":[],"product_cat":[229,227],"product_tag":[],"class_list":{"0":"post-2243","1":"product","2":"type-product","3":"status-publish","4":"has-post-thumbnail","6":"product_cat-agua-mineral-bebidas-gaseosas","7":"product_cat-bebidas","9":"first","10":"instock","11":"shipping-taxable","12":"purchasable","13":"product-type-simple"},"acf":[],"_links":{"self":[{"href":"https:\/\/kalinkamagazin.com\/es\/wp-json\/wp\/v2\/product\/2243","targetHints":{"allow":["GET"]}}],"collection":[{"href":"https:\/\/kalinkamagazin.com\/es\/wp-json\/wp\/v2\/product"}],"about":[{"href":"https:\/\/kalinkamagazin.com\/es\/wp-json\/wp\/v2\/types\/product"}],"wp:featuredmedia":[{"embeddable":true,"href":"https:\/\/kalinkamagazin.com\/es\/wp-json\/wp\/v2\/media\/1228"}],"wp:attachment":[{"href":"https:\/\/kalinkamagazin.com\/es\/wp-json\/wp\/v2\/media?parent=2243"}],"wp:term":[{"taxonomy":"product_brand","embeddable":true,"href":"https:\/\/kalinkamagazin.com\/es\/wp-json\/wp\/v2\/product_brand?post=2243"},{"taxonomy":"product_cat","embeddable":true,"href":"https:\/\/kalinkamagazin.com\/es\/wp-json\/wp\/v2\/product_cat?post=2243"},{"taxonomy":"product_tag","embeddable":true,"href":"https:\/\/kalinkamagazin.com\/es\/wp-json\/wp\/v2\/product_tag?post=2243"}],"curies":[{"name":"wp","href":"https:\/\/api.w.org\/{rel}","templated":true}]}}