{"id":2244,"date":"2026-01-29T16:41:25","date_gmt":"2026-01-29T13:41:25","guid":{"rendered":"https:\/\/kalinkamagazin.com\/product\/2947-agua-mineral-borjomi-pet-500-ml-es\/"},"modified":"2026-01-29T17:07:25","modified_gmt":"2026-01-29T14:07:25","slug":"2947-agua-mineral-borjomi-pet-500-ml-es","status":"publish","type":"product","link":"https:\/\/kalinkamagazin.com\/es\/product\/2947-agua-mineral-borjomi-pet-500-ml-es\/","title":{"rendered":"Agua mineral Borjomi, PET, 500 ml"},"content":{"rendered":"<p>Caramelos con sabor a chocolate con glaseado de chocolate con cacao (20%). El producto se vende solo sin envasar. Ingredientes: az\u00facar, glaseado graso con cacao (az\u00facar, grasas y aceites vegetales [palmiste]), cacao en polvo (13%), emulgente: lecitina de soja (E492), antioxidantes: E307, E300, aromas), jarabe de almid\u00f3n, grasas y aceites vegetales (palmiste), producto de suero de leche, cacao en polvo, regulador de humedad: E420, E422, sal, emulgentes: E471, E322 [soja], E492, gelificante: E407, antioxidantes: E307, E300, aromas. Este producto puede contener trazas de: <b>trigo,<\/b><b>huevos,<\/b><b>frutos secos,<\/b><b>cacahuetes.<\/b> Conservar en un lugar fresco y seco. Proteger de la luz solar directa. Distribuci\u00f3n: Lackmann Fleisch- und Feinkostfabrik GmbH, Carl Benz Stra\u00dfe 10, 77731 Willst\u00e4tt, Alemania. Consumir preferentemente antes del: dorso, fecha, \u00faltima fecha. <!--NWT-Text-->Valor nutricional por 100 g: Valor energ\u00e9tico: 2090 kJ \/ 500 kcal, Grasas: 23 g, de las cuales saturadas: 14 g, Hidratos de carbono: 68 g, de los cuales az\u00facares: 49 g, Prote\u00ednas: 3,0 g, Sal: 0,23 g, <!--NWT-Table--><\/p>\n<table>\n<tbody>\n<tr>\n<td colspan=\"2\">Valor nutricional por 100 g:<\/td>\n<\/tr>\n<tr>\n<td>Valor energ\u00e9tico:<\/td>\n<td align = \"right\">2090 kJ\/500 kcal<\/td>\n<\/tr>\n<tr>\n<td>Grasas:<\/td>\n<td align = \"right\">23 g<\/td>\n<\/tr>\n<tr>\n<td>de las cuales saturadas:<\/td>\n<td align = \"right\">14 g<\/td>\n<\/tr>\n<tr>\n<td>Hidratos de carbono:<\/td>\n<td align = \"right\">68 g<\/td>\n<\/tr>\n<tr>\n<td>- de los cuales az\u00facares:<\/td>\n<td align = \"right\">49 g<\/td>\n<\/tr>\n<tr>\n<td>Prote\u00ednas:<\/td>\n<td align = \"right\">3,0 g<\/td>\n<\/tr>\n<tr>\n<td>Sal:<\/td>\n<td align = \"right\">0,23 g<\/td>\n<\/tr>\n<\/tbody>\n<\/table>\n<p> <!--Bezeichnung-->Caramelos con sabor a chocolate en glaseado de chocolate con contenido de cacao (20%).<\/p>\n","protected":false},"excerpt":{"rendered":"<p>Caramelos con sabor a chocolate con glaseado de chocolate con cacao (20%). El producto se vende solo sin envasar. Ingredientes: az\u00facar, glaseado graso con cacao (az\u00facar, grasas y aceites vegetales [palmiste]), cacao en polvo (13%), emulgente: lecitina de soja (E492), antioxidantes: E307, E300, aromas), jarabe de almid\u00f3n, grasas y aceites vegetales (palmiste), producto de suero [&hellip;]<\/p>\n","protected":false},"featured_media":1231,"template":"","meta":{"inline_featured_image":false},"product_brand":[],"product_cat":[229,227],"product_tag":[],"class_list":{"0":"post-2244","1":"product","2":"type-product","3":"status-publish","4":"has-post-thumbnail","6":"product_cat-agua-mineral-bebidas-gaseosas","7":"product_cat-bebidas","9":"first","10":"instock","11":"shipping-taxable","12":"purchasable","13":"product-type-simple"},"acf":[],"_links":{"self":[{"href":"https:\/\/kalinkamagazin.com\/es\/wp-json\/wp\/v2\/product\/2244","targetHints":{"allow":["GET"]}}],"collection":[{"href":"https:\/\/kalinkamagazin.com\/es\/wp-json\/wp\/v2\/product"}],"about":[{"href":"https:\/\/kalinkamagazin.com\/es\/wp-json\/wp\/v2\/types\/product"}],"wp:featuredmedia":[{"embeddable":true,"href":"https:\/\/kalinkamagazin.com\/es\/wp-json\/wp\/v2\/media\/1231"}],"wp:attachment":[{"href":"https:\/\/kalinkamagazin.com\/es\/wp-json\/wp\/v2\/media?parent=2244"}],"wp:term":[{"taxonomy":"product_brand","embeddable":true,"href":"https:\/\/kalinkamagazin.com\/es\/wp-json\/wp\/v2\/product_brand?post=2244"},{"taxonomy":"product_cat","embeddable":true,"href":"https:\/\/kalinkamagazin.com\/es\/wp-json\/wp\/v2\/product_cat?post=2244"},{"taxonomy":"product_tag","embeddable":true,"href":"https:\/\/kalinkamagazin.com\/es\/wp-json\/wp\/v2\/product_tag?post=2244"}],"curies":[{"name":"wp","href":"https:\/\/api.w.org\/{rel}","templated":true}]}}