{"id":2246,"date":"2026-01-29T16:41:21","date_gmt":"2026-01-29T13:41:21","guid":{"rendered":"https:\/\/kalinkamagazin.com\/product\/2996-vodka-white-birch-gold-40-700-ml-es\/"},"modified":"2026-01-29T17:07:20","modified_gmt":"2026-01-29T14:07:20","slug":"2996-vodka-white-birch-gold-40-700-ml-es","status":"publish","type":"product","link":"https:\/\/kalinkamagazin.com\/es\/product\/2996-vodka-white-birch-gold-40-700-ml-es\/","title":{"rendered":"Vodka \"White Birch Gold\", 40%, 700 ml"},"content":{"rendered":"<p>Vodka saborizado. White Birch Gold. 40 % vol., 0,7 l. Fabricado y envasado en Kazajist\u00e1n. No recomendado para mujeres embarazadas o en per\u00edodo de lactancia, ni para menores de 18 a\u00f1os. Conservar en un lugar fresco y seco. Distribuci\u00f3n: Lackmann Fleisch- und Feinkostfabrik GmbH, Carl Benz Stra\u00dfe 10, 77731 Willst\u00e4tt, Alemania. Vodka saborizado. White Birch Gold.<\/p>\n","protected":false},"excerpt":{"rendered":"<p>Vodka saborizado. White Birch Gold. 40 % vol., 0,7 l. Fabricado y envasado en Kazajist\u00e1n. No recomendado para mujeres embarazadas o en per\u00edodo de lactancia, ni para menores de 18 a\u00f1os. Conservar en un lugar fresco y seco. Distribuci\u00f3n: Lackmann Fleisch- und Feinkostfabrik GmbH, Carl Benz Stra\u00dfe 10, 77731 Willst\u00e4tt, Alemania. Vodka saborizado. White Birch [&hellip;]<\/p>\n","protected":false},"featured_media":1237,"template":"","meta":{"inline_featured_image":false},"product_brand":[],"product_cat":[179,181],"product_tag":[],"class_list":{"0":"post-2246","1":"product","2":"type-product","3":"status-publish","4":"has-post-thumbnail","6":"product_cat-bebidas-alcoholicas","7":"product_cat-vodka-es","9":"first","10":"instock","11":"shipping-taxable","12":"purchasable","13":"product-type-simple"},"acf":[],"_links":{"self":[{"href":"https:\/\/kalinkamagazin.com\/es\/wp-json\/wp\/v2\/product\/2246","targetHints":{"allow":["GET"]}}],"collection":[{"href":"https:\/\/kalinkamagazin.com\/es\/wp-json\/wp\/v2\/product"}],"about":[{"href":"https:\/\/kalinkamagazin.com\/es\/wp-json\/wp\/v2\/types\/product"}],"wp:featuredmedia":[{"embeddable":true,"href":"https:\/\/kalinkamagazin.com\/es\/wp-json\/wp\/v2\/media\/1237"}],"wp:attachment":[{"href":"https:\/\/kalinkamagazin.com\/es\/wp-json\/wp\/v2\/media?parent=2246"}],"wp:term":[{"taxonomy":"product_brand","embeddable":true,"href":"https:\/\/kalinkamagazin.com\/es\/wp-json\/wp\/v2\/product_brand?post=2246"},{"taxonomy":"product_cat","embeddable":true,"href":"https:\/\/kalinkamagazin.com\/es\/wp-json\/wp\/v2\/product_cat?post=2246"},{"taxonomy":"product_tag","embeddable":true,"href":"https:\/\/kalinkamagazin.com\/es\/wp-json\/wp\/v2\/product_tag?post=2246"}],"curies":[{"name":"wp","href":"https:\/\/api.w.org\/{rel}","templated":true}]}}