{"id":2249,"date":"2026-01-29T16:41:06","date_gmt":"2026-01-29T13:41:06","guid":{"rendered":"https:\/\/kalinkamagazin.com\/product\/3386-vodka-green-mark-40-1000-ml-es\/"},"modified":"2026-01-29T17:07:05","modified_gmt":"2026-01-29T14:07:05","slug":"3386-vodka-green-mark-40-1000-ml-es","status":"publish","type":"product","link":"https:\/\/kalinkamagazin.com\/es\/product\/3386-vodka-green-mark-40-1000-ml-es\/","title":{"rendered":"Vodka Green Mark, 40%, 1000 ml"},"content":{"rendered":"<p>Vodka. . alc. 40% vol. 1 litro. Contiene Acidulante: (\u00e1cido m\u00e1lico, E500). Fabricado y envasado en: Uzbekist\u00e1n. No recomendado para mujeres embarazadas y lactantes, as\u00ed como para ni\u00f1os menores de 18 a\u00f1os. Conservar en un lugar fresco y seco. Distribuci\u00f3n: Lackmann Fleisch- und Feinkostfabrik GmbH, Carl Benz Stra\u00dfe 10, 77731 Willst\u00e4tt, Alemania. <!--NWT-Text--> <!--NWT-Table--> <!--Bezeichnung-->Vodka. .<\/p>\n","protected":false},"excerpt":{"rendered":"<p>Vodka. . alc. 40% vol. 1 litro. Contiene Acidulante: (\u00e1cido m\u00e1lico, E500). Fabricado y envasado en: Uzbekist\u00e1n. No recomendado para mujeres embarazadas y lactantes, as\u00ed como para ni\u00f1os menores de 18 a\u00f1os. Conservar en un lugar fresco y seco. Distribuci\u00f3n: Lackmann Fleisch- und Feinkostfabrik GmbH, Carl Benz Stra\u00dfe 10, 77731 Willst\u00e4tt, Alemania. Vodka. .<\/p>\n","protected":false},"featured_media":1249,"template":"","meta":{"inline_featured_image":false},"product_brand":[],"product_cat":[179,181],"product_tag":[],"class_list":{"0":"post-2249","1":"product","2":"type-product","3":"status-publish","4":"has-post-thumbnail","6":"product_cat-bebidas-alcoholicas","7":"product_cat-vodka-es","9":"first","10":"instock","11":"shipping-taxable","12":"purchasable","13":"product-type-simple"},"acf":[],"_links":{"self":[{"href":"https:\/\/kalinkamagazin.com\/es\/wp-json\/wp\/v2\/product\/2249","targetHints":{"allow":["GET"]}}],"collection":[{"href":"https:\/\/kalinkamagazin.com\/es\/wp-json\/wp\/v2\/product"}],"about":[{"href":"https:\/\/kalinkamagazin.com\/es\/wp-json\/wp\/v2\/types\/product"}],"wp:featuredmedia":[{"embeddable":true,"href":"https:\/\/kalinkamagazin.com\/es\/wp-json\/wp\/v2\/media\/1249"}],"wp:attachment":[{"href":"https:\/\/kalinkamagazin.com\/es\/wp-json\/wp\/v2\/media?parent=2249"}],"wp:term":[{"taxonomy":"product_brand","embeddable":true,"href":"https:\/\/kalinkamagazin.com\/es\/wp-json\/wp\/v2\/product_brand?post=2249"},{"taxonomy":"product_cat","embeddable":true,"href":"https:\/\/kalinkamagazin.com\/es\/wp-json\/wp\/v2\/product_cat?post=2249"},{"taxonomy":"product_tag","embeddable":true,"href":"https:\/\/kalinkamagazin.com\/es\/wp-json\/wp\/v2\/product_tag?post=2249"}],"curies":[{"name":"wp","href":"https:\/\/api.w.org\/{rel}","templated":true}]}}