{"id":2250,"date":"2026-01-29T16:41:03","date_gmt":"2026-01-29T13:41:03","guid":{"rendered":"https:\/\/kalinkamagazin.com\/product\/3514-vino-espumoso-sovetskoye-blanco-semiseco-125-750-ml-es\/"},"modified":"2026-01-29T17:07:02","modified_gmt":"2026-01-29T14:07:02","slug":"3514-vino-espumoso-sovetskoye-blanco-semiseco-125-750-ml-es","status":"publish","type":"product","link":"https:\/\/kalinkamagazin.com\/es\/product\/3514-vino-espumoso-sovetskoye-blanco-semiseco-125-750-ml-es\/","title":{"rendered":"Vino espumoso \"Sovetskoye\", blanco, semiseco, 12,5%, 750 ml"},"content":{"rendered":"<p>Vino espumoso semiseco. Vino espumoso \"Sovetskoe Igristoe\" blanco semiseco. 12,5 % vol. 0,75 l. Elaborado y envasado en Moldavia. Ingredientes: uvas, az\u00facar, conservante (sulfitos), correctores de acidez (\u00e1cido l\u00e1ctico, \u00e1cido c\u00edtrico), estabilizante (E353), antioxidante (\u00e1cido asc\u00f3rbico). Conservar en un lugar fresco y seco. Proteger de la luz solar directa. Importador: Lackmann Fleisch- und Feinkostfabrik GmbH, Carl-Benz-Stra\u00dfe 10, 77731 Willst\u00e4tt, Alemania. <!--NWT-Text-->Valor nutricional por 100 g: Valor energ\u00e9tico: 345 kJ \/ 83 kcal, Grasas: 0 g, - de las cuales \u00e1cidos grasos saturados: 0 g, Carbohidratos: 3,5 g, - de los cuales az\u00facares: 3,5 g, Prote\u00ednas: 0 g, Sal: 0 g, <!--NWT-Table--><\/p>\n<table>\n<tbody>\n<tr>\n<td colspan=\"2\">Valor nutricional por 100 g:<\/td>\n<\/tr>\n<tr>\n<td>Valor energ\u00e9tico:<\/td>\n<td align = \"right\">345 kJ\/83 kcal<\/td>\n<\/tr>\n<tr>\n<td>Grasas:<\/td>\n<td align = \"right\">0 g<\/td>\n<\/tr>\n<tr>\n<td>- de los cuales \u00e1cidos grasos saturados:<\/td>\n<td align = \"right\">0 g<\/td>\n<\/tr>\n<tr>\n<td>Hidratos de carbono:<\/td>\n<td align = \"right\">3,5 g<\/td>\n<\/tr>\n<tr>\n<td>- de los cuales az\u00facares:<\/td>\n<td align = \"right\">3,5 g<\/td>\n<\/tr>\n<tr>\n<td>Prote\u00ednas:<\/td>\n<td align = \"right\">0 g<\/td>\n<\/tr>\n<tr>\n<td>Sal:<\/td>\n<td align = \"right\">0 g<\/td>\n<\/tr>\n<\/tbody>\n<\/table>\n<p> <!--Bezeichnung-->Vino espumoso semiseco. Vino espumoso \"Soviet Igristoe\" blanco semiseco.<\/p>\n","protected":false},"excerpt":{"rendered":"<p>Vino espumoso semiseco. Vino espumoso \"Sovetskoe Igristoe\" blanco semiseco. 12,5 % vol. 0,75 l. Elaborado y envasado en Moldavia. Ingredientes: uvas, az\u00facar, conservante (sulfitos), correctores de acidez (\u00e1cido l\u00e1ctico, \u00e1cido c\u00edtrico), estabilizante (E353), antioxidante (\u00e1cido asc\u00f3rbico). Conservar en un lugar fresco y seco. Proteger de la luz solar directa. Importador: Lackmann Fleisch- und Feinkostfabrik GmbH, [&hellip;]<\/p>\n","protected":false},"featured_media":1252,"template":"","meta":{"inline_featured_image":false},"product_brand":[],"product_cat":[179,180],"product_tag":[],"class_list":{"0":"post-2250","1":"product","2":"type-product","3":"status-publish","4":"has-post-thumbnail","6":"product_cat-bebidas-alcoholicas","7":"product_cat-vino-es","9":"first","10":"instock","11":"shipping-taxable","12":"purchasable","13":"product-type-simple"},"acf":[],"_links":{"self":[{"href":"https:\/\/kalinkamagazin.com\/es\/wp-json\/wp\/v2\/product\/2250","targetHints":{"allow":["GET"]}}],"collection":[{"href":"https:\/\/kalinkamagazin.com\/es\/wp-json\/wp\/v2\/product"}],"about":[{"href":"https:\/\/kalinkamagazin.com\/es\/wp-json\/wp\/v2\/types\/product"}],"wp:featuredmedia":[{"embeddable":true,"href":"https:\/\/kalinkamagazin.com\/es\/wp-json\/wp\/v2\/media\/1252"}],"wp:attachment":[{"href":"https:\/\/kalinkamagazin.com\/es\/wp-json\/wp\/v2\/media?parent=2250"}],"wp:term":[{"taxonomy":"product_brand","embeddable":true,"href":"https:\/\/kalinkamagazin.com\/es\/wp-json\/wp\/v2\/product_brand?post=2250"},{"taxonomy":"product_cat","embeddable":true,"href":"https:\/\/kalinkamagazin.com\/es\/wp-json\/wp\/v2\/product_cat?post=2250"},{"taxonomy":"product_tag","embeddable":true,"href":"https:\/\/kalinkamagazin.com\/es\/wp-json\/wp\/v2\/product_tag?post=2250"}],"curies":[{"name":"wp","href":"https:\/\/api.w.org\/{rel}","templated":true}]}}