{"id":2257,"date":"2026-01-29T16:40:42","date_gmt":"2026-01-29T13:40:42","guid":{"rendered":"https:\/\/kalinkamagazin.com\/product\/5219-vino-tinto-con-granada-750-ml-es\/"},"modified":"2026-01-29T17:06:39","modified_gmt":"2026-01-29T14:06:39","slug":"5219-vino-tinto-con-granada-750-ml-es","status":"publish","type":"product","link":"https:\/\/kalinkamagazin.com\/es\/product\/5219-vino-tinto-con-granada-750-ml-es\/","title":{"rendered":"Vino tinto con granada, 750 ml"},"content":{"rendered":"<p>Bebida a base de vino, aromatizada con zumo de granada. 9,2 % vol. de alcohol, 0,75 l. Pa\u00eds de origen: Moldavia. Ingredientes: uvas, agua potable, jarabe de az\u00facar invertido, aromatizante, corrector de acidez (\u00e1cido c\u00edtrico), antioxidantes (di\u00f3xido de azufre, disulfito de potasio). Contiene una peque\u00f1a cantidad de: grasas, incluidos \u00e1cidos grasos saturados, clara de huevo y sal. Importador: Lackmann Fleisch- und Feinkostfabrik GmbH, Carl-Benz-Stra\u00dfe 10, 77731 Willst\u00e4tt, Alemania. <!--NWT-Text-->Valor nutricional por 100 g: Valor energ\u00e9tico: 371 kJ \/ 89 kcal, Grasas: 0 g, de las cuales \u00e1cidos grasos saturados: 0 g, Hidratos de carbono: 9,0 g, de los cuales az\u00facares: 9,0 g, Prote\u00ednas: 0 g, Sal: 0 g, <!--NWT-Table--><\/p>\n<table>\n<tbody>\n<tr>\n<td colspan=\"2\">Valor nutricional por 100 g:<\/td>\n<\/tr>\n<tr>\n<td>Valor energ\u00e9tico:<\/td>\n<td align = \"right\">371 kJ\/89 kcal<\/td>\n<\/tr>\n<tr>\n<td>Grasas:<\/td>\n<td align = \"right\">0 g<\/td>\n<\/tr>\n<tr>\n<td>de los cuales \u00e1cidos grasos saturados:<\/td>\n<td align = \"right\">0g<\/td>\n<\/tr>\n<tr>\n<td>Hidratos de carbono:<\/td>\n<td align = \"right\">9,0g<\/td>\n<\/tr>\n<tr>\n<td>- de los cuales az\u00facares:<\/td>\n<td align = \"right\">9,0g<\/td>\n<\/tr>\n<tr>\n<td>Prote\u00ednas:<\/td>\n<td align = \"right\">0g<\/td>\n<\/tr>\n<tr>\n<td>Sal:<\/td>\n<td align = \"right\">0g<\/td>\n<\/tr>\n<\/tbody>\n<\/table>\n<p> <!--Bezeichnung-->Bebida a base de vino, aromatizada, con zumo de granada. .<\/p>\n","protected":false},"excerpt":{"rendered":"<p>Bebida a base de vino, aromatizada con zumo de granada. 9,2 % vol. de alcohol, 0,75 l. Pa\u00eds de origen: Moldavia. Ingredientes: uvas, agua potable, jarabe de az\u00facar invertido, aromatizante, corrector de acidez (\u00e1cido c\u00edtrico), antioxidantes (di\u00f3xido de azufre, disulfito de potasio). Contiene una peque\u00f1a cantidad de: grasas, incluidos \u00e1cidos grasos saturados, clara de huevo [&hellip;]<\/p>\n","protected":false},"featured_media":1294,"template":"","meta":{"inline_featured_image":false},"product_brand":[],"product_cat":[179,180],"product_tag":[],"class_list":{"0":"post-2257","1":"product","2":"type-product","3":"status-publish","4":"has-post-thumbnail","6":"product_cat-bebidas-alcoholicas","7":"product_cat-vino-es","9":"first","10":"instock","11":"shipping-taxable","12":"purchasable","13":"product-type-simple"},"acf":[],"_links":{"self":[{"href":"https:\/\/kalinkamagazin.com\/es\/wp-json\/wp\/v2\/product\/2257","targetHints":{"allow":["GET"]}}],"collection":[{"href":"https:\/\/kalinkamagazin.com\/es\/wp-json\/wp\/v2\/product"}],"about":[{"href":"https:\/\/kalinkamagazin.com\/es\/wp-json\/wp\/v2\/types\/product"}],"wp:featuredmedia":[{"embeddable":true,"href":"https:\/\/kalinkamagazin.com\/es\/wp-json\/wp\/v2\/media\/1294"}],"wp:attachment":[{"href":"https:\/\/kalinkamagazin.com\/es\/wp-json\/wp\/v2\/media?parent=2257"}],"wp:term":[{"taxonomy":"product_brand","embeddable":true,"href":"https:\/\/kalinkamagazin.com\/es\/wp-json\/wp\/v2\/product_brand?post=2257"},{"taxonomy":"product_cat","embeddable":true,"href":"https:\/\/kalinkamagazin.com\/es\/wp-json\/wp\/v2\/product_cat?post=2257"},{"taxonomy":"product_tag","embeddable":true,"href":"https:\/\/kalinkamagazin.com\/es\/wp-json\/wp\/v2\/product_tag?post=2257"}],"curies":[{"name":"wp","href":"https:\/\/api.w.org\/{rel}","templated":true}]}}