{"id":2258,"date":"2026-01-29T16:40:38","date_gmt":"2026-01-29T13:40:38","guid":{"rendered":"https:\/\/kalinkamagazin.com\/product\/5489-vodka-green-mark-40-500-ml-es\/"},"modified":"2026-01-29T17:06:34","modified_gmt":"2026-01-29T14:06:34","slug":"5489-vodka-green-mark-40-500-ml-es","status":"publish","type":"product","link":"https:\/\/kalinkamagazin.com\/es\/product\/5489-vodka-green-mark-40-500-ml-es\/","title":{"rendered":"Vodka Green Mark, 40%, 500 ml"},"content":{"rendered":"<p>Vodka. 40 % vol., 0,5 l. Contiene acidulante: (\u00e1cido m\u00e1lico, E500). Fabricado y envasado en: Uzbekist\u00e1n. No se recomienda su uso en mujeres embarazadas o en per\u00edodo de lactancia, ni en menores de 18 a\u00f1os. Conservar en un lugar fresco y seco. Distribuci\u00f3n: Lackmann Fleisch- und Feinkostfabrik GmbH, Carl Benz Stra\u00dfe 10, 77731 Willst\u00e4tt, Alemania. <!--NWT-Text-->Valor nutricional por 100 g: Valor energ\u00e9tico: 752 kJ \/ 178 kcal, Grasas: 2,1 g, de las cuales saturadas: 0,5 g, Hidratos de carbono: 35 g, de los cuales az\u00facares: 35 g, Prote\u00ednas: 2,2 g, Sal: 9,1 g, <!--NWT-Table--><\/p>\n<table>\n<tbody>\n<tr>\n<td colspan=\"2\">Valor nutricional por 100 g:<\/td>\n<\/tr>\n<tr>\n<td>Valor energ\u00e9tico:<\/td>\n<td align = \"right\">752 kJ\/178 kcal<\/td>\n<\/tr>\n<tr>\n<td>Grasas:<\/td>\n<td align = \"right\">2,1 g<\/td>\n<\/tr>\n<tr>\n<td>de las cuales saturadas:<\/td>\n<td align = \"right\">0,5 g<\/td>\n<\/tr>\n<tr>\n<td>Hidratos de carbono:<\/td>\n<td align = \"right\">35 g<\/td>\n<\/tr>\n<tr>\n<td>- de los cuales az\u00facares:<\/td>\n<td align = \"right\">35 g<\/td>\n<\/tr>\n<tr>\n<td>Prote\u00ednas:<\/td>\n<td align = \"right\">2,2 g<\/td>\n<\/tr>\n<tr>\n<td>Sal:<\/td>\n<td align = \"right\">9,1 g<\/td>\n<\/tr>\n<\/tbody>\n<\/table>\n<p> <!--Bezeichnung-->Vodka. .<\/p>\n","protected":false},"excerpt":{"rendered":"<p>Vodka. 40 % vol., 0,5 l. Contiene acidulante: (\u00e1cido m\u00e1lico, E500). Fabricado y envasado en: Uzbekist\u00e1n. No se recomienda su uso en mujeres embarazadas o en per\u00edodo de lactancia, ni en menores de 18 a\u00f1os. Conservar en un lugar fresco y seco. Distribuci\u00f3n: Lackmann Fleisch- und Feinkostfabrik GmbH, Carl Benz Stra\u00dfe 10, 77731 Willst\u00e4tt, Alemania. [&hellip;]<\/p>\n","protected":false},"featured_media":1297,"template":"","meta":{"inline_featured_image":false},"product_brand":[],"product_cat":[179,181],"product_tag":[],"class_list":{"0":"post-2258","1":"product","2":"type-product","3":"status-publish","4":"has-post-thumbnail","6":"product_cat-bebidas-alcoholicas","7":"product_cat-vodka-es","9":"first","10":"instock","11":"shipping-taxable","12":"purchasable","13":"product-type-simple"},"acf":[],"_links":{"self":[{"href":"https:\/\/kalinkamagazin.com\/es\/wp-json\/wp\/v2\/product\/2258","targetHints":{"allow":["GET"]}}],"collection":[{"href":"https:\/\/kalinkamagazin.com\/es\/wp-json\/wp\/v2\/product"}],"about":[{"href":"https:\/\/kalinkamagazin.com\/es\/wp-json\/wp\/v2\/types\/product"}],"wp:featuredmedia":[{"embeddable":true,"href":"https:\/\/kalinkamagazin.com\/es\/wp-json\/wp\/v2\/media\/1297"}],"wp:attachment":[{"href":"https:\/\/kalinkamagazin.com\/es\/wp-json\/wp\/v2\/media?parent=2258"}],"wp:term":[{"taxonomy":"product_brand","embeddable":true,"href":"https:\/\/kalinkamagazin.com\/es\/wp-json\/wp\/v2\/product_brand?post=2258"},{"taxonomy":"product_cat","embeddable":true,"href":"https:\/\/kalinkamagazin.com\/es\/wp-json\/wp\/v2\/product_cat?post=2258"},{"taxonomy":"product_tag","embeddable":true,"href":"https:\/\/kalinkamagazin.com\/es\/wp-json\/wp\/v2\/product_tag?post=2258"}],"curies":[{"name":"wp","href":"https:\/\/api.w.org\/{rel}","templated":true}]}}