{"id":2262,"date":"2026-01-29T16:40:20","date_gmt":"2026-01-29T13:40:20","guid":{"rendered":"https:\/\/kalinkamagazin.com\/product\/2168-condimento-para-espaguetis-y-pasta-es\/"},"modified":"2026-01-29T17:06:16","modified_gmt":"2026-01-29T14:06:16","slug":"2168-condimento-para-espaguetis-y-pasta-es","status":"publish","type":"product","link":"https:\/\/kalinkamagazin.com\/es\/product\/2168-condimento-para-espaguetis-y-pasta-es\/","title":{"rendered":"Condimento para espaguetis y pasta"},"content":{"rendered":"<p>Mezcla de especias para espaguetis. La opci\u00f3n de presentaci\u00f3n se muestra en la imagen. Ingredientes: sal, az\u00facar, cebolla, pimiento rojo, tomillo, albahaca. Este producto puede contener trazas de: <b>gluten,<\/b><b>huevos,<\/b><b>leche,<\/b><b>soja,<\/b><b>mostaza,<\/b><b>apio,<\/b><b>cacahuetes.<\/b> Conservar en un lugar fresco y seco. Consumir preferentemente antes de: en la segunda l\u00ednea del reverso. Distribuci\u00f3n: Lackmann Fleisch- und Feinkostfabrik GmbH, Carl Benz Stra\u00dfe 10, 77731 Willst\u00e4tt, Alemania. <!--NWT-Text-->Valor nutricional por 100 g: Valor energ\u00e9tico: 573 kJ \/ 136 kcal, Grasas: 1,5 g, de las cuales saturadas: 0,5 g, Hidratos de carbono: 25 g, de los cuales az\u00facares: 19 g, Prote\u00ednas: 2,7 g, Sal: 59,1 g, <!--NWT-Table--><\/p>\n<table>\n<tbody>\n<tr>\n<td colspan=\"2\">Valor nutricional por 100 g:<\/td>\n<\/tr>\n<tr>\n<td>Valor energ\u00e9tico:<\/td>\n<td align = \"right\">573 kJ\/136 kcal<\/td>\n<\/tr>\n<tr>\n<td>Grasas:<\/td>\n<td align = \"right\">1,5 g<\/td>\n<\/tr>\n<tr>\n<td>de las cuales saturadas:<\/td>\n<td align = \"right\">0.5g<\/td>\n<\/tr>\n<tr>\n<td>Carbohidratos:<\/td>\n<td align = \"right\">25g<\/td>\n<\/tr>\n<tr>\n<td>- de los cuales az\u00facares:<\/td>\n<td align = \"right\">19g<\/td>\n<\/tr>\n<tr>\n<td>Prote\u00ednas:<\/td>\n<td align = \"right\">2.7g<\/td>\n<\/tr>\n<tr>\n<td>Sal:<\/td>\n<td align = \"right\">59.1g<\/td>\n<\/tr>\n<\/tbody>\n<\/table>\n<p> <!--Bezeichnung-->Mezcla de especias para espaguetis. .<\/p>\n","protected":false},"excerpt":{"rendered":"<p>Mezcla de especias para espaguetis. La opci\u00f3n de presentaci\u00f3n se muestra en la imagen. Ingredientes: sal, az\u00facar, cebolla, pimiento rojo, tomillo, albahaca. Este producto puede contener trazas de: gluten,huevos,leche,soja,mostaza,apio,cacahuetes. Conservar en un lugar fresco y seco. Consumir preferentemente antes de: en la segunda l\u00ednea del reverso. Distribuci\u00f3n: Lackmann Fleisch- und Feinkostfabrik GmbH, Carl Benz Stra\u00dfe [&hellip;]<\/p>\n","protected":false},"featured_media":1321,"template":"","meta":{"inline_featured_image":false},"product_brand":[],"product_cat":[214,215],"product_tag":[],"class_list":{"0":"post-2262","1":"product","2":"type-product","3":"status-publish","4":"has-post-thumbnail","6":"product_cat-aceites-salsas-y-condimentos","7":"product_cat-salsas-mayonesas-condimentos","9":"first","10":"instock","11":"shipping-taxable","12":"purchasable","13":"product-type-simple"},"acf":[],"_links":{"self":[{"href":"https:\/\/kalinkamagazin.com\/es\/wp-json\/wp\/v2\/product\/2262","targetHints":{"allow":["GET"]}}],"collection":[{"href":"https:\/\/kalinkamagazin.com\/es\/wp-json\/wp\/v2\/product"}],"about":[{"href":"https:\/\/kalinkamagazin.com\/es\/wp-json\/wp\/v2\/types\/product"}],"wp:featuredmedia":[{"embeddable":true,"href":"https:\/\/kalinkamagazin.com\/es\/wp-json\/wp\/v2\/media\/1321"}],"wp:attachment":[{"href":"https:\/\/kalinkamagazin.com\/es\/wp-json\/wp\/v2\/media?parent=2262"}],"wp:term":[{"taxonomy":"product_brand","embeddable":true,"href":"https:\/\/kalinkamagazin.com\/es\/wp-json\/wp\/v2\/product_brand?post=2262"},{"taxonomy":"product_cat","embeddable":true,"href":"https:\/\/kalinkamagazin.com\/es\/wp-json\/wp\/v2\/product_cat?post=2262"},{"taxonomy":"product_tag","embeddable":true,"href":"https:\/\/kalinkamagazin.com\/es\/wp-json\/wp\/v2\/product_tag?post=2262"}],"curies":[{"name":"wp","href":"https:\/\/api.w.org\/{rel}","templated":true}]}}