{"id":2263,"date":"2026-01-29T16:40:16","date_gmt":"2026-01-29T13:40:16","guid":{"rendered":"https:\/\/kalinkamagazin.com\/product\/2170-condimento-para-pollo-tabaka-es\/"},"modified":"2026-01-29T17:06:11","modified_gmt":"2026-01-29T14:06:11","slug":"2170-condimento-para-pollo-tabaka-es","status":"publish","type":"product","link":"https:\/\/kalinkamagazin.com\/es\/product\/2170-condimento-para-pollo-tabaka-es\/","title":{"rendered":"Condimento para pollo tabaka"},"content":{"rendered":"<p>Mezcla de especias para pollo. La opci\u00f3n de presentaci\u00f3n se muestra en la imagen. Ingredientes: sal de mesa, pimienta negra, cilantro, az\u00facar, cebolla, pimiento rojo, chile, ajo, pepperoni picante, c\u00farcuma, comino. Puede contener: gluten, huevos, leche, soja, mostaza, apio y cacahuetes. Conservar en un lugar fresco y seco. Consumir preferentemente antes de: ver la segunda l\u00ednea del reverso. Distribuci\u00f3n: Lackmann Fleisch- und Feinkostfabrik GmbH, Carl Benz Stra\u00dfe 10, 77731 Willst\u00e4tt, Alemania. <!--NWT-Text-->Valor nutricional por 100 g: Valor energ\u00e9tico: 703 kJ \/ 168 kcal, Grasas: 3,8 g, de las cuales saturadas: 0,6 g, Hidratos de carbono: 23 g, de los cuales az\u00facares: 9,4 g, Prote\u00ednas: 4,6 g, Sal: 48,6 g, <!--NWT-Table--><\/p>\n<table>\n<tbody>\n<tr>\n<td colspan=\"2\">Valor nutricional por 100 g:<\/td>\n<\/tr>\n<tr>\n<td>Valor energ\u00e9tico:<\/td>\n<td align = \"right\">703 kJ\/168 kcal<\/td>\n<\/tr>\n<tr>\n<td>Grasas:<\/td>\n<td align = \"right\">3,8 g<\/td>\n<\/tr>\n<tr>\n<td>de las cuales saturadas:<\/td>\n<td align = \"right\">0,6 g<\/td>\n<\/tr>\n<tr>\n<td>Hidratos de carbono:<\/td>\n<td align = \"right\">23 g<\/td>\n<\/tr>\n<tr>\n<td>- de los cuales az\u00facares:<\/td>\n<td align = \"right\">9,4 g<\/td>\n<\/tr>\n<tr>\n<td>Prote\u00ednas:<\/td>\n<td align = \"right\">4,6 g<\/td>\n<\/tr>\n<tr>\n<td>Sal:<\/td>\n<td align = \"right\">48,6 g<\/td>\n<\/tr>\n<\/tbody>\n<\/table>\n<p> <!--Bezeichnung-->Mezcla de especias para pollo. .<\/p>\n","protected":false},"excerpt":{"rendered":"<p>Mezcla de especias para pollo. La opci\u00f3n de presentaci\u00f3n se muestra en la imagen. Ingredientes: sal de mesa, pimienta negra, cilantro, az\u00facar, cebolla, pimiento rojo, chile, ajo, pepperoni picante, c\u00farcuma, comino. Puede contener: gluten, huevos, leche, soja, mostaza, apio y cacahuetes. Conservar en un lugar fresco y seco. Consumir preferentemente antes de: ver la segunda [&hellip;]<\/p>\n","protected":false},"featured_media":1324,"template":"","meta":{"inline_featured_image":false},"product_brand":[],"product_cat":[214,215],"product_tag":[],"class_list":{"0":"post-2263","1":"product","2":"type-product","3":"status-publish","4":"has-post-thumbnail","6":"product_cat-aceites-salsas-y-condimentos","7":"product_cat-salsas-mayonesas-condimentos","9":"first","10":"instock","11":"shipping-taxable","12":"purchasable","13":"product-type-simple"},"acf":[],"_links":{"self":[{"href":"https:\/\/kalinkamagazin.com\/es\/wp-json\/wp\/v2\/product\/2263","targetHints":{"allow":["GET"]}}],"collection":[{"href":"https:\/\/kalinkamagazin.com\/es\/wp-json\/wp\/v2\/product"}],"about":[{"href":"https:\/\/kalinkamagazin.com\/es\/wp-json\/wp\/v2\/types\/product"}],"wp:featuredmedia":[{"embeddable":true,"href":"https:\/\/kalinkamagazin.com\/es\/wp-json\/wp\/v2\/media\/1324"}],"wp:attachment":[{"href":"https:\/\/kalinkamagazin.com\/es\/wp-json\/wp\/v2\/media?parent=2263"}],"wp:term":[{"taxonomy":"product_brand","embeddable":true,"href":"https:\/\/kalinkamagazin.com\/es\/wp-json\/wp\/v2\/product_brand?post=2263"},{"taxonomy":"product_cat","embeddable":true,"href":"https:\/\/kalinkamagazin.com\/es\/wp-json\/wp\/v2\/product_cat?post=2263"},{"taxonomy":"product_tag","embeddable":true,"href":"https:\/\/kalinkamagazin.com\/es\/wp-json\/wp\/v2\/product_tag?post=2263"}],"curies":[{"name":"wp","href":"https:\/\/api.w.org\/{rel}","templated":true}]}}