{"id":2264,"date":"2026-01-29T16:40:13","date_gmt":"2026-01-29T13:40:13","guid":{"rendered":"https:\/\/kalinkamagazin.com\/product\/2171-condimento-con-sabor-a-hongos-es\/"},"modified":"2026-01-29T17:06:08","modified_gmt":"2026-01-29T14:06:08","slug":"2171-condimento-con-sabor-a-hongos-es","status":"publish","type":"product","link":"https:\/\/kalinkamagazin.com\/es\/product\/2171-condimento-con-sabor-a-hongos-es\/","title":{"rendered":"Condimento con sabor a hongos"},"content":{"rendered":"<p>Mezcla de especias con sabor a champi\u00f1ones. La opci\u00f3n de presentaci\u00f3n se muestra en la imagen. Ingredientes: sal, cebolla, az\u00facar, comino, pimiento rojo, cilantro molido, chile, chiriv\u00eda, ra\u00edz de apio, zanahoria, repollo, perejil, puerro, champi\u00f1\u00f3n en polvo, aroma. Puede contener: gluten, huevos, leche, soja, mostaza y cacahuetes. Conservar en un lugar fresco y seco. Consumir preferentemente antes de: ver la segunda l\u00ednea del reverso. Ventas: Lackmann Fleisch- und Feinkostfabrik GmbH, Carl Benz Stra\u00dfe 10, 77731 Willst\u00e4tt, Alemania. <!--NWT-Text-->Valor nutricional por 100 g: Valor energ\u00e9tico: 538 kJ \/ 128 kcal, Grasas: 2,5 g, de las cuales saturadas: 0,5 g, Hidratos de carbono: 17 g, de los cuales az\u00facares: 10 g, Prote\u00ednas: 4,8 g, Sal: 61,0 g, <!--NWT-Table--><\/p>\n<table>\n<tbody>\n<tr>\n<td colspan=\"2\">Valor nutricional por 100 g:<\/td>\n<\/tr>\n<tr>\n<td>Valor energ\u00e9tico:<\/td>\n<td align = \"right\">538 kJ\/128 kcal<\/td>\n<\/tr>\n<tr>\n<td>Grasas:<\/td>\n<td align = \"right\">2,5 g<\/td>\n<\/tr>\n<tr>\n<td>de las cuales saturadas:<\/td>\n<td align = \"right\">0.5g<\/td>\n<\/tr>\n<tr>\n<td>Carbohidratos:<\/td>\n<td align = \"right\">17g<\/td>\n<\/tr>\n<tr>\n<td>- de los cuales az\u00facares:<\/td>\n<td align = \"right\">10g<\/td>\n<\/tr>\n<tr>\n<td>Prote\u00ednas:<\/td>\n<td align = \"right\">4.8g<\/td>\n<\/tr>\n<tr>\n<td>Sal:<\/td>\n<td align = \"right\">61.0g<\/td>\n<\/tr>\n<\/tbody>\n<\/table>\n<p> <!--Bezeichnung-->Mezcla de especias con sabor a champi\u00f1ones. .<\/p>\n","protected":false},"excerpt":{"rendered":"<p>Mezcla de especias con sabor a champi\u00f1ones. La opci\u00f3n de presentaci\u00f3n se muestra en la imagen. Ingredientes: sal, cebolla, az\u00facar, comino, pimiento rojo, cilantro molido, chile, chiriv\u00eda, ra\u00edz de apio, zanahoria, repollo, perejil, puerro, champi\u00f1\u00f3n en polvo, aroma. Puede contener: gluten, huevos, leche, soja, mostaza y cacahuetes. Conservar en un lugar fresco y seco. Consumir [&hellip;]<\/p>\n","protected":false},"featured_media":1327,"template":"","meta":{"inline_featured_image":false},"product_brand":[],"product_cat":[214,215],"product_tag":[],"class_list":{"0":"post-2264","1":"product","2":"type-product","3":"status-publish","4":"has-post-thumbnail","6":"product_cat-aceites-salsas-y-condimentos","7":"product_cat-salsas-mayonesas-condimentos","9":"first","10":"instock","11":"shipping-taxable","12":"purchasable","13":"product-type-simple"},"acf":[],"_links":{"self":[{"href":"https:\/\/kalinkamagazin.com\/es\/wp-json\/wp\/v2\/product\/2264","targetHints":{"allow":["GET"]}}],"collection":[{"href":"https:\/\/kalinkamagazin.com\/es\/wp-json\/wp\/v2\/product"}],"about":[{"href":"https:\/\/kalinkamagazin.com\/es\/wp-json\/wp\/v2\/types\/product"}],"wp:featuredmedia":[{"embeddable":true,"href":"https:\/\/kalinkamagazin.com\/es\/wp-json\/wp\/v2\/media\/1327"}],"wp:attachment":[{"href":"https:\/\/kalinkamagazin.com\/es\/wp-json\/wp\/v2\/media?parent=2264"}],"wp:term":[{"taxonomy":"product_brand","embeddable":true,"href":"https:\/\/kalinkamagazin.com\/es\/wp-json\/wp\/v2\/product_brand?post=2264"},{"taxonomy":"product_cat","embeddable":true,"href":"https:\/\/kalinkamagazin.com\/es\/wp-json\/wp\/v2\/product_cat?post=2264"},{"taxonomy":"product_tag","embeddable":true,"href":"https:\/\/kalinkamagazin.com\/es\/wp-json\/wp\/v2\/product_tag?post=2264"}],"curies":[{"name":"wp","href":"https:\/\/api.w.org\/{rel}","templated":true}]}}