{"id":2265,"date":"2026-01-29T16:40:09","date_gmt":"2026-01-29T13:40:09","guid":{"rendered":"https:\/\/kalinkamagazin.com\/product\/2173-condimento-primavera-en-tubo-es\/"},"modified":"2026-01-29T17:06:04","modified_gmt":"2026-01-29T14:06:04","slug":"2173-condimento-primavera-en-tubo-es","status":"publish","type":"product","link":"https:\/\/kalinkamagazin.com\/es\/product\/2173-condimento-primavera-en-tubo-es\/","title":{"rendered":"Condimento \"Primavera\" en tubo"},"content":{"rendered":"<p>Mezcla de especias. La opci\u00f3n de presentaci\u00f3n se muestra en la imagen. Ingredientes: sal de mesa, cebolla, cilantro, eneldo, apio, perejil, pimiento rojo, az\u00facar, acidulante (\u00e1cido c\u00edtrico), aceite de colza. Este producto puede contener trazas de: huevos, leche, soja, mostaza y cacahuetes. Conservar en un lugar fresco y seco. Consumir preferentemente antes del: ver la segunda l\u00ednea del pie de imprenta. <!--NWT-Text-->Valor nutricional por 100 g: Valor energ\u00e9tico: 613 kJ \/ 146 kcal, Grasas: 2,7 g, de las cuales saturadas: 0,3 g, Hidratos de carbono: 20 g, de los cuales az\u00facares: 11 g, Prote\u00ednas: 5,4 g, Sal: 55,4 g, <!--NWT-Table--><\/p>\n<table>\n<tbody>\n<tr>\n<td colspan=\"2\">Valor nutricional por 100 g:<\/td>\n<\/tr>\n<tr>\n<td>Valor energ\u00e9tico:<\/td>\n<td align = \"right\">613 kJ\/146 kcal<\/td>\n<\/tr>\n<tr>\n<td>Grasas:<\/td>\n<td align = \"right\">2,7 g<\/td>\n<\/tr>\n<tr>\n<td>de las cuales saturadas:<\/td>\n<td align = \"right\">0.3g<\/td>\n<\/tr>\n<tr>\n<td>Carbohidratos:<\/td>\n<td align = \"right\">20g<\/td>\n<\/tr>\n<tr>\n<td>- de los cuales az\u00facares:<\/td>\n<td align = \"right\">11g<\/td>\n<\/tr>\n<tr>\n<td>Prote\u00ednas:<\/td>\n<td align = \"right\">5.4g<\/td>\n<\/tr>\n<tr>\n<td>Sal:<\/td>\n<td align = \"right\">55.4g<\/td>\n<\/tr>\n<\/tbody>\n<\/table>\n<p> <!--Bezeichnung-->Mezcla de especias.<\/p>\n","protected":false},"excerpt":{"rendered":"<p>Mezcla de especias. La opci\u00f3n de presentaci\u00f3n se muestra en la imagen. Ingredientes: sal de mesa, cebolla, cilantro, eneldo, apio, perejil, pimiento rojo, az\u00facar, acidulante (\u00e1cido c\u00edtrico), aceite de colza. Este producto puede contener trazas de: huevos, leche, soja, mostaza y cacahuetes. Conservar en un lugar fresco y seco. Consumir preferentemente antes del: ver la [&hellip;]<\/p>\n","protected":false},"featured_media":1330,"template":"","meta":{"inline_featured_image":false},"product_brand":[],"product_cat":[214,215],"product_tag":[],"class_list":{"0":"post-2265","1":"product","2":"type-product","3":"status-publish","4":"has-post-thumbnail","6":"product_cat-aceites-salsas-y-condimentos","7":"product_cat-salsas-mayonesas-condimentos","9":"first","10":"instock","11":"shipping-taxable","12":"purchasable","13":"product-type-simple"},"acf":[],"_links":{"self":[{"href":"https:\/\/kalinkamagazin.com\/es\/wp-json\/wp\/v2\/product\/2265","targetHints":{"allow":["GET"]}}],"collection":[{"href":"https:\/\/kalinkamagazin.com\/es\/wp-json\/wp\/v2\/product"}],"about":[{"href":"https:\/\/kalinkamagazin.com\/es\/wp-json\/wp\/v2\/types\/product"}],"wp:featuredmedia":[{"embeddable":true,"href":"https:\/\/kalinkamagazin.com\/es\/wp-json\/wp\/v2\/media\/1330"}],"wp:attachment":[{"href":"https:\/\/kalinkamagazin.com\/es\/wp-json\/wp\/v2\/media?parent=2265"}],"wp:term":[{"taxonomy":"product_brand","embeddable":true,"href":"https:\/\/kalinkamagazin.com\/es\/wp-json\/wp\/v2\/product_brand?post=2265"},{"taxonomy":"product_cat","embeddable":true,"href":"https:\/\/kalinkamagazin.com\/es\/wp-json\/wp\/v2\/product_cat?post=2265"},{"taxonomy":"product_tag","embeddable":true,"href":"https:\/\/kalinkamagazin.com\/es\/wp-json\/wp\/v2\/product_tag?post=2265"}],"curies":[{"name":"wp","href":"https:\/\/api.w.org\/{rel}","templated":true}]}}