{"id":2266,"date":"2026-01-29T16:40:06","date_gmt":"2026-01-29T13:40:06","guid":{"rendered":"https:\/\/kalinkamagazin.com\/product\/2174-condimento-para-frenr-carne-es\/"},"modified":"2026-01-29T17:06:01","modified_gmt":"2026-01-29T14:06:01","slug":"2174-condimento-para-frenr-carne-es","status":"publish","type":"product","link":"https:\/\/kalinkamagazin.com\/es\/product\/2174-condimento-para-frenr-carne-es\/","title":{"rendered":"Condimento para fre\u043dr carne"},"content":{"rendered":"<p>Mezcla de condimentos para carnes. La presentaci\u00f3n se muestra en la imagen. Ingredientes: sal de mesa, harina de ma\u00edz, piment\u00f3n, az\u00facar, cebolla, tomate, ajo, chile, tomillo, pimienta negra, romero, perejil, mejorana, or\u00e9gano, aceite de canola. Este producto puede contener trazas de: huevos, leche, soja, mostaza, apio, cacahuetes. Conservar en un lugar fresco y seco. Consumir preferentemente antes del: ver la segunda l\u00ednea del impreso. <!--NWT-Text-->Valor nutricional por 100 g: Valor energ\u00e9tico: 917 kJ \/ 218 kcal, Grasas: 3,7 g, de las cuales saturadas: 0,6 g, Hidratos de carbono: 37 g, de los cuales az\u00facares: 12 g, Prote\u00ednas: 5,6 g, Sal: 37,4 g, <!--NWT-Table--><\/p>\n<table>\n<tbody>\n<tr>\n<td colspan=\"2\">Valor nutricional por 100 g:<\/td>\n<\/tr>\n<tr>\n<td>Valor energ\u00e9tico:<\/td>\n<td align = \"right\">917 kJ \/ 218 kcal<\/td>\n<\/tr>\n<tr>\n<td>Grasas:<\/td>\n<td align = \"right\">3,7 g<\/td>\n<\/tr>\n<tr>\n<td>de las cuales saturadas:<\/td>\n<td align = \"right\">0,6 g<\/td>\n<\/tr>\n<tr>\n<td>Hidratos de carbono:<\/td>\n<td align = \"right\">37 g<\/td>\n<\/tr>\n<tr>\n<td>- de los cuales az\u00facares:<\/td>\n<td align = \"right\">12 g<\/td>\n<\/tr>\n<tr>\n<td>Prote\u00ednas:<\/td>\n<td align = \"right\">5,6 g<\/td>\n<\/tr>\n<tr>\n<td>Sal:<\/td>\n<td align = \"right\">37,4 g<\/td>\n<\/tr>\n<\/tbody>\n<\/table>\n<p> <!--Bezeichnung-->Mezcla de especias para platos de carne..<\/p>\n","protected":false},"excerpt":{"rendered":"<p>Mezcla de condimentos para carnes. La presentaci\u00f3n se muestra en la imagen. Ingredientes: sal de mesa, harina de ma\u00edz, piment\u00f3n, az\u00facar, cebolla, tomate, ajo, chile, tomillo, pimienta negra, romero, perejil, mejorana, or\u00e9gano, aceite de canola. Este producto puede contener trazas de: huevos, leche, soja, mostaza, apio, cacahuetes. Conservar en un lugar fresco y seco. Consumir [&hellip;]<\/p>\n","protected":false},"featured_media":1333,"template":"","meta":{"inline_featured_image":false},"product_brand":[],"product_cat":[214,215],"product_tag":[],"class_list":{"0":"post-2266","1":"product","2":"type-product","3":"status-publish","4":"has-post-thumbnail","6":"product_cat-aceites-salsas-y-condimentos","7":"product_cat-salsas-mayonesas-condimentos","9":"first","10":"instock","11":"shipping-taxable","12":"purchasable","13":"product-type-simple"},"acf":[],"_links":{"self":[{"href":"https:\/\/kalinkamagazin.com\/es\/wp-json\/wp\/v2\/product\/2266","targetHints":{"allow":["GET"]}}],"collection":[{"href":"https:\/\/kalinkamagazin.com\/es\/wp-json\/wp\/v2\/product"}],"about":[{"href":"https:\/\/kalinkamagazin.com\/es\/wp-json\/wp\/v2\/types\/product"}],"wp:featuredmedia":[{"embeddable":true,"href":"https:\/\/kalinkamagazin.com\/es\/wp-json\/wp\/v2\/media\/1333"}],"wp:attachment":[{"href":"https:\/\/kalinkamagazin.com\/es\/wp-json\/wp\/v2\/media?parent=2266"}],"wp:term":[{"taxonomy":"product_brand","embeddable":true,"href":"https:\/\/kalinkamagazin.com\/es\/wp-json\/wp\/v2\/product_brand?post=2266"},{"taxonomy":"product_cat","embeddable":true,"href":"https:\/\/kalinkamagazin.com\/es\/wp-json\/wp\/v2\/product_cat?post=2266"},{"taxonomy":"product_tag","embeddable":true,"href":"https:\/\/kalinkamagazin.com\/es\/wp-json\/wp\/v2\/product_tag?post=2266"}],"curies":[{"name":"wp","href":"https:\/\/api.w.org\/{rel}","templated":true}]}}