{"id":2268,"date":"2026-01-29T16:40:01","date_gmt":"2026-01-29T13:40:01","guid":{"rendered":"https:\/\/kalinkamagazin.com\/product\/2183-condimento-para-rellenos-de-carne-y-chuletas-es\/"},"modified":"2026-01-29T17:05:57","modified_gmt":"2026-01-29T14:05:57","slug":"2183-condimento-para-rellenos-de-carne-y-chuletas-es","status":"publish","type":"product","link":"https:\/\/kalinkamagazin.com\/es\/product\/2183-condimento-para-rellenos-de-carne-y-chuletas-es\/","title":{"rendered":"Condimento para rellenos de carne y chuletas"},"content":{"rendered":"<p>La opci\u00f3n de presentaci\u00f3n se muestra en la imagen. Ingredientes: sal de mesa, semillas de cilantro, ajo, cebolla, az\u00facar, piment\u00f3n picante, chile, comino, pimienta negra (2,5%), pimiento rojo, ajedrea, romero, albahaca, jengibre, mejorana, bayas de enebro, aceite de colza. Puede contener: gluten, huevos, leche, soja, mostaza y cacahuetes. Conservar en un lugar fresco y seco. Consumir preferentemente antes de: ver en la segunda l\u00ednea del reverso. Ventas: Lackmann Fleisch- und Feinkostfabrik GmbH, Carl Benz Stra\u00dfe 10, 77731 Willst\u00e4tt, Alemania. <!--NWT-Text-->Valor nutricional por 100 g: Valor energ\u00e9tico: 822 kJ \/ 197 kcal, Grasas: 5,4 g, de las cuales saturadas: 0,6 g, Hidratos de carbono: 24 g, de los cuales az\u00facares: 6,9 g, Prote\u00ednas: 6,7 g, Sal: 42,7 g, <!--NWT-Table--><\/p>\n<table>\n<tbody>\n<tr>\n<td colspan=\"2\">Valor nutricional por 100 g:<\/td>\n<\/tr>\n<tr>\n<td>Valor energ\u00e9tico:<\/td>\n<td align = \"right\">822 kJ\/197 kcal<\/td>\n<\/tr>\n<tr>\n<td>Grasas:<\/td>\n<td align = \"right\">5,4 g<\/td>\n<\/tr>\n<tr>\n<td>de las cuales saturadas: \u00c1cidos:<\/td>\n<td align = \"right\">0,6 g<\/td>\n<\/tr>\n<tr>\n<td>Hidratos de carbono:<\/td>\n<td align = \"right\">24 g<\/td>\n<\/tr>\n<tr>\n<td>- de los cuales az\u00facares:<\/td>\n<td align = \"right\">6,9 g<\/td>\n<\/tr>\n<tr>\n<td>Prote\u00ednas:<\/td>\n<td align = \"right\">6,7 g<\/td>\n<\/tr>\n<tr>\n<td>Sal:<\/td>\n<td align = \"right\">42,7 g<\/td>\n<\/tr>\n<\/tbody>\n<\/table>\n<p> <!--Bezeichnung--><\/p>\n","protected":false},"excerpt":{"rendered":"<p>La opci\u00f3n de presentaci\u00f3n se muestra en la imagen. Ingredientes: sal de mesa, semillas de cilantro, ajo, cebolla, az\u00facar, piment\u00f3n picante, chile, comino, pimienta negra (2,5%), pimiento rojo, ajedrea, romero, albahaca, jengibre, mejorana, bayas de enebro, aceite de colza. Puede contener: gluten, huevos, leche, soja, mostaza y cacahuetes. Conservar en un lugar fresco y seco. [&hellip;]<\/p>\n","protected":false},"featured_media":1339,"template":"","meta":{"inline_featured_image":false},"product_brand":[],"product_cat":[214,215],"product_tag":[],"class_list":{"0":"post-2268","1":"product","2":"type-product","3":"status-publish","4":"has-post-thumbnail","6":"product_cat-aceites-salsas-y-condimentos","7":"product_cat-salsas-mayonesas-condimentos","9":"first","10":"instock","11":"shipping-taxable","12":"purchasable","13":"product-type-simple"},"acf":[],"_links":{"self":[{"href":"https:\/\/kalinkamagazin.com\/es\/wp-json\/wp\/v2\/product\/2268","targetHints":{"allow":["GET"]}}],"collection":[{"href":"https:\/\/kalinkamagazin.com\/es\/wp-json\/wp\/v2\/product"}],"about":[{"href":"https:\/\/kalinkamagazin.com\/es\/wp-json\/wp\/v2\/types\/product"}],"wp:featuredmedia":[{"embeddable":true,"href":"https:\/\/kalinkamagazin.com\/es\/wp-json\/wp\/v2\/media\/1339"}],"wp:attachment":[{"href":"https:\/\/kalinkamagazin.com\/es\/wp-json\/wp\/v2\/media?parent=2268"}],"wp:term":[{"taxonomy":"product_brand","embeddable":true,"href":"https:\/\/kalinkamagazin.com\/es\/wp-json\/wp\/v2\/product_brand?post=2268"},{"taxonomy":"product_cat","embeddable":true,"href":"https:\/\/kalinkamagazin.com\/es\/wp-json\/wp\/v2\/product_cat?post=2268"},{"taxonomy":"product_tag","embeddable":true,"href":"https:\/\/kalinkamagazin.com\/es\/wp-json\/wp\/v2\/product_tag?post=2268"}],"curies":[{"name":"wp","href":"https:\/\/api.w.org\/{rel}","templated":true}]}}