{"id":2269,"date":"2026-01-29T16:39:58","date_gmt":"2026-01-29T13:39:58","guid":{"rendered":"https:\/\/kalinkamagazin.com\/product\/2291-ajvar-casero-al-estilo-caucbsico-es\/"},"modified":"2026-03-16T20:56:50","modified_gmt":"2026-03-16T17:56:50","slug":"2291-ajvar-casero-al-estilo-caucbsico-es","status":"publish","type":"product","link":"https:\/\/kalinkamagazin.com\/es\/product\/2291-ajvar-casero-al-estilo-caucbsico-es\/","title":{"rendered":"Ajvar casero al estilo cauc\u0431sico"},"content":{"rendered":"<p>Caviar de pimiento morr\u00f3n y berenjena a la parrilla. \"Ajvar\". Ingredientes: pimiento morr\u00f3n rojo a la parrilla (50%), berenjena a la parrilla (36%), pulpa de tomate, aceite de girasol, sal, az\u00facar, ajo, pimienta negra. Conservar en un lugar fresco y seco. Consumir preferentemente antes de: ver lateral del envase, segunda l\u00ednea. Distribuci\u00f3n: Lackmann Fleisch- und Feinkostfabrik GmbH, Carl-Benz-Stra\u00dfe 10, 77731 Willst\u00e4tt, Alemania. <!--NWT-Text-->Valor nutricional por 100 g: Valor energ\u00e9tico: 373 kJ \/ 89 kcal, Grasas: 5,0 g, de las cuales \u00e1cidos grasos saturados: 0,5 g, Hidratos de carbono: 9,0 g, de los cuales az\u00facares: 7,8 g, Prote\u00ednas: 2,0 g, Sal: 1,8 g, <!--NWT-Table--><\/p>\n<table>\n<tbody>\n<tr>\n<td colspan=\"2\">Valor nutricional por 100 g:<\/td>\n<\/tr>\n<tr>\n<td>Valor energ\u00e9tico:<\/td>\n<td align = \"right\">373 kJ\/89 kcal<\/td>\n<\/tr>\n<tr>\n<td>Grasas:<\/td>\n<td align = \"right\">5,0 g<\/td>\n<\/tr>\n<tr>\n<td>de las cuales \u00e1cidos grasos saturados:<\/td>\n<td align = \"right\">0.5 g<\/td>\n<\/tr>\n<tr>\n<td>Hidratos de carbono:<\/td>\n<td align = \"right\">9.0 g<\/td>\n<\/tr>\n<tr>\n<td>- de los cuales az\u00facares:<\/td>\n<td align = \"right\">7.8 g<\/td>\n<\/tr>\n<tr>\n<td>Prote\u00ednas:<\/td>\n<td align = \"right\">2.0 g<\/td>\n<\/tr>\n<tr>\n<td>Sal:<\/td>\n<td align = \"right\">1.8 g<\/td>\n<\/tr>\n<\/tbody>\n<\/table>\n<p> <!--Bezeichnung-->Caviar de pimiento morr\u00f3n a la parrilla y berenjena. \"Ajvar\".<\/p>\n","protected":false},"excerpt":{"rendered":"<p>Caviar de pimiento morr\u00f3n y berenjena a la parrilla. \"Ajvar\". Ingredientes: pimiento morr\u00f3n rojo a la parrilla (50%), berenjena a la parrilla (36%), pulpa de tomate, aceite de girasol, sal, az\u00facar, ajo, pimienta negra. Conservar en un lugar fresco y seco. Consumir preferentemente antes de: ver lateral del envase, segunda l\u00ednea. Distribuci\u00f3n: Lackmann Fleisch- und [&hellip;]<\/p>\n","protected":false},"featured_media":1342,"template":"","meta":{"inline_featured_image":false},"product_brand":[],"product_cat":[195,198],"product_tag":[],"class_list":{"0":"post-2269","1":"product","2":"type-product","3":"status-publish","4":"has-post-thumbnail","6":"product_cat-conservas","7":"product_cat-conservas-otros","9":"first","10":"instock","11":"shipping-taxable","12":"purchasable","13":"product-type-simple"},"acf":[],"_links":{"self":[{"href":"https:\/\/kalinkamagazin.com\/es\/wp-json\/wp\/v2\/product\/2269","targetHints":{"allow":["GET"]}}],"collection":[{"href":"https:\/\/kalinkamagazin.com\/es\/wp-json\/wp\/v2\/product"}],"about":[{"href":"https:\/\/kalinkamagazin.com\/es\/wp-json\/wp\/v2\/types\/product"}],"wp:featuredmedia":[{"embeddable":true,"href":"https:\/\/kalinkamagazin.com\/es\/wp-json\/wp\/v2\/media\/1342"}],"wp:attachment":[{"href":"https:\/\/kalinkamagazin.com\/es\/wp-json\/wp\/v2\/media?parent=2269"}],"wp:term":[{"taxonomy":"product_brand","embeddable":true,"href":"https:\/\/kalinkamagazin.com\/es\/wp-json\/wp\/v2\/product_brand?post=2269"},{"taxonomy":"product_cat","embeddable":true,"href":"https:\/\/kalinkamagazin.com\/es\/wp-json\/wp\/v2\/product_cat?post=2269"},{"taxonomy":"product_tag","embeddable":true,"href":"https:\/\/kalinkamagazin.com\/es\/wp-json\/wp\/v2\/product_tag?post=2269"}],"curies":[{"name":"wp","href":"https:\/\/api.w.org\/{rel}","templated":true}]}}