{"id":2270,"date":"2026-01-29T16:39:37","date_gmt":"2026-01-29T13:39:37","guid":{"rendered":"https:\/\/kalinkamagazin.com\/product\/2339-imbn-boyaldy-en-caucbsico-es\/"},"modified":"2026-01-29T17:05:31","modified_gmt":"2026-01-29T14:05:31","slug":"2339-imbn-boyaldy-en-caucbsico-es","status":"publish","type":"product","link":"https:\/\/kalinkamagazin.com\/es\/product\/2339-imbn-boyaldy-en-caucbsico-es\/","title":{"rendered":"Im\u0431n boyaldy, en cauc\u0431sico"},"content":{"rendered":"<p>Berenjena en rodajas y frita con tomate y perejil. Ingredientes: berenjena 45%, tomate 20%, aceite de girasol, pulpa de tomate, cebolla, sal, ajo, az\u00facar, perejil 0,2%, pimienta negra molida, pimienta de Jamaica molida. Conservar en un lugar fresco y seco. Distribuci\u00f3n: Lackmann Fleisch- und Feinkostfabrik GmbH, Carl-Benz-Stra\u00dfe 10, 77731 Willst\u00e4tt, Alemania. Consumir preferentemente antes del: ver lateral del envase, segunda l\u00ednea. <!--NWT-Text-->Valor nutricional por 100 g: Valor energ\u00e9tico: 831 kJ \/ 199 kcal, Grasas: 17 g, de las cuales saturadas: 1,7 g, Hidratos de carbono: 10 g, de los cuales az\u00facares: 6,0 g, Prote\u00ednas: 1,4 g, Sal: 1,2 g, <!--NWT-Table--><\/p>\n<table>\n<tbody>\n<tr>\n<td colspan=\"2\">Valor nutricional por 100 g:<\/td>\n<\/tr>\n<tr>\n<td>Valor energ\u00e9tico:<\/td>\n<td align = \"right\">831 kJ\/199 kcal<\/td>\n<\/tr>\n<tr>\n<td>Grasas:<\/td>\n<td align = \"right\">17 g<\/td>\n<\/tr>\n<tr>\n<td>de las cuales saturadas:<\/td>\n<td align = \"right\">1,7 g<\/td>\n<\/tr>\n<tr>\n<td>Hidratos de carbono:<\/td>\n<td align = \"right\">10 g<\/td>\n<\/tr>\n<tr>\n<td>- de los cuales az\u00facares:<\/td>\n<td align = \"right\">6,0 g<\/td>\n<\/tr>\n<tr>\n<td>Prote\u00ednas:<\/td>\n<td align = \"right\">1,4 g<\/td>\n<\/tr>\n<tr>\n<td>Sal:<\/td>\n<td align = \"right\">1,2 g<\/td>\n<\/tr>\n<\/tbody>\n<\/table>\n<p> <!--Bezeichnung-->Berenjenas cortadas en rodajas y fritas con tomate y perejil.<\/p>\n","protected":false},"excerpt":{"rendered":"<p>Berenjena en rodajas y frita con tomate y perejil. Ingredientes: berenjena 45%, tomate 20%, aceite de girasol, pulpa de tomate, cebolla, sal, ajo, az\u00facar, perejil 0,2%, pimienta negra molida, pimienta de Jamaica molida. Conservar en un lugar fresco y seco. Distribuci\u00f3n: Lackmann Fleisch- und Feinkostfabrik GmbH, Carl-Benz-Stra\u00dfe 10, 77731 Willst\u00e4tt, Alemania. Consumir preferentemente antes del: [&hellip;]<\/p>\n","protected":false},"featured_media":1366,"template":"","meta":{"inline_featured_image":false},"product_brand":[],"product_cat":[195,198],"product_tag":[],"class_list":{"0":"post-2270","1":"product","2":"type-product","3":"status-publish","4":"has-post-thumbnail","6":"product_cat-conservas","7":"product_cat-conservas-otros","9":"first","10":"instock","11":"shipping-taxable","12":"purchasable","13":"product-type-simple"},"acf":[],"_links":{"self":[{"href":"https:\/\/kalinkamagazin.com\/es\/wp-json\/wp\/v2\/product\/2270","targetHints":{"allow":["GET"]}}],"collection":[{"href":"https:\/\/kalinkamagazin.com\/es\/wp-json\/wp\/v2\/product"}],"about":[{"href":"https:\/\/kalinkamagazin.com\/es\/wp-json\/wp\/v2\/types\/product"}],"wp:featuredmedia":[{"embeddable":true,"href":"https:\/\/kalinkamagazin.com\/es\/wp-json\/wp\/v2\/media\/1366"}],"wp:attachment":[{"href":"https:\/\/kalinkamagazin.com\/es\/wp-json\/wp\/v2\/media?parent=2270"}],"wp:term":[{"taxonomy":"product_brand","embeddable":true,"href":"https:\/\/kalinkamagazin.com\/es\/wp-json\/wp\/v2\/product_brand?post=2270"},{"taxonomy":"product_cat","embeddable":true,"href":"https:\/\/kalinkamagazin.com\/es\/wp-json\/wp\/v2\/product_cat?post=2270"},{"taxonomy":"product_tag","embeddable":true,"href":"https:\/\/kalinkamagazin.com\/es\/wp-json\/wp\/v2\/product_tag?post=2270"}],"curies":[{"name":"wp","href":"https:\/\/api.w.org\/{rel}","templated":true}]}}