{"id":2271,"date":"2026-01-29T16:39:30","date_gmt":"2026-01-29T13:39:30","guid":{"rendered":"https:\/\/kalinkamagazin.com\/product\/2707-halva-de-girasol-es\/"},"modified":"2026-01-29T17:05:24","modified_gmt":"2026-01-29T14:05:24","slug":"2707-halva-de-girasol-es","status":"publish","type":"product","link":"https:\/\/kalinkamagazin.com\/es\/product\/2707-halva-de-girasol-es\/","title":{"rendered":"Halva de girasol"},"content":{"rendered":"<p>Halva de girasol. El producto se vende solo sin envasar. Ingredientes: semillas de girasol (60,1 %), az\u00facar, jarabe de glucosa y fructosa, extracto de saponaria, emulgente (E471), corrector de acidez (E270), aroma, antioxidantes (E320, E321). Este producto puede contener trazas de: cacahuetes, leche. Conservar en un lugar fresco y seco. Proteger de la luz solar directa. Distribuci\u00f3n: Lackmann Fleisch- und Feinkostfabrik GmbH, Carl Benz Stra\u00dfe 10, 77731 Willst\u00e4tt, Alemania. Fibra diet\u00e9tica: 5,5 g. Consumir preferentemente antes del: ver el pie de imprenta. N\u00famero de lote: ver la fecha de fabricaci\u00f3n. <!--NWT-Text-->Valor nutricional por 100 g: Valor energ\u00e9tico: 2428 kJ \/ 584 kcal, Grasas: 41 g, de las cuales saturadas: 3,5 g, Hidratos de carbono: 42 g, de los cuales az\u00facares: 31 g, Prote\u00ednas: 9,7 g, Sal: <0,1 g, <!--NWT-Table--><\/p>\n<table>\n<tbody>\n<tr>\n<td colspan=\"2\">Valor nutricional por 100 g:<\/td>\n<\/tr>\n<tr>\n<td>Valor energ\u00e9tico:<\/td>\n<td align = \"right\">2428 kJ\/584 kcal<\/td>\n<\/tr>\n<tr>\n<td>Grasas:<\/td>\n<td align = \"right\">41 g<\/td>\n<\/tr>\n<tr>\n<td>de las cuales saturadas:<\/td>\n<td align = \"right\">3,5 g<\/td>\n<\/tr>\n<tr>\n<td>Hidratos de carbono:<\/td>\n<td align = \"right\">42 g<\/td>\n<\/tr>\n<tr>\n<td>- de los cuales az\u00facares:<\/td>\n<td align = \"right\">31 g<\/td>\n<\/tr>\n<tr>\n<td>Prote\u00ednas:<\/td>\n<td align = \"right\">9,7 g<\/td>\n<\/tr>\n<tr>\n<td>Sal:<\/td>\n<td align = \"right\"><0,1 g<\/td>\n<\/tr>\n<\/tbody>\n<\/table>\n<p> <!--Bezeichnung-->Halva de girasol.<\/p>\n","protected":false},"excerpt":{"rendered":"<p>Halva de girasol. El producto se vende solo sin envasar. Ingredientes: semillas de girasol (60,1 %), az\u00facar, jarabe de glucosa y fructosa, extracto de saponaria, emulgente (E471), corrector de acidez (E270), aroma, antioxidantes (E320, E321). Este producto puede contener trazas de: cacahuetes, leche. Conservar en un lugar fresco y seco. Proteger de la luz solar [&hellip;]<\/p>\n","protected":false},"featured_media":1372,"template":"","meta":{"inline_featured_image":false},"product_brand":[],"product_cat":[207],"product_tag":[],"class_list":{"0":"post-2271","1":"product","2":"type-product","3":"status-publish","4":"has-post-thumbnail","6":"product_cat-granos-cereales-y-snacks","8":"first","9":"instock","10":"shipping-taxable","11":"purchasable","12":"product-type-simple"},"acf":[],"_links":{"self":[{"href":"https:\/\/kalinkamagazin.com\/es\/wp-json\/wp\/v2\/product\/2271","targetHints":{"allow":["GET"]}}],"collection":[{"href":"https:\/\/kalinkamagazin.com\/es\/wp-json\/wp\/v2\/product"}],"about":[{"href":"https:\/\/kalinkamagazin.com\/es\/wp-json\/wp\/v2\/types\/product"}],"wp:featuredmedia":[{"embeddable":true,"href":"https:\/\/kalinkamagazin.com\/es\/wp-json\/wp\/v2\/media\/1372"}],"wp:attachment":[{"href":"https:\/\/kalinkamagazin.com\/es\/wp-json\/wp\/v2\/media?parent=2271"}],"wp:term":[{"taxonomy":"product_brand","embeddable":true,"href":"https:\/\/kalinkamagazin.com\/es\/wp-json\/wp\/v2\/product_brand?post=2271"},{"taxonomy":"product_cat","embeddable":true,"href":"https:\/\/kalinkamagazin.com\/es\/wp-json\/wp\/v2\/product_cat?post=2271"},{"taxonomy":"product_tag","embeddable":true,"href":"https:\/\/kalinkamagazin.com\/es\/wp-json\/wp\/v2\/product_tag?post=2271"}],"curies":[{"name":"wp","href":"https:\/\/api.w.org\/{rel}","templated":true}]}}