{"id":2272,"date":"2026-01-29T16:39:22","date_gmt":"2026-01-29T13:39:22","guid":{"rendered":"https:\/\/kalinkamagazin.com\/product\/2710-galletas-de-cuajada-de-azcar-es\/"},"modified":"2026-01-29T17:05:16","modified_gmt":"2026-01-29T14:05:16","slug":"2710-galletas-de-cuajada-de-azcar-es","status":"publish","type":"product","link":"https:\/\/kalinkamagazin.com\/es\/product\/2710-galletas-de-cuajada-de-azcar-es\/","title":{"rendered":"Galletas de cuajada de az\u044acar"},"content":{"rendered":"<p>Galletas de az\u00facar con cuajada. La imagen refleja la direcci\u00f3n del sabor. Ingredientes: <b>harina de trigo,<\/b>az\u00facar, grasas y aceites vegetales (palma, girasol, antioxidantes: (E306)), agua, <b>queso cuajado,<\/b>almid\u00f3n de ma\u00edz, <b>huevo entero de gallina,<\/b>suero de leche,<\/b>sal, levadura qu\u00edmica (E500, E503), regulador de acidez (E330), aromas. Este producto puede contener trazas de: <b>soja,<\/b><b>s\u00e9samo.<\/b> Conservar en un lugar fresco y seco. Consumir preferentemente antes de: Ver sello, segunda oleada. Ventas: Lackmann Fleisch- und Feinkostfabrik GmbH, Carl Benz Stra\u00dfe 10, 77731 Willst\u00e4tt, Alemania. <!--NWT-Text-->Valor nutricional por 100 g: Valor energ\u00e9tico: 1930 kJ \/ 460 kcal, Grasas: 18 g, de las cuales saturadas: 5,4 g, Hidratos de carbono: 66 g, de los cuales az\u00facares: 21 g, Prote\u00ednas: 8,0 g, Sal: 0,40 g, <!--NWT-Table--><\/p>\n<table>\n<tbody>\n<tr>\n<td colspan=\"2\">Valor nutricional por 100 g:<\/td>\n<\/tr>\n<tr>\n<td>Valor energ\u00e9tico:<\/td>\n<td align = \"right\">1930 kJ\/460 kcal<\/td>\n<\/tr>\n<tr>\n<td>Grasas:<\/td>\n<td align = \"right\">18 g<\/td>\n<\/tr>\n<tr>\n<td>de las cuales saturadas:<\/td>\n<td align = \"right\">5,4 g<\/td>\n<\/tr>\n<tr>\n<td>Hidratos de carbono:<\/td>\n<td align = \"right\">66 g<\/td>\n<\/tr>\n<tr>\n<td>- de los cuales az\u00facares:<\/td>\n<td align = \"right\">21 g<\/td>\n<\/tr>\n<tr>\n<td>Prote\u00ednas:<\/td>\n<td align = \"right\">8,0 g<\/td>\n<\/tr>\n<tr>\n<td>Sal:<\/td>\n<td align = \"right\">0,40 g<\/td>\n<\/tr>\n<\/tbody>\n<\/table>\n<p> <!--Bezeichnung-->Galletas de az\u00facar Cuajada.<\/p>\n","protected":false},"excerpt":{"rendered":"<p>Galletas de az\u00facar con cuajada. La imagen refleja la direcci\u00f3n del sabor. Ingredientes: harina de trigo,az\u00facar, grasas y aceites vegetales (palma, girasol, antioxidantes: (E306)), agua, queso cuajado,almid\u00f3n de ma\u00edz, huevo entero de gallina,suero de leche,sal, levadura qu\u00edmica (E500, E503), regulador de acidez (E330), aromas. Este producto puede contener trazas de: soja,s\u00e9samo. Conservar en un lugar [&hellip;]<\/p>\n","protected":false},"featured_media":1378,"template":"","meta":{"inline_featured_image":false},"product_brand":[],"product_cat":[238,245],"product_tag":[],"class_list":{"0":"post-2272","1":"product","2":"type-product","3":"status-publish","4":"has-post-thumbnail","6":"product_cat-dulces-y-reposteria","7":"product_cat-galletas","9":"first","10":"instock","11":"shipping-taxable","12":"purchasable","13":"product-type-simple"},"acf":[],"_links":{"self":[{"href":"https:\/\/kalinkamagazin.com\/es\/wp-json\/wp\/v2\/product\/2272","targetHints":{"allow":["GET"]}}],"collection":[{"href":"https:\/\/kalinkamagazin.com\/es\/wp-json\/wp\/v2\/product"}],"about":[{"href":"https:\/\/kalinkamagazin.com\/es\/wp-json\/wp\/v2\/types\/product"}],"wp:featuredmedia":[{"embeddable":true,"href":"https:\/\/kalinkamagazin.com\/es\/wp-json\/wp\/v2\/media\/1378"}],"wp:attachment":[{"href":"https:\/\/kalinkamagazin.com\/es\/wp-json\/wp\/v2\/media?parent=2272"}],"wp:term":[{"taxonomy":"product_brand","embeddable":true,"href":"https:\/\/kalinkamagazin.com\/es\/wp-json\/wp\/v2\/product_brand?post=2272"},{"taxonomy":"product_cat","embeddable":true,"href":"https:\/\/kalinkamagazin.com\/es\/wp-json\/wp\/v2\/product_cat?post=2272"},{"taxonomy":"product_tag","embeddable":true,"href":"https:\/\/kalinkamagazin.com\/es\/wp-json\/wp\/v2\/product_tag?post=2272"}],"curies":[{"name":"wp","href":"https:\/\/api.w.org\/{rel}","templated":true}]}}