{"id":2275,"date":"2026-01-29T16:39:01","date_gmt":"2026-01-29T13:39:01","guid":{"rendered":"https:\/\/kalinkamagazin.com\/product\/2971-galletas-de-pasas-de-otoso-es\/"},"modified":"2026-01-29T17:04:54","modified_gmt":"2026-01-29T14:04:54","slug":"2971-galletas-de-pasas-de-otoso-es","status":"publish","type":"product","link":"https:\/\/kalinkamagazin.com\/es\/product\/2971-galletas-de-pasas-de-otoso-es\/","title":{"rendered":"Galletas de pasas de oto\u0441o"},"content":{"rendered":"<p>Bizcochos de az\u00facar con pasas \"Oto\u00f1o\". Ingredientes: <b>harina de trigo,<\/b> az\u00facar,<\/b> pasas 5%, grasa de reposter\u00eda (grasas y aceites vegetales [palma, girasol, soja],<\/b> agua,<\/b> emulsionantes: (E475, E471),<\/b> sal,<\/b> az\u00facar, conservante: (E202), corrector de acidez: (E330),<\/b> aroma,<\/b> colorante: (E160a),<\/b> antioxidantes: (E300, E307)),<\/b> levadura, sal, extracto (t\u00e9 verde),<\/b> correctores de acidez: (E500, E330),<\/b> aroma. Conservar en un lugar fresco y seco. Ventas: Lackmann Fleisch- und Feinkostfabrik GmbH, Carl Benz Stra\u00dfe 10, 77731 Willst\u00e4tt, Alemania. La vida \u00fatil m\u00ednima sin abrir es de: ver pie de imprenta, segunda l\u00ednea. <!--NWT-Text-->Valor nutricional por 100 g: Valor energ\u00e9tico: 1715 kJ \/ 410 kcal, Grasas: 4,0 g, de las cuales saturadas: 2,0 g, Hidratos de carbono: 85 g, de los cuales az\u00facares: 11 g, Prote\u00ednas: 8,5 g, Sal: 0,80 g, <!--NWT-Table--><\/p>\n<table>\n<tbody>\n<tr>\n<td colspan=\"2\">Valor nutricional por 100 g:<\/td>\n<\/tr>\n<tr>\n<td>Valor energ\u00e9tico:<\/td>\n<td align = \"right\">1715 kJ\/410 kcal<\/td>\n<\/tr>\n<tr>\n<td>Grasas:<\/td>\n<td align = \"right\">4,0 g<\/td>\n<\/tr>\n<tr>\n<td>de las cuales saturadas:<\/td>\n<td align = \"right\">2,0 g<\/td>\n<\/tr>\n<tr>\n<td>Hidratos de carbono:<\/td>\n<td align = \"right\">85 g<\/td>\n<\/tr>\n<tr>\n<td>- de los cuales az\u00facares:<\/td>\n<td align = \"right\">11 g<\/td>\n<\/tr>\n<tr>\n<td>Prote\u00ednas:<\/td>\n<td align = \"right\">8,5 g<\/td>\n<\/tr>\n<tr>\n<td>Sal:<\/td>\n<td align = \"right\">0,80 g<\/td>\n<\/tr>\n<\/tbody>\n<\/table>\n<p> <!--Bezeichnung-->Galletas de az\u00facar con pasas \"Oto\u00f1o\".<\/p>\n","protected":false},"excerpt":{"rendered":"<p>Bizcochos de az\u00facar con pasas \"Oto\u00f1o\". Ingredientes: harina de trigo, az\u00facar, pasas 5%, grasa de reposter\u00eda (grasas y aceites vegetales [palma, girasol, soja], agua, emulsionantes: (E475, E471), sal, az\u00facar, conservante: (E202), corrector de acidez: (E330), aroma, colorante: (E160a), antioxidantes: (E300, E307)), levadura, sal, extracto (t\u00e9 verde), correctores de acidez: (E500, E330), aroma. Conservar en un [&hellip;]<\/p>\n","protected":false},"featured_media":1414,"template":"","meta":{"inline_featured_image":false},"product_brand":[],"product_cat":[238,242],"product_tag":[],"class_list":{"0":"post-2275","1":"product","2":"type-product","3":"status-publish","4":"has-post-thumbnail","6":"product_cat-dulces-y-reposteria","7":"product_cat-productos-de-confiteria","9":"first","10":"instock","11":"shipping-taxable","12":"purchasable","13":"product-type-simple"},"acf":[],"_links":{"self":[{"href":"https:\/\/kalinkamagazin.com\/es\/wp-json\/wp\/v2\/product\/2275","targetHints":{"allow":["GET"]}}],"collection":[{"href":"https:\/\/kalinkamagazin.com\/es\/wp-json\/wp\/v2\/product"}],"about":[{"href":"https:\/\/kalinkamagazin.com\/es\/wp-json\/wp\/v2\/types\/product"}],"wp:featuredmedia":[{"embeddable":true,"href":"https:\/\/kalinkamagazin.com\/es\/wp-json\/wp\/v2\/media\/1414"}],"wp:attachment":[{"href":"https:\/\/kalinkamagazin.com\/es\/wp-json\/wp\/v2\/media?parent=2275"}],"wp:term":[{"taxonomy":"product_brand","embeddable":true,"href":"https:\/\/kalinkamagazin.com\/es\/wp-json\/wp\/v2\/product_brand?post=2275"},{"taxonomy":"product_cat","embeddable":true,"href":"https:\/\/kalinkamagazin.com\/es\/wp-json\/wp\/v2\/product_cat?post=2275"},{"taxonomy":"product_tag","embeddable":true,"href":"https:\/\/kalinkamagazin.com\/es\/wp-json\/wp\/v2\/product_tag?post=2275"}],"curies":[{"name":"wp","href":"https:\/\/api.w.org\/{rel}","templated":true}]}}