{"id":2281,"date":"2026-01-29T16:38:37","date_gmt":"2026-01-29T13:38:37","guid":{"rendered":"https:\/\/kalinkamagazin.com\/product\/3220-galletas-de-nueces-con-leche-condensada-es\/"},"modified":"2026-01-29T17:04:32","modified_gmt":"2026-01-29T14:04:32","slug":"3220-galletas-de-nueces-con-leche-condensada-es","status":"publish","type":"product","link":"https:\/\/kalinkamagazin.com\/es\/product\/3220-galletas-de-nueces-con-leche-condensada-es\/","title":{"rendered":"Galletas de nueces con leche condensada"},"content":{"rendered":"<p>Ingredientes: Relleno de crema con 50 % de leche: az\u00facar, agua, leche desnatada en polvo, aceite de palma, espesante (almid\u00f3n modificado, E509), estabilizante (E407), conservante (E200), espesante (E440), regulador de acidez (E500), harina de trigo, grasas y aceites vegetales (palma, manteca de karit\u00e9), agua, az\u00facar glas, jarabe de az\u00facar invertido (az\u00facar, agua, reguladores de acidez: E330, E500), huevo entero en polvo, aceite de palma, aroma. Conservar en un lugar fresco y seco. Distribuci\u00f3n: Lackmann Fleisch- und Feinkostfabrik GmbH, Carl Benz Stra\u00dfe 10, 77731 Willst\u00e4tt, Alemania. Consumir preferentemente antes de: ver etiqueta adicional. Informaci\u00f3n nutricional por 100 g: Energ\u00eda: 1930 kJ \/ 461 kcal, Grasas: 22 g, de las cuales saturadas: 7,1 g, Hidratos de carbono: 58 g, de los cuales az\u00facares: 30 g, Prote\u00ednas: 7,8 g, Sal: 0 g. <!--NWT-Table--><\/p>\n<table>\n<tbody>\n<tr>\n<td colspan=\"2\">Informaci\u00f3n nutricional por 100 g:<\/td>\n<\/tr>\n<tr>\n<td>Energ\u00eda:<\/td>\n<td align = \"right\">1930 kJ \/ 461 kcal<\/td>\n<\/tr>\n<tr>\n<td>Grasas:<\/td>\n<td align = \"right\">22 g<\/td>\n<\/tr>\n<tr>\n<td>de los cuales saturados:<\/td>\n<td align = \"right\">7,1 g<\/td>\n<\/tr>\n<tr>\n<td>Hidratos de carbono:<\/td>\n<td align = \"right\">58 g<\/td>\n<\/tr>\n<tr>\n<td>- de los cuales az\u00facares:<\/td>\n<td align = \"right\">30 g<\/td>\n<\/tr>\n<tr>\n<td>Prote\u00ednas:<\/td>\n<td align = \"right\">7,8 g<\/td>\n<\/tr>\n<tr>\n<td>Sal:<\/td>\n<td align = \"right\">0 g<\/td>\n<\/tr>\n<\/tbody>\n<\/table>\n<p> <!--Bezeichnung--><\/p>\n","protected":false},"excerpt":{"rendered":"<p>Ingredientes: Relleno de crema con 50 % de leche: az\u00facar, agua, leche desnatada en polvo, aceite de palma, espesante (almid\u00f3n modificado, E509), estabilizante (E407), conservante (E200), espesante (E440), regulador de acidez (E500), harina de trigo, grasas y aceites vegetales (palma, manteca de karit\u00e9), agua, az\u00facar glas, jarabe de az\u00facar invertido (az\u00facar, agua, reguladores de acidez: [&hellip;]<\/p>\n","protected":false},"featured_media":1465,"template":"","meta":{"inline_featured_image":false},"product_brand":[],"product_cat":[238,245],"product_tag":[],"class_list":{"0":"post-2281","1":"product","2":"type-product","3":"status-publish","4":"has-post-thumbnail","6":"product_cat-dulces-y-reposteria","7":"product_cat-galletas","9":"first","10":"instock","11":"shipping-taxable","12":"purchasable","13":"product-type-simple"},"acf":[],"_links":{"self":[{"href":"https:\/\/kalinkamagazin.com\/es\/wp-json\/wp\/v2\/product\/2281","targetHints":{"allow":["GET"]}}],"collection":[{"href":"https:\/\/kalinkamagazin.com\/es\/wp-json\/wp\/v2\/product"}],"about":[{"href":"https:\/\/kalinkamagazin.com\/es\/wp-json\/wp\/v2\/types\/product"}],"wp:featuredmedia":[{"embeddable":true,"href":"https:\/\/kalinkamagazin.com\/es\/wp-json\/wp\/v2\/media\/1465"}],"wp:attachment":[{"href":"https:\/\/kalinkamagazin.com\/es\/wp-json\/wp\/v2\/media?parent=2281"}],"wp:term":[{"taxonomy":"product_brand","embeddable":true,"href":"https:\/\/kalinkamagazin.com\/es\/wp-json\/wp\/v2\/product_brand?post=2281"},{"taxonomy":"product_cat","embeddable":true,"href":"https:\/\/kalinkamagazin.com\/es\/wp-json\/wp\/v2\/product_cat?post=2281"},{"taxonomy":"product_tag","embeddable":true,"href":"https:\/\/kalinkamagazin.com\/es\/wp-json\/wp\/v2\/product_tag?post=2281"}],"curies":[{"name":"wp","href":"https:\/\/api.w.org\/{rel}","templated":true}]}}