{"id":2282,"date":"2026-01-29T16:38:34","date_gmt":"2026-01-29T13:38:34","guid":{"rendered":"https:\/\/kalinkamagazin.com\/product\/3377-tj-verde-de-hoja-grande-jazmnn-es\/"},"modified":"2026-01-29T17:04:28","modified_gmt":"2026-01-29T14:04:28","slug":"3377-tj-verde-de-hoja-grande-jazmnn-es","status":"publish","type":"product","link":"https:\/\/kalinkamagazin.com\/es\/product\/3377-tj-verde-de-hoja-grande-jazmnn-es\/","title":{"rendered":"T\u0439 verde de hoja grande \"Jazm\u043dn\""},"content":{"rendered":"<p>T\u00e9 verde con aroma a jazm\u00edn, aromatizado. La imagen refleja la direcci\u00f3n del sabor. Ingredientes: t\u00e9 verde, aromatizante (jazm\u00edn). Origen del t\u00e9: Sri Lanka. Conservar en un lugar fresco y seco. Verter 200 ml de agua hirviendo sobre 1 o 2 cucharaditas (2-4 g) y remover. A\u00f1adir agua hirviendo y dejar reposar al menos de 3 a 5 minutos. \u00a1Solo as\u00ed se conseguir\u00e1 el \u00e9xito! El producto sin abrir tiene fecha de caducidad: ver la segunda l\u00ednea del pie de imprenta. Ventas: Lackmann Fleisch- und Feinkostfabrik GmbH, Carl Benz Stra\u00dfe 10, 77731 Willst\u00e4tt, Alemania. <!--NWT-Text--> <!--NWT-Table--> <!--Bezeichnung-->T\u00e9 verde con aroma a jazm\u00edn, aromatizado.<\/p>\n","protected":false},"excerpt":{"rendered":"<p>T\u00e9 verde con aroma a jazm\u00edn, aromatizado. La imagen refleja la direcci\u00f3n del sabor. Ingredientes: t\u00e9 verde, aromatizante (jazm\u00edn). Origen del t\u00e9: Sri Lanka. Conservar en un lugar fresco y seco. Verter 200 ml de agua hirviendo sobre 1 o 2 cucharaditas (2-4 g) y remover. A\u00f1adir agua hirviendo y dejar reposar al menos de [&hellip;]<\/p>\n","protected":false},"featured_media":1471,"template":"","meta":{"inline_featured_image":false},"product_brand":[],"product_cat":[251,248],"product_tag":[],"class_list":{"0":"post-2282","1":"product","2":"type-product","3":"status-publish","4":"has-post-thumbnail","6":"product_cat-te","7":"product_cat-te-y-cafe","9":"first","10":"instock","11":"shipping-taxable","12":"purchasable","13":"product-type-simple"},"acf":[],"_links":{"self":[{"href":"https:\/\/kalinkamagazin.com\/es\/wp-json\/wp\/v2\/product\/2282","targetHints":{"allow":["GET"]}}],"collection":[{"href":"https:\/\/kalinkamagazin.com\/es\/wp-json\/wp\/v2\/product"}],"about":[{"href":"https:\/\/kalinkamagazin.com\/es\/wp-json\/wp\/v2\/types\/product"}],"wp:featuredmedia":[{"embeddable":true,"href":"https:\/\/kalinkamagazin.com\/es\/wp-json\/wp\/v2\/media\/1471"}],"wp:attachment":[{"href":"https:\/\/kalinkamagazin.com\/es\/wp-json\/wp\/v2\/media?parent=2282"}],"wp:term":[{"taxonomy":"product_brand","embeddable":true,"href":"https:\/\/kalinkamagazin.com\/es\/wp-json\/wp\/v2\/product_brand?post=2282"},{"taxonomy":"product_cat","embeddable":true,"href":"https:\/\/kalinkamagazin.com\/es\/wp-json\/wp\/v2\/product_cat?post=2282"},{"taxonomy":"product_tag","embeddable":true,"href":"https:\/\/kalinkamagazin.com\/es\/wp-json\/wp\/v2\/product_tag?post=2282"}],"curies":[{"name":"wp","href":"https:\/\/api.w.org\/{rel}","templated":true}]}}