{"id":2285,"date":"2026-01-29T16:38:20","date_gmt":"2026-01-29T13:38:20","guid":{"rendered":"https:\/\/kalinkamagazin.com\/product\/3587-waffles-con-sabor-a-leche-horneada-es\/"},"modified":"2026-05-04T16:28:27","modified_gmt":"2026-05-04T13:28:27","slug":"3587-waffles-con-sabor-a-leche-horneada-es","status":"publish","type":"product","link":"https:\/\/kalinkamagazin.com\/es\/product\/3587-waffles-con-sabor-a-leche-horneada-es\/","title":{"rendered":"Waffles con sabor a leche horneada"},"content":{"rendered":"<p>Gofres de leche horneados. 75 % de relleno. Opciones de presentaci\u00f3n: se muestran en la imagen. Ingredientes: <b>Harina de trigo,<\/b>az\u00facar,<\/b>aceite de coco,<\/b>producto de suero de leche,<\/b>grasa de confiter\u00eda: (grasas y aceites vegetales, parcialmente endurecidos: (palmiste, palma),<\/b>antioxidantes: (E306),<\/b>emulgente: (lecitina (soja)),<\/b>leche desnatada en polvo,<\/b>aceite de girasol,<\/b>almid\u00f3n de ma\u00edz,<\/b>huevo entero en polvo,<\/b>cacao en polvo,<\/b>emulgente: (lecitina (soja)),<\/b>sal de mesa,<\/b>aroma,<\/b>levadura en polvo: (E500),<\/b>antioxidantes: (E300, E307),<\/b>regulador de acidez: (E330). Este producto puede contener trazas de: <b>Cacahuetes,<\/b>s\u00e9samo,<\/b>avellanas, Almendras, anacardos. Conservar en un lugar fresco y seco. Distribuidor: Lackmann Fleisch- und Feinkostfabrik GmbH, Carl Benz Stra\u00dfe 10, 77731 Willst\u00e4tt, Alemania. Consumir preferentemente antes de: ver pie de imprenta, segunda l\u00ednea. Informaci\u00f3n nutricional por 100 g: Valor energ\u00e9tico: 2300 kJ \/ 550 kcal, Grasas: 34 g, de las cuales saturadas: 22 g, Hidratos de carbono: 51 g, de los cuales az\u00facares: 18 g, Prote\u00ednas: 9,0 g, Sal: 0,30 g. \"right\">2300 kJ\/550 kcal<\/td>\n<\/tr>\n<tr>\n<td>Grasas:<\/td>\n<td align = \"right\">34 g<\/td>\n<\/tr>\n<tr>\n<td>- de los cuales \u00e1cidos grasos saturados:<\/td>\n<td align = \"right\">22 g<\/td>\n<\/tr>\n<tr>\n<td>Hidratos de carbono:<\/td>\n<td align = \"right\">51 g<\/td>\n<\/tr>\n<tr>\n<td>- de los cuales az\u00facares:<\/td>\n<td align = \"right\">18 g<\/td>\n<\/tr>\n<tr>\n<td>Prote\u00ednas:<\/td>\n<td align = \"right\">9,0 g<\/td>\n<\/tr>\n<tr>\n<td>Sal:<\/td>\n<td align = \"right\">0,30 g<\/td>\n<\/tr>\n<\/tbody>\n<\/table>\n<p> <!--Bezeichnung-->Gofres \u201cLeche al horno\u201d.<\/p>\n","protected":false},"excerpt":{"rendered":"<p>Gofres de leche horneados. 75 % de relleno. Opciones de presentaci\u00f3n: se muestran en la imagen. Ingredientes: Harina de trigo,az\u00facar,aceite de coco,producto de suero de leche,grasa de confiter\u00eda: (grasas y aceites vegetales, parcialmente endurecidos: (palmiste, palma),antioxidantes: (E306),emulgente: (lecitina (soja)),leche desnatada en polvo,aceite de girasol,almid\u00f3n de ma\u00edz,huevo entero en polvo,cacao en polvo,emulgente: (lecitina (soja)),sal de mesa,aroma,levadura [&hellip;]<\/p>\n","protected":false},"featured_media":1489,"template":"","meta":{"inline_featured_image":false},"product_brand":[],"product_cat":[238,242],"product_tag":[],"class_list":{"0":"post-2285","1":"product","2":"type-product","3":"status-publish","4":"has-post-thumbnail","6":"product_cat-dulces-y-reposteria","7":"product_cat-productos-de-confiteria","9":"first","10":"instock","11":"shipping-taxable","12":"purchasable","13":"product-type-simple"},"acf":[],"_links":{"self":[{"href":"https:\/\/kalinkamagazin.com\/es\/wp-json\/wp\/v2\/product\/2285","targetHints":{"allow":["GET"]}}],"collection":[{"href":"https:\/\/kalinkamagazin.com\/es\/wp-json\/wp\/v2\/product"}],"about":[{"href":"https:\/\/kalinkamagazin.com\/es\/wp-json\/wp\/v2\/types\/product"}],"wp:featuredmedia":[{"embeddable":true,"href":"https:\/\/kalinkamagazin.com\/es\/wp-json\/wp\/v2\/media\/1489"}],"wp:attachment":[{"href":"https:\/\/kalinkamagazin.com\/es\/wp-json\/wp\/v2\/media?parent=2285"}],"wp:term":[{"taxonomy":"product_brand","embeddable":true,"href":"https:\/\/kalinkamagazin.com\/es\/wp-json\/wp\/v2\/product_brand?post=2285"},{"taxonomy":"product_cat","embeddable":true,"href":"https:\/\/kalinkamagazin.com\/es\/wp-json\/wp\/v2\/product_cat?post=2285"},{"taxonomy":"product_tag","embeddable":true,"href":"https:\/\/kalinkamagazin.com\/es\/wp-json\/wp\/v2\/product_tag?post=2285"}],"curies":[{"name":"wp","href":"https:\/\/api.w.org\/{rel}","templated":true}]}}