{"id":2286,"date":"2026-01-29T16:38:16","date_gmt":"2026-01-29T13:38:16","guid":{"rendered":"https:\/\/kalinkamagazin.com\/product\/4279-waffles-con-leche-condensada-hervida-es\/"},"modified":"2026-01-29T17:04:11","modified_gmt":"2026-01-29T14:04:11","slug":"4279-waffles-con-leche-condensada-hervida-es","status":"publish","type":"product","link":"https:\/\/kalinkamagazin.com\/es\/product\/4279-waffles-con-leche-condensada-hervida-es\/","title":{"rendered":"Waffles con leche condensada hervida"},"content":{"rendered":"<p>Obleas Yashkino con leche condensada hervida, EAB161. El dise\u00f1o refleja la direcci\u00f3n del sabor. Ingredientes: <b>Harina de trigo,<\/b>az\u00facar,<\/b>grasas y aceites vegetales (palma, palmiste),<\/b>suero de leche,<\/b>cacao en polvo,<\/b>almid\u00f3n de ma\u00edz,<\/b>leche condensada azucarada (leche entera,<\/b>az\u00facar),<\/b>sal,<\/b>emulgentes (E492),<\/b>lecitina (soja),<\/b>levadura en polvo (E500, E503),<\/b>antioxidantes (E306),<\/b>regulador de acidez (E330),<\/b>aromatizantes. Este producto puede contener trazas de: <b>Cacahuetes,<\/b><b>Frutos secos,<\/b><b>di\u00f3xido de azufre.<\/b>Conservar en un lugar fresco y seco. Consumir preferentemente antes de: ver pie de imprenta, segunda l\u00ednea. <!--NWT-Text-->Valor nutricional por 100 g: Valor energ\u00e9tico: 2160 kJ \/ 520 kcal, Grasas: 27 g, de las cuales saturadas: 15 g, Hidratos de carbono: 63 g, de los cuales az\u00facares: 35 g, Prote\u00ednas: 5,0 g, Sal: 0,20 g, <!--NWT-Table--><\/p>\n<table>\n<tbody>\n<tr>\n<td colspan=\"2\">Valor nutricional por 100 g:<\/td>\n<\/tr>\n<tr>\n<td>Valor energ\u00e9tico:<\/td>\n<td align = \"right\">2160 kJ \/ 520 kcal<\/td>\n<\/tr>\n<tr>\n<td>Grasas:<\/td>\n<td align = \"right\">27 g<\/td>\n<\/tr>\n<tr>\n<td>de los cuales saturados:<\/td>\n<td align = \"right\">15 g<\/td>\n<\/tr>\n<tr>\n<td>Hidratos de carbono:<\/td>\n<td align = \"right\">63 g<\/td>\n<\/tr>\n<tr>\n<td>- de los cuales az\u00facares:<\/td>\n<td align = \"right\">35 g<\/td>\n<\/tr>\n<tr>\n<td>Prote\u00ednas:<\/td>\n<td align = \"right\">5,0 g<\/td>\n<\/tr>\n<tr>\n<td>Sal:<\/td>\n<td align = \"right\">0,20 g<\/td>\n<\/tr>\n<\/tbody>\n<\/table>\n<p> <!--Bezeichnung-->Gofres \"Yashkino\" \"Con leche condensada hervida\", EAB161.<\/p>\n","protected":false},"excerpt":{"rendered":"<p>Obleas Yashkino con leche condensada hervida, EAB161. El dise\u00f1o refleja la direcci\u00f3n del sabor. Ingredientes: Harina de trigo,az\u00facar,grasas y aceites vegetales (palma, palmiste),suero de leche,cacao en polvo,almid\u00f3n de ma\u00edz,leche condensada azucarada (leche entera,az\u00facar),sal,emulgentes (E492),lecitina (soja),levadura en polvo (E500, E503),antioxidantes (E306),regulador de acidez (E330),aromatizantes. Este producto puede contener trazas de: Cacahuetes,Frutos secos,di\u00f3xido de azufre.Conservar en un [&hellip;]<\/p>\n","protected":false},"featured_media":1492,"template":"","meta":{"inline_featured_image":false},"product_brand":[],"product_cat":[238,242],"product_tag":[],"class_list":{"0":"post-2286","1":"product","2":"type-product","3":"status-publish","4":"has-post-thumbnail","6":"product_cat-dulces-y-reposteria","7":"product_cat-productos-de-confiteria","9":"first","10":"instock","11":"shipping-taxable","12":"purchasable","13":"product-type-simple"},"acf":[],"_links":{"self":[{"href":"https:\/\/kalinkamagazin.com\/es\/wp-json\/wp\/v2\/product\/2286","targetHints":{"allow":["GET"]}}],"collection":[{"href":"https:\/\/kalinkamagazin.com\/es\/wp-json\/wp\/v2\/product"}],"about":[{"href":"https:\/\/kalinkamagazin.com\/es\/wp-json\/wp\/v2\/types\/product"}],"wp:featuredmedia":[{"embeddable":true,"href":"https:\/\/kalinkamagazin.com\/es\/wp-json\/wp\/v2\/media\/1492"}],"wp:attachment":[{"href":"https:\/\/kalinkamagazin.com\/es\/wp-json\/wp\/v2\/media?parent=2286"}],"wp:term":[{"taxonomy":"product_brand","embeddable":true,"href":"https:\/\/kalinkamagazin.com\/es\/wp-json\/wp\/v2\/product_brand?post=2286"},{"taxonomy":"product_cat","embeddable":true,"href":"https:\/\/kalinkamagazin.com\/es\/wp-json\/wp\/v2\/product_cat?post=2286"},{"taxonomy":"product_tag","embeddable":true,"href":"https:\/\/kalinkamagazin.com\/es\/wp-json\/wp\/v2\/product_tag?post=2286"}],"curies":[{"name":"wp","href":"https:\/\/api.w.org\/{rel}","templated":true}]}}