{"id":2287,"date":"2026-01-29T16:38:13","date_gmt":"2026-01-29T13:38:13","guid":{"rendered":"https:\/\/kalinkamagazin.com\/product\/4282-waffles-cremosos-es\/"},"modified":"2026-01-29T17:04:06","modified_gmt":"2026-01-29T14:04:06","slug":"4282-waffles-cremosos-es","status":"publish","type":"product","link":"https:\/\/kalinkamagazin.com\/es\/product\/4282-waffles-cremosos-es\/","title":{"rendered":"Waffles cremosos"},"content":{"rendered":"<p>Obleas \"Yashkino\" con sabor cremoso. EAB165. La imagen refleja la direcci\u00f3n del sabor. Relleno: 70 %. Ingredientes: <b>harina de trigo,<\/b>az\u00facar, grasas y aceites vegetales (palma, palmiste), <b>producto de suero de leche,<\/b>leche entera en polvo,<\/b>almid\u00f3n de ma\u00edz, sal, emulgente: lecitina de soja,<\/b>aromatizantes, antioxidantes (E306), levadura qu\u00edmica (E503, E500). Este producto puede contener trazas de: <b>cacahuetes,<\/b><b>frutos secos,<\/b><b>di\u00f3xido de azufre.<\/b>Conservar en un lugar fresco y seco. Consumir preferentemente antes de: ver la segunda l\u00ednea del pie de imprenta. Ventas: Lackmann Fleisch- und Feinkostfabrik GmbH, Carl Benz Stra\u00dfe 10, 77731 Willst\u00e4tt, Alemania. <!--NWT-Text-->Valor nutricional por 100 g: Valor energ\u00e9tico: 2230 kJ \/ 530 kcal, Grasas: 29 g, de las cuales saturadas: 15 g, Hidratos de carbono: 63 g, de los cuales az\u00facares: 33 g, Prote\u00ednas: 1,1 g, Sal: 0,20 g, <!--NWT-Table--><\/p>\n<table>\n<tbody>\n<tr>\n<td colspan=\"2\">Valor nutricional por 100 g:<\/td>\n<\/tr>\n<tr>\n<td>Valor energ\u00e9tico:<\/td>\n<td align = \"right\">2230 kJ\/530 kcal<\/td>\n<\/tr>\n<tr>\n<td>Grasas:<\/td>\n<td align = \"right\">29 g<\/td>\n<\/tr>\n<tr>\n<td>de las cuales saturadas:<\/td>\n<td align = \"right\">15 g<\/td>\n<\/tr>\n<tr>\n<td>Hidratos de carbono:<\/td>\n<td align = \"right\">63 g<\/td>\n<\/tr>\n<tr>\n<td>- de los cuales az\u00facares:<\/td>\n<td align = \"right\">33 g<\/td>\n<\/tr>\n<tr>\n<td>Prote\u00ednas:<\/td>\n<td align = \"right\">1,1 g<\/td>\n<\/tr>\n<tr>\n<td>Sal:<\/td>\n<td align = \"right\">0,20 g<\/td>\n<\/tr>\n<\/tbody>\n<\/table>\n<p> <!--Bezeichnung-->Gofres \"Yashkino\" \"Con sabor cremoso\". EAB165.<\/p>\n","protected":false},"excerpt":{"rendered":"<p>Obleas \"Yashkino\" con sabor cremoso. EAB165. La imagen refleja la direcci\u00f3n del sabor. Relleno: 70 %. Ingredientes: harina de trigo,az\u00facar, grasas y aceites vegetales (palma, palmiste), producto de suero de leche,leche entera en polvo,almid\u00f3n de ma\u00edz, sal, emulgente: lecitina de soja,aromatizantes, antioxidantes (E306), levadura qu\u00edmica (E503, E500). Este producto puede contener trazas de: cacahuetes,frutos secos,di\u00f3xido [&hellip;]<\/p>\n","protected":false},"featured_media":1495,"template":"","meta":{"inline_featured_image":false},"product_brand":[],"product_cat":[238,242],"product_tag":[],"class_list":{"0":"post-2287","1":"product","2":"type-product","3":"status-publish","4":"has-post-thumbnail","6":"product_cat-dulces-y-reposteria","7":"product_cat-productos-de-confiteria","9":"first","10":"instock","11":"shipping-taxable","12":"purchasable","13":"product-type-simple"},"acf":[],"_links":{"self":[{"href":"https:\/\/kalinkamagazin.com\/es\/wp-json\/wp\/v2\/product\/2287","targetHints":{"allow":["GET"]}}],"collection":[{"href":"https:\/\/kalinkamagazin.com\/es\/wp-json\/wp\/v2\/product"}],"about":[{"href":"https:\/\/kalinkamagazin.com\/es\/wp-json\/wp\/v2\/types\/product"}],"wp:featuredmedia":[{"embeddable":true,"href":"https:\/\/kalinkamagazin.com\/es\/wp-json\/wp\/v2\/media\/1495"}],"wp:attachment":[{"href":"https:\/\/kalinkamagazin.com\/es\/wp-json\/wp\/v2\/media?parent=2287"}],"wp:term":[{"taxonomy":"product_brand","embeddable":true,"href":"https:\/\/kalinkamagazin.com\/es\/wp-json\/wp\/v2\/product_brand?post=2287"},{"taxonomy":"product_cat","embeddable":true,"href":"https:\/\/kalinkamagazin.com\/es\/wp-json\/wp\/v2\/product_cat?post=2287"},{"taxonomy":"product_tag","embeddable":true,"href":"https:\/\/kalinkamagazin.com\/es\/wp-json\/wp\/v2\/product_tag?post=2287"}],"curies":[{"name":"wp","href":"https:\/\/api.w.org\/{rel}","templated":true}]}}