{"id":2288,"date":"2026-01-29T16:38:09","date_gmt":"2026-01-29T13:38:09","guid":{"rendered":"https:\/\/kalinkamagazin.com\/product\/4283-gofres-con-halva-es\/"},"modified":"2026-01-29T17:04:02","modified_gmt":"2026-01-29T14:04:02","slug":"4283-gofres-con-halva-es","status":"publish","type":"product","link":"https:\/\/kalinkamagazin.com\/es\/product\/4283-gofres-con-halva-es\/","title":{"rendered":"Gofres con halva"},"content":{"rendered":"<p>Obleas \"Yashkino\" \"Con halva\" EAB167. La imagen refleja la direcci\u00f3n del sabor. Relleno: 70 %. Ingredientes: <b>Harina de trigo<\/b>, con un plato tradicional de semillas de girasol 26,5 % (semillas de girasol, jarabe de almid\u00f3n, az\u00facar, extracto de ra\u00edz de regaliz), az\u00facar, grasas y aceites vegetales (palma, palmiste), agua, almid\u00f3n de ma\u00edz, sal, <b>Huevo entero en polvo<\/b>, emulgente: lecitina de soja, antioxidantes: (E306), levadura qu\u00edmica: (E500), regulador de acidez: (E330). Este producto puede contener trazas de: <b>Cacahuetes<\/b><b>Frutos secos<\/b><b>Leche<\/b><b>Di\u00f3xido de azufre<\/b>. Conservar en un lugar fresco y seco. Consumir preferentemente antes del: ver la segunda l\u00ednea del pie de imprenta. Distribuci\u00f3n: Lackmann Fleisch- und Feinkostfabrik GmbH, Carl Benz Stra\u00dfe 10, 77731 Willst\u00e4tt, Alemania. <!--NWT-Text-->Valor nutricional por 100 g: Valor energ\u00e9tico: 2110 kJ \/ 500 kcal, Grasas: 26 g, de las cuales saturadas: 11 g, Hidratos de carbono: 60 g, de los cuales az\u00facares: 34 g, Prote\u00ednas: 7,5 g, Sal: 0,20 g, <!--NWT-Table--><\/p>\n<table>\n<tbody>\n<tr>\n<td colspan=\"2\">Valor nutricional por 100 g:<\/td>\n<\/tr>\n<tr>\n<td>Valor energ\u00e9tico:<\/td>\n<td align = \"right\">2110 kJ\/500 kcal<\/td>\n<\/tr>\n<tr>\n<td>Grasas:<\/td>\n<td align = \"right\">26 g<\/td>\n<\/tr>\n<tr>\n<td>de las cuales saturadas:<\/td>\n<td align = \"right\">11 g<\/td>\n<\/tr>\n<tr>\n<td>Hidratos de carbono:<\/td>\n<td align = \"right\">60 g<\/td>\n<\/tr>\n<tr>\n<td>- de los cuales az\u00facares:<\/td>\n<td align = \"right\">34 g<\/td>\n<\/tr>\n<tr>\n<td>Prote\u00ednas:<\/td>\n<td align = \"right\">7,5 g<\/td>\n<\/tr>\n<tr>\n<td>Sal:<\/td>\n<td align = \"right\">0,20 g<\/td>\n<\/tr>\n<\/tbody>\n<\/table>\n<p> <!--Bezeichnung-->Gofres \"Yashkino\" \"Con halva\" EAB167.<\/p>\n","protected":false},"excerpt":{"rendered":"<p>Obleas \"Yashkino\" \"Con halva\" EAB167. La imagen refleja la direcci\u00f3n del sabor. Relleno: 70 %. Ingredientes: Harina de trigo, con un plato tradicional de semillas de girasol 26,5 % (semillas de girasol, jarabe de almid\u00f3n, az\u00facar, extracto de ra\u00edz de regaliz), az\u00facar, grasas y aceites vegetales (palma, palmiste), agua, almid\u00f3n de ma\u00edz, sal, Huevo entero [&hellip;]<\/p>\n","protected":false},"featured_media":1498,"template":"","meta":{"inline_featured_image":false},"product_brand":[],"product_cat":[238,242],"product_tag":[],"class_list":{"0":"post-2288","1":"product","2":"type-product","3":"status-publish","4":"has-post-thumbnail","6":"product_cat-dulces-y-reposteria","7":"product_cat-productos-de-confiteria","9":"first","10":"instock","11":"shipping-taxable","12":"purchasable","13":"product-type-simple"},"acf":[],"_links":{"self":[{"href":"https:\/\/kalinkamagazin.com\/es\/wp-json\/wp\/v2\/product\/2288","targetHints":{"allow":["GET"]}}],"collection":[{"href":"https:\/\/kalinkamagazin.com\/es\/wp-json\/wp\/v2\/product"}],"about":[{"href":"https:\/\/kalinkamagazin.com\/es\/wp-json\/wp\/v2\/types\/product"}],"wp:featuredmedia":[{"embeddable":true,"href":"https:\/\/kalinkamagazin.com\/es\/wp-json\/wp\/v2\/media\/1498"}],"wp:attachment":[{"href":"https:\/\/kalinkamagazin.com\/es\/wp-json\/wp\/v2\/media?parent=2288"}],"wp:term":[{"taxonomy":"product_brand","embeddable":true,"href":"https:\/\/kalinkamagazin.com\/es\/wp-json\/wp\/v2\/product_brand?post=2288"},{"taxonomy":"product_cat","embeddable":true,"href":"https:\/\/kalinkamagazin.com\/es\/wp-json\/wp\/v2\/product_cat?post=2288"},{"taxonomy":"product_tag","embeddable":true,"href":"https:\/\/kalinkamagazin.com\/es\/wp-json\/wp\/v2\/product_tag?post=2288"}],"curies":[{"name":"wp","href":"https:\/\/api.w.org\/{rel}","templated":true}]}}