{"id":2289,"date":"2026-01-29T16:38:06","date_gmt":"2026-01-29T13:38:06","guid":{"rendered":"https:\/\/kalinkamagazin.com\/product\/4301-gofres-holandeses-rellenos-de-caramelo-es\/"},"modified":"2026-01-29T17:03:58","modified_gmt":"2026-01-29T14:03:58","slug":"4301-gofres-holandeses-rellenos-de-caramelo-es","status":"publish","type":"product","link":"https:\/\/kalinkamagazin.com\/es\/product\/4301-gofres-holandeses-rellenos-de-caramelo-es\/","title":{"rendered":"Gofres holandeses rellenos de caramelo"},"content":{"rendered":"<p>Gofres holandeses Yashkino rellenos de caramelo. EKV118. El dise\u00f1o refleja la direcci\u00f3n del sabor. Ingredientes: <b>Harina de trigo,<\/b>grasas y aceites vegetales (palma, palmiste),<\/b>az\u00facar,<\/b>jarabe de glucosa y fructosa,<\/b>regulador de humedad (E420),<\/b>huevo entero en polvo,<\/b>harina de soja,<\/b>leche condensada (leche entera,<\/b>leche desnatada,<\/b>az\u00facar,<\/b>lactosa),<\/b>sal,<\/b>emulgente (lecitina de soja),<\/b>aromatizantes,<\/b>regulador de acidez (E330),<\/b>levadura en polvo (E500),<\/b>antioxidantes (E306),<\/b>colorante (E160a). Este producto puede contener trazas de: <b>Cacahuetes,<\/b>frutos secos,<\/b>di\u00f3xido de azufre. Conservar en un lugar fresco y seco. Consumir preferentemente antes de: ver impresi\u00f3n, segunda l\u00ednea. <!--NWT-Text-->Valor nutricional por 100 g: Valor energ\u00e9tico: 1790 kJ \/ 430 kcal, Grasas: 15 g, de las cuales saturadas: 8,4 g, Hidratos de carbono: 67 g, de los cuales az\u00facares: 33 g, Prote\u00ednas: 5,5 g, Sal: 0,33 g, <!--NWT-Table--><\/p>\n<table>\n<tbody>\n<tr>\n<td colspan=\"2\">Valor nutricional por 100 g:<\/td>\n<\/tr>\n<tr>\n<td>Valor energ\u00e9tico:<\/td>\n<td align = \"right\">1790 kJ\/430 kcal<\/td>\n<\/tr>\n<tr>\n<td>Grasas:<\/td>\n<td align = \"right\">15 g<\/td>\n<\/tr>\n<tr>\n<td>de las cuales saturadas:<\/td>\n<td align = \"right\">8,4 g<\/td>\n<\/tr>\n<tr>\n<td>Hidratos de carbono:<\/td>\n<td align = \"right\">67 g<\/td>\n<\/tr>\n<tr>\n<td>- de los cuales az\u00facares:<\/td>\n<td align = \"right\">33 g<\/td>\n<\/tr>\n<tr>\n<td>Prote\u00ednas:<\/td>\n<td align = \"right\">5,5 g<\/td>\n<\/tr>\n<tr>\n<td>Sal:<\/td>\n<td align = \"right\">0,33 g<\/td>\n<\/tr>\n<\/tbody>\n<\/table>\n<p> <!--Bezeichnung-->Gofres holandeses Yashkino rellenos de caramelo. EKV118.<\/p>\n","protected":false},"excerpt":{"rendered":"<p>Gofres holandeses Yashkino rellenos de caramelo. EKV118. El dise\u00f1o refleja la direcci\u00f3n del sabor. Ingredientes: Harina de trigo,grasas y aceites vegetales (palma, palmiste),az\u00facar,jarabe de glucosa y fructosa,regulador de humedad (E420),huevo entero en polvo,harina de soja,leche condensada (leche entera,leche desnatada,az\u00facar,lactosa),sal,emulgente (lecitina de soja),aromatizantes,regulador de acidez (E330),levadura en polvo (E500),antioxidantes (E306),colorante (E160a). Este producto puede contener trazas [&hellip;]<\/p>\n","protected":false},"featured_media":1501,"template":"","meta":{"inline_featured_image":false},"product_brand":[],"product_cat":[238,242],"product_tag":[],"class_list":{"0":"post-2289","1":"product","2":"type-product","3":"status-publish","4":"has-post-thumbnail","6":"product_cat-dulces-y-reposteria","7":"product_cat-productos-de-confiteria","9":"first","10":"instock","11":"shipping-taxable","12":"purchasable","13":"product-type-simple"},"acf":[],"_links":{"self":[{"href":"https:\/\/kalinkamagazin.com\/es\/wp-json\/wp\/v2\/product\/2289","targetHints":{"allow":["GET"]}}],"collection":[{"href":"https:\/\/kalinkamagazin.com\/es\/wp-json\/wp\/v2\/product"}],"about":[{"href":"https:\/\/kalinkamagazin.com\/es\/wp-json\/wp\/v2\/types\/product"}],"wp:featuredmedia":[{"embeddable":true,"href":"https:\/\/kalinkamagazin.com\/es\/wp-json\/wp\/v2\/media\/1501"}],"wp:attachment":[{"href":"https:\/\/kalinkamagazin.com\/es\/wp-json\/wp\/v2\/media?parent=2289"}],"wp:term":[{"taxonomy":"product_brand","embeddable":true,"href":"https:\/\/kalinkamagazin.com\/es\/wp-json\/wp\/v2\/product_brand?post=2289"},{"taxonomy":"product_cat","embeddable":true,"href":"https:\/\/kalinkamagazin.com\/es\/wp-json\/wp\/v2\/product_cat?post=2289"},{"taxonomy":"product_tag","embeddable":true,"href":"https:\/\/kalinkamagazin.com\/es\/wp-json\/wp\/v2\/product_tag?post=2289"}],"curies":[{"name":"wp","href":"https:\/\/api.w.org\/{rel}","templated":true}]}}