{"id":2290,"date":"2026-01-29T16:37:58","date_gmt":"2026-01-29T13:37:58","guid":{"rendered":"https:\/\/kalinkamagazin.com\/product\/4763-choco-pie-dark-caramel-bizcocho-con-chocolate-negro-es\/"},"modified":"2026-01-29T17:03:51","modified_gmt":"2026-01-29T14:03:51","slug":"4763-choco-pie-dark-caramel-bizcocho-con-chocolate-negro-es","status":"publish","type":"product","link":"https:\/\/kalinkamagazin.com\/es\/product\/4763-choco-pie-dark-caramel-bizcocho-con-chocolate-negro-es\/","title":{"rendered":"Choco Pie Dark Caramel bizcocho con chocolate negro"},"content":{"rendered":"<p>Producto de confiter\u00eda de harina. Contiene 12 piezas de 30 g. Ingredientes: az\u00facar, harina de trigo, jarabe de almid\u00f3n, aceites vegetales (palma, palmiste, girasol, emulgentes: E322 (soja), E492), antioxidantes: (E306)), leche entera en polvo, cacao en polvo, nata con leche: (nata, estabilizante: (E407)), leche entera, regulador de humedad: (E420, E422), huevo entero en polvo, levadura qu\u00edmica: (E500, E503, E341), jarabe de glucosa, gelatina, sal, cacao en polvo, aromas, dextrosa, pasta de cacao, emulgente: (lecitina (soja)), espesante: (E415). Conservar en un lugar fresco y seco. La vida \u00fatil m\u00ednima sin abrir es de hasta: ver impresi\u00f3n, primera l\u00ednea. Distribuci\u00f3n: Lackmann Fleisch- und Feinkostfabrik GmbH, Carl Benz Stra\u00dfe 10, 77731 Willst\u00e4tt, Alemania. <!--NWT-Text-->Valor nutricional por 100 g: Valor energ\u00e9tico: 1800 kJ \/ 430 kcal, Grasas: 19 g, de las cuales saturadas: 11 g, Hidratos de carbono: 60 g, de los cuales az\u00facares: 37 g, Prote\u00ednas: 4,5 g, Sal: 0,69 g, <!--NWT-Table--><\/p>\n<table>\n<tbody>\n<tr>\n<td colspan=\"2\">Valor nutricional por 100 g:<\/td>\n<\/tr>\n<tr>\n<td>Valor energ\u00e9tico:<\/td>\n<td align = \"right\">1800 kJ\/430 kcal<\/td>\n<\/tr>\n<tr>\n<td>Grasas:<\/td>\n<td align = \"right\">19 g<\/td>\n<\/tr>\n<tr>\n<td>de las cuales saturadas:<\/td>\n<td align = \"right\">11g<\/td>\n<\/tr>\n<tr>\n<td>Hidratos de carbono:<\/td>\n<td align = \"right\">60g<\/td>\n<\/tr>\n<tr>\n<td>- de los cuales az\u00facares:<\/td>\n<td align = \"right\">37g<\/td>\n<\/tr>\n<tr>\n<td>Prote\u00ednas:<\/td>\n<td align = \"right\">4,5g<\/td>\n<\/tr>\n<tr>\n<td>Sal:<\/td>\n<td align = \"right\">0,69g<\/td>\n<\/tr>\n<\/tbody>\n<\/table>\n<p> <!--Bezeichnung-->Producto de confiter\u00eda de harina. .<\/p>\n","protected":false},"excerpt":{"rendered":"<p>Producto de confiter\u00eda de harina. Contiene 12 piezas de 30 g. Ingredientes: az\u00facar, harina de trigo, jarabe de almid\u00f3n, aceites vegetales (palma, palmiste, girasol, emulgentes: E322 (soja), E492), antioxidantes: (E306)), leche entera en polvo, cacao en polvo, nata con leche: (nata, estabilizante: (E407)), leche entera, regulador de humedad: (E420, E422), huevo entero en polvo, levadura [&hellip;]<\/p>\n","protected":false},"featured_media":1507,"template":"","meta":{"inline_featured_image":false},"product_brand":[],"product_cat":[238,242],"product_tag":[],"class_list":{"0":"post-2290","1":"product","2":"type-product","3":"status-publish","4":"has-post-thumbnail","6":"product_cat-dulces-y-reposteria","7":"product_cat-productos-de-confiteria","9":"first","10":"instock","11":"shipping-taxable","12":"purchasable","13":"product-type-simple"},"acf":[],"_links":{"self":[{"href":"https:\/\/kalinkamagazin.com\/es\/wp-json\/wp\/v2\/product\/2290","targetHints":{"allow":["GET"]}}],"collection":[{"href":"https:\/\/kalinkamagazin.com\/es\/wp-json\/wp\/v2\/product"}],"about":[{"href":"https:\/\/kalinkamagazin.com\/es\/wp-json\/wp\/v2\/types\/product"}],"wp:featuredmedia":[{"embeddable":true,"href":"https:\/\/kalinkamagazin.com\/es\/wp-json\/wp\/v2\/media\/1507"}],"wp:attachment":[{"href":"https:\/\/kalinkamagazin.com\/es\/wp-json\/wp\/v2\/media?parent=2290"}],"wp:term":[{"taxonomy":"product_brand","embeddable":true,"href":"https:\/\/kalinkamagazin.com\/es\/wp-json\/wp\/v2\/product_brand?post=2290"},{"taxonomy":"product_cat","embeddable":true,"href":"https:\/\/kalinkamagazin.com\/es\/wp-json\/wp\/v2\/product_cat?post=2290"},{"taxonomy":"product_tag","embeddable":true,"href":"https:\/\/kalinkamagazin.com\/es\/wp-json\/wp\/v2\/product_tag?post=2290"}],"curies":[{"name":"wp","href":"https:\/\/api.w.org\/{rel}","templated":true}]}}