{"id":2291,"date":"2026-01-29T16:37:55","date_gmt":"2026-01-29T13:37:55","guid":{"rendered":"https:\/\/kalinkamagazin.com\/product\/4769-bizcocho-chocoboy-safari-fresas-y-yogur-es\/"},"modified":"2026-01-29T17:03:48","modified_gmt":"2026-01-29T14:03:48","slug":"4769-bizcocho-chocoboy-safari-fresas-y-yogur-es","status":"publish","type":"product","link":"https:\/\/kalinkamagazin.com\/es\/product\/4769-bizcocho-chocoboy-safari-fresas-y-yogur-es\/","title":{"rendered":"Bizcocho Chocoboy Safari, fresas y yogur"},"content":{"rendered":"<p>Galletas Chocoboy Safari de fresa y yogur glaseadas. Ingredientes: glaseado de confiter\u00eda 58% (az\u00facar, grasas y aceites vegetales: (palma, palmiste, coco, colza), leche entera en polvo, emulgentes: (E492, E476, lecitina (soja)), producto de suero de leche, aroma), harina de trigo, agua, az\u00facar, grasa de confiter\u00eda: grasas y aceites vegetales: (palma, girasol), levadura qu\u00edmica: (E503, E500), leche entera en polvo, almid\u00f3n de ma\u00edz, producto de fresa: (jarabe de glucosa, fresas), yogur en polvo, maltodextrina, jarabe de az\u00facar invertido, colorantes: (E120, E150c), emulgente: (E473), aromas, antioxidantes: (E223). Conservar en un lugar fresco y seco. Consumir preferentemente antes de: ver el pie de imprenta. Distribuci\u00f3n: Lackmann Fleisch- und Feinkostfabrik GmbH, Carl Benz Stra\u00dfe 10, 77731 Willst\u00e4tt, Alemania. <!--NWT-Text-->Valor nutricional por 100 g: Valor energ\u00e9tico: 2020 kJ \/ 480 kcal, Grasas: 22 g, de las cuales saturadas: 17 g, Hidratos de carbono: 64 g, de los cuales az\u00facares: 46 g, Prote\u00ednas: 7,0 g, Sal: 0,70 g, <!--NWT-Table--><\/p>\n<table>\n<tbody>\n<tr>\n<td colspan=\"2\">Valor nutricional por 100 g:<\/td>\n<\/tr>\n<tr>\n<td>Valor energ\u00e9tico:<\/td>\n<td align = \"right\">2020 kJ\/480 kcal<\/td>\n<\/tr>\n<tr>\n<td>Grasas:<\/td>\n<td align = \"right\">22 g<\/td>\n<\/tr>\n<tr>\n<td>de las cuales saturadas:<\/td>\n<td align = \"right\">17g<\/td>\n<\/tr>\n<tr>\n<td>Hidratos de carbono:<\/td>\n<td align = \"right\">64g<\/td>\n<\/tr>\n<tr>\n<td>- de los cuales az\u00facares:<\/td>\n<td align = \"right\">46g<\/td>\n<\/tr>\n<tr>\n<td>Prote\u00ednas:<\/td>\n<td align = \"right\">7,0g<\/td>\n<\/tr>\n<tr>\n<td>Sal:<\/td>\n<td align = \"right\">0,70g<\/td>\n<\/tr>\n<\/tbody>\n<\/table>\n<p> <!--Bezeichnung-->Galletas con glaseado \"Chocoboy Safari Fresa y Yogur\".<\/p>\n","protected":false},"excerpt":{"rendered":"<p>Galletas Chocoboy Safari de fresa y yogur glaseadas. Ingredientes: glaseado de confiter\u00eda 58% (az\u00facar, grasas y aceites vegetales: (palma, palmiste, coco, colza), leche entera en polvo, emulgentes: (E492, E476, lecitina (soja)), producto de suero de leche, aroma), harina de trigo, agua, az\u00facar, grasa de confiter\u00eda: grasas y aceites vegetales: (palma, girasol), levadura qu\u00edmica: (E503, E500), [&hellip;]<\/p>\n","protected":false},"featured_media":1510,"template":"","meta":{"inline_featured_image":false},"product_brand":[],"product_cat":[238,242],"product_tag":[],"class_list":{"0":"post-2291","1":"product","2":"type-product","3":"status-publish","4":"has-post-thumbnail","6":"product_cat-dulces-y-reposteria","7":"product_cat-productos-de-confiteria","9":"first","10":"instock","11":"shipping-taxable","12":"purchasable","13":"product-type-simple"},"acf":[],"_links":{"self":[{"href":"https:\/\/kalinkamagazin.com\/es\/wp-json\/wp\/v2\/product\/2291","targetHints":{"allow":["GET"]}}],"collection":[{"href":"https:\/\/kalinkamagazin.com\/es\/wp-json\/wp\/v2\/product"}],"about":[{"href":"https:\/\/kalinkamagazin.com\/es\/wp-json\/wp\/v2\/types\/product"}],"wp:featuredmedia":[{"embeddable":true,"href":"https:\/\/kalinkamagazin.com\/es\/wp-json\/wp\/v2\/media\/1510"}],"wp:attachment":[{"href":"https:\/\/kalinkamagazin.com\/es\/wp-json\/wp\/v2\/media?parent=2291"}],"wp:term":[{"taxonomy":"product_brand","embeddable":true,"href":"https:\/\/kalinkamagazin.com\/es\/wp-json\/wp\/v2\/product_brand?post=2291"},{"taxonomy":"product_cat","embeddable":true,"href":"https:\/\/kalinkamagazin.com\/es\/wp-json\/wp\/v2\/product_cat?post=2291"},{"taxonomy":"product_tag","embeddable":true,"href":"https:\/\/kalinkamagazin.com\/es\/wp-json\/wp\/v2\/product_tag?post=2291"}],"curies":[{"name":"wp","href":"https:\/\/api.w.org\/{rel}","templated":true}]}}