{"id":2298,"date":"2026-01-29T16:37:48","date_gmt":"2026-01-29T13:37:48","guid":{"rendered":"https:\/\/kalinkamagazin.com\/product\/3669-papas-fritas-crujientes-lava-lava-con-sabor-a-crema-agria-y-hierbas-es\/"},"modified":"2026-01-29T17:03:40","modified_gmt":"2026-01-29T14:03:40","slug":"3669-papas-fritas-crujientes-lava-lava-con-sabor-a-crema-agria-y-hierbas-es","status":"publish","type":"product","link":"https:\/\/kalinkamagazin.com\/es\/product\/3669-papas-fritas-crujientes-lava-lava-con-sabor-a-crema-agria-y-hierbas-es\/","title":{"rendered":"Papas fritas crujientes Lava-Lava con sabor a crema agria y hierbas"},"content":{"rendered":"<p>Snack de harina de trigo con sabor a crema agria y especias. Ingredientes: <b>harina de trigo,<\/b>aceite de girasol, mezcla de especias (sal, <b>harina de trigo,<\/b>cebolla en polvo, glucosa, az\u00facar, potenciadores del sabor (E621, E627, E631), extractos de hierbas, aromas, reguladores de acidez (E270, E327, E330), agente de fluidez (E551)), almid\u00f3n de patata, cebolla en polvo, c\u00farcuma en polvo, aceite de palma. Este producto puede contener trazas de: <b>crust\u00e1ceos,<\/b><b>pescado,<\/b><b>soja,<\/b><b>leche,<\/b><b>mostaza,<\/b><b>apio.<\/b>Conservar en un lugar fresco y seco. Consumir preferentemente antes del: ver la segunda l\u00ednea del impreso. Distribuci\u00f3n: Lackmann Fleisch- und Feinkostfabrik GmbH, Carl Benz Stra\u00dfe 10, 77731 Willst\u00e4tt, Alemania. <!--NWT-Text-->Valor nutricional por 100 g: Valor energ\u00e9tico: 2090 kJ \/ 500 kcal, Grasas: 29 g, de las cuales saturadas: 4,3 g, Hidratos de carbono: 53 g, de los cuales az\u00facares: 1,1 g, Prote\u00ednas: 4,5 g, Sal: 2,1 g, <!--NWT-Table--><\/p>\n<table>\n<tbody>\n<tr>\n<td colspan=\"2\">Valor nutricional por 100 g:<\/td>\n<\/tr>\n<tr>\n<td>Valor energ\u00e9tico:<\/td>\n<td align = \"right\">2090 kJ\/500 kcal<\/td>\n<\/tr>\n<tr>\n<td>Grasas:<\/td>\n<td align = \"right\">29 g<\/td>\n<\/tr>\n<tr>\n<td>de las cuales saturadas:<\/td>\n<td align = \"right\">4.3g<\/td>\n<\/tr>\n<tr>\n<td>Carbohidratos:<\/td>\n<td align = \"right\">53g<\/td>\n<\/tr>\n<tr>\n<td>- de los cuales az\u00facares:<\/td>\n<td align = \"right\">1.1g<\/td>\n<\/tr>\n<tr>\n<td>Prote\u00ednas:<\/td>\n<td align = \"right\">4.5g<\/td>\n<\/tr>\n<tr>\n<td>Sal:<\/td>\n<td align = \"right\">2.1g<\/td>\n<\/tr>\n<\/tbody>\n<\/table>\n<p> <!--Bezeichnung--> Snack elaborado con harina de trigo con sabor a crema agria y especias. .<\/p>\n","protected":false},"excerpt":{"rendered":"<p>Snack de harina de trigo con sabor a crema agria y especias. Ingredientes: harina de trigo,aceite de girasol, mezcla de especias (sal, harina de trigo,cebolla en polvo, glucosa, az\u00facar, potenciadores del sabor (E621, E627, E631), extractos de hierbas, aromas, reguladores de acidez (E270, E327, E330), agente de fluidez (E551)), almid\u00f3n de patata, cebolla en polvo, [&hellip;]<\/p>\n","protected":false},"featured_media":1540,"template":"","meta":{"inline_featured_image":false},"product_brand":[],"product_cat":[207],"product_tag":[],"class_list":{"0":"post-2298","1":"product","2":"type-product","3":"status-publish","4":"has-post-thumbnail","6":"product_cat-granos-cereales-y-snacks","8":"first","9":"instock","10":"shipping-taxable","11":"purchasable","12":"product-type-simple"},"acf":[],"_links":{"self":[{"href":"https:\/\/kalinkamagazin.com\/es\/wp-json\/wp\/v2\/product\/2298","targetHints":{"allow":["GET"]}}],"collection":[{"href":"https:\/\/kalinkamagazin.com\/es\/wp-json\/wp\/v2\/product"}],"about":[{"href":"https:\/\/kalinkamagazin.com\/es\/wp-json\/wp\/v2\/types\/product"}],"wp:featuredmedia":[{"embeddable":true,"href":"https:\/\/kalinkamagazin.com\/es\/wp-json\/wp\/v2\/media\/1540"}],"wp:attachment":[{"href":"https:\/\/kalinkamagazin.com\/es\/wp-json\/wp\/v2\/media?parent=2298"}],"wp:term":[{"taxonomy":"product_brand","embeddable":true,"href":"https:\/\/kalinkamagazin.com\/es\/wp-json\/wp\/v2\/product_brand?post=2298"},{"taxonomy":"product_cat","embeddable":true,"href":"https:\/\/kalinkamagazin.com\/es\/wp-json\/wp\/v2\/product_cat?post=2298"},{"taxonomy":"product_tag","embeddable":true,"href":"https:\/\/kalinkamagazin.com\/es\/wp-json\/wp\/v2\/product_tag?post=2298"}],"curies":[{"name":"wp","href":"https:\/\/api.w.org\/{rel}","templated":true}]}}