{"id":2299,"date":"2026-01-29T16:37:44","date_gmt":"2026-01-29T13:37:44","guid":{"rendered":"https:\/\/kalinkamagazin.com\/product\/3677-papas-fritas-crujientes-lava-lava-con-sabor-a-queso-y-chile-es\/"},"modified":"2026-01-29T17:03:36","modified_gmt":"2026-01-29T14:03:36","slug":"3677-papas-fritas-crujientes-lava-lava-con-sabor-a-queso-y-chile-es","status":"publish","type":"product","link":"https:\/\/kalinkamagazin.com\/es\/product\/3677-papas-fritas-crujientes-lava-lava-con-sabor-a-queso-y-chile-es\/","title":{"rendered":"Papas fritas crujientes Lava-Lava con sabor a queso y chile"},"content":{"rendered":"<p>Snack de harina de trigo con sabor a queso y chile. La imagen refleja la direcci\u00f3n del sabor. Ingredientes: <b>harina de trigo,<\/b>aceite de girasol, mezcla de especias: <b>(producto de suero de leche,<\/b>sal, maltodextrina,<\/b>potenciador del sabor: (E621),<\/b>cebolla en polvo, aromas, aceite de palma, almid\u00f3n de patata, extractos de especias, regulador de acidez: (E330),<\/b>colorante: (E160c),<\/b>extracto de levadura,<\/b>agente de flujo: (E551)),<\/b>cebolla en polvo,<\/b>sal,<\/b>c\u00farcuma en polvo. Este producto puede contener trazas de: <b>crust\u00e1ceos,<\/b>pescado,<\/b>soja,<\/b>leche,<\/b>mostaza,<\/b>apio.<\/b>Conservar en un lugar fresco y seco. Consumir preferentemente antes del: ver la segunda l\u00ednea del impreso. Distribuci\u00f3n: Lackmann Fleisch- und Feinkostfabrik GmbH, Carl Benz Stra\u00dfe 10, 77731 Willst\u00e4tt, Alemania. <!--NWT-Text-->Valor nutricional por 100 g: Valor energ\u00e9tico: 2090 kJ \/ 500 kcal, Grasas: 29 g, de las cuales saturadas: 4,3 g, Hidratos de carbono: 53 g, de los cuales az\u00facares: 2,1 g, Prote\u00ednas: 4,5 g, Sal: 1,8 g, <!--NWT-Table--><\/p>\n<table>\n<tbody>\n<tr>\n<td colspan=\"2\">Valor nutricional por 100 g:<\/td>\n<\/tr>\n<tr>\n<td>Valor energ\u00e9tico:<\/td>\n<td align = \"right\">2090 kJ\/500 kcal<\/td>\n<\/tr>\n<tr>\n<td>Grasas:<\/td>\n<td align = \"right\">29 g<\/td>\n<\/tr>\n<tr>\n<td>de las cuales saturadas:<\/td>\n<td align = \"right\">4.3g<\/td>\n<\/tr>\n<tr>\n<td>Hidratos de carbono:<\/td>\n<td align = \"right\">53g<\/td>\n<\/tr>\n<tr>\n<td>- de los cuales az\u00facares:<\/td>\n<td align = \"right\">2.1g<\/td>\n<\/tr>\n<tr>\n<td>Prote\u00ednas:<\/td>\n<td align = \"right\">4.5g<\/td>\n<\/tr>\n<tr>\n<td>Sal:<\/td>\n<td align = \"right\">1.8g<\/td>\n<\/tr>\n<\/tbody>\n<\/table>\n<p> <!--Bezeichnung-->Snack elaborado con harina de trigo, con sabor a queso y chile.<\/p>\n","protected":false},"excerpt":{"rendered":"<p>Snack de harina de trigo con sabor a queso y chile. La imagen refleja la direcci\u00f3n del sabor. Ingredientes: harina de trigo,aceite de girasol, mezcla de especias: (producto de suero de leche,sal, maltodextrina,potenciador del sabor: (E621),cebolla en polvo, aromas, aceite de palma, almid\u00f3n de patata, extractos de especias, regulador de acidez: (E330),colorante: (E160c),extracto de levadura,agente [&hellip;]<\/p>\n","protected":false},"featured_media":1543,"template":"","meta":{"inline_featured_image":false},"product_brand":[],"product_cat":[207],"product_tag":[],"class_list":{"0":"post-2299","1":"product","2":"type-product","3":"status-publish","4":"has-post-thumbnail","6":"product_cat-granos-cereales-y-snacks","8":"first","9":"instock","10":"shipping-taxable","11":"purchasable","12":"product-type-simple"},"acf":[],"_links":{"self":[{"href":"https:\/\/kalinkamagazin.com\/es\/wp-json\/wp\/v2\/product\/2299","targetHints":{"allow":["GET"]}}],"collection":[{"href":"https:\/\/kalinkamagazin.com\/es\/wp-json\/wp\/v2\/product"}],"about":[{"href":"https:\/\/kalinkamagazin.com\/es\/wp-json\/wp\/v2\/types\/product"}],"wp:featuredmedia":[{"embeddable":true,"href":"https:\/\/kalinkamagazin.com\/es\/wp-json\/wp\/v2\/media\/1543"}],"wp:attachment":[{"href":"https:\/\/kalinkamagazin.com\/es\/wp-json\/wp\/v2\/media?parent=2299"}],"wp:term":[{"taxonomy":"product_brand","embeddable":true,"href":"https:\/\/kalinkamagazin.com\/es\/wp-json\/wp\/v2\/product_brand?post=2299"},{"taxonomy":"product_cat","embeddable":true,"href":"https:\/\/kalinkamagazin.com\/es\/wp-json\/wp\/v2\/product_cat?post=2299"},{"taxonomy":"product_tag","embeddable":true,"href":"https:\/\/kalinkamagazin.com\/es\/wp-json\/wp\/v2\/product_tag?post=2299"}],"curies":[{"name":"wp","href":"https:\/\/api.w.org\/{rel}","templated":true}]}}