{"id":2300,"date":"2026-01-29T16:37:41","date_gmt":"2026-01-29T13:37:41","guid":{"rendered":"https:\/\/kalinkamagazin.com\/product\/4257-papas-crujientes-con-sabor-a-cangrejo-crab-ninja-es\/"},"modified":"2026-01-29T17:03:33","modified_gmt":"2026-01-29T14:03:33","slug":"4257-papas-crujientes-con-sabor-a-cangrejo-crab-ninja-es","status":"publish","type":"product","link":"https:\/\/kalinkamagazin.com\/es\/product\/4257-papas-crujientes-con-sabor-a-cangrejo-crab-ninja-es\/","title":{"rendered":"Papas crujientes con sabor a cangrejo \"Crab Ninja\""},"content":{"rendered":"<p>Papas crujientes \"LAVA LAVA\" con sabor a cangrejo. Ingredientes: papas 80%, aceite de palma, mezcla de especias (jarabe de glucosa, sal, az\u00facar, potenciadores del sabor: (E621, E627, E631), harina de trigo, aromas (contiene crust\u00e1ceo en polvo, leche entera en polvo, reguladores de acidez: (E262, E330), tomate en polvo, aceite de palma, especias, colorante: (E160c), agente para mejorar la fluidez del polvo: (E551)). Este producto puede contener trazas de: trigo, pescado, soja, apio, mostaza. Conservar en un lugar fresco y seco. Consumir preferentemente antes de: ver la \u00faltima l\u00ednea del pie de imprenta. Distribuci\u00f3n: Lackmann Fleisch- und Feinkostfabrik GmbH, Carl Benz Stra\u00dfe 10, 77731 Willst\u00e4tt, Alemania. <!--NWT-Text-->Valor nutricional por 100 g: Valor energ\u00e9tico: 2280 kJ \/ 550 kcal, Grasas: 37 g, de las cuales saturadas: 9,2 g, Hidratos de carbono: 48 g, de los cuales az\u00facares: 2,8 g, Prote\u00ednas: 5,5 g, Sal: 1,4 g, <!--NWT-Table--><\/p>\n<table>\n<tbody>\n<tr>\n<td colspan=\"2\">Valor nutricional por 100 g:<\/td>\n<\/tr>\n<tr>\n<td>Valor energ\u00e9tico:<\/td>\n<td align = \"right\">2280 kJ\/550 kcal<\/td>\n<\/tr>\n<tr>\n<td>Grasas:<\/td>\n<td align = \"right\">37 g<\/td>\n<\/tr>\n<tr>\n<td>de las cuales saturadas:<\/td>\n<td align = \"right\">9.2g<\/td>\n<\/tr>\n<tr>\n<td>Hidratos de carbono:<\/td>\n<td align = \"right\">48g<\/td>\n<\/tr>\n<tr>\n<td>- de los cuales az\u00facares:<\/td>\n<td align = \"right\">2.8g<\/td>\n<\/tr>\n<tr>\n<td>Prote\u00ednas:<\/td>\n<td align = \"right\">5.5g<\/td>\n<\/tr>\n<tr>\n<td>Sal:<\/td>\n<td align = \"right\">1.4g<\/td>\n<\/tr>\n<\/tbody>\n<\/table>\n<p> <!--Bezeichnung-->Patatas crujientes \"LAVA LAVA\" con sabor a cangrejo..<\/p>\n","protected":false},"excerpt":{"rendered":"<p>Papas crujientes \"LAVA LAVA\" con sabor a cangrejo. Ingredientes: papas 80%, aceite de palma, mezcla de especias (jarabe de glucosa, sal, az\u00facar, potenciadores del sabor: (E621, E627, E631), harina de trigo, aromas (contiene crust\u00e1ceo en polvo, leche entera en polvo, reguladores de acidez: (E262, E330), tomate en polvo, aceite de palma, especias, colorante: (E160c), agente [&hellip;]<\/p>\n","protected":false},"featured_media":1546,"template":"","meta":{"inline_featured_image":false},"product_brand":[],"product_cat":[207],"product_tag":[],"class_list":{"0":"post-2300","1":"product","2":"type-product","3":"status-publish","4":"has-post-thumbnail","6":"product_cat-granos-cereales-y-snacks","8":"first","9":"instock","10":"shipping-taxable","11":"purchasable","12":"product-type-simple"},"acf":[],"_links":{"self":[{"href":"https:\/\/kalinkamagazin.com\/es\/wp-json\/wp\/v2\/product\/2300","targetHints":{"allow":["GET"]}}],"collection":[{"href":"https:\/\/kalinkamagazin.com\/es\/wp-json\/wp\/v2\/product"}],"about":[{"href":"https:\/\/kalinkamagazin.com\/es\/wp-json\/wp\/v2\/types\/product"}],"wp:featuredmedia":[{"embeddable":true,"href":"https:\/\/kalinkamagazin.com\/es\/wp-json\/wp\/v2\/media\/1546"}],"wp:attachment":[{"href":"https:\/\/kalinkamagazin.com\/es\/wp-json\/wp\/v2\/media?parent=2300"}],"wp:term":[{"taxonomy":"product_brand","embeddable":true,"href":"https:\/\/kalinkamagazin.com\/es\/wp-json\/wp\/v2\/product_brand?post=2300"},{"taxonomy":"product_cat","embeddable":true,"href":"https:\/\/kalinkamagazin.com\/es\/wp-json\/wp\/v2\/product_cat?post=2300"},{"taxonomy":"product_tag","embeddable":true,"href":"https:\/\/kalinkamagazin.com\/es\/wp-json\/wp\/v2\/product_tag?post=2300"}],"curies":[{"name":"wp","href":"https:\/\/api.w.org\/{rel}","templated":true}]}}