{"id":2303,"date":"2026-01-29T16:37:26","date_gmt":"2026-01-29T13:37:26","guid":{"rendered":"https:\/\/kalinkamagazin.com\/product\/5251-crutones-de-centeno-y-trigo-con-sabor-a-ajo-es\/"},"modified":"2026-01-29T17:03:18","modified_gmt":"2026-01-29T14:03:18","slug":"5251-crutones-de-centeno-y-trigo-con-sabor-a-ajo-es","status":"publish","type":"product","link":"https:\/\/kalinkamagazin.com\/es\/product\/5251-crutones-de-centeno-y-trigo-con-sabor-a-ajo-es\/","title":{"rendered":"Crutones de centeno y trigo con sabor a ajo"},"content":{"rendered":"<p>Pan de centeno y trigo con sabor a ajo. La imagen refleja la direcci\u00f3n del sabor. Ingredientes: Pan de centeno: (harina de centeno 40%, agua, harina de trigo 17%, jarabe de glucosa, malta de centeno, sal, extracto de levadura, cilantro), aceite de girasol, mezcla de especias: (sal, glucosa, maltodextrina, az\u00facar, potenciadores del sabor: (E621, E627, E631), az\u00facar, ajo en polvo, regulador de acidez: (E262), aromas, extracto de ajo, colorantes: (E160c, E150d)). Conservar en un lugar fresco y seco. Este producto puede contener trazas de: mostaza, soja. Distribuci\u00f3n: Lackmann Fleisch- und Feinkostfabrik GmbH, Carl Benz Stra\u00dfe 10, 77731 Willst\u00e4tt, Alemania. Consumir preferentemente antes de: ver pie de imprenta, segunda l\u00ednea. <!--NWT-Text-->Valor nutricional por 100 g: Valor energ\u00e9tico: 1768 kJ \/ 418 kcal, Grasas: 9,0 g, de las cuales saturadas: 0,9 g, Hidratos de carbono: 75 g, de los cuales az\u00facares: 6,2 g, Prote\u00ednas: 10 g, Sal: 2,3 g, <!--NWT-Table--><\/p>\n<table>\n<tbody>\n<tr>\n<td colspan=\"2\">Valor nutricional por 100 g:<\/td>\n<\/tr>\n<tr>\n<td>Valor energ\u00e9tico:<\/td>\n<td align = \"right\">1768 kJ \/ 418 kcal<\/td>\n<\/tr>\n<tr>\n<td>Grasas:<\/td>\n<td align = \"right\">9,0 g<\/td>\n<\/tr>\n<tr>\n<td>de las cuales saturadas:<\/td>\n<td align = \"right\">0.9g<\/td>\n<\/tr>\n<tr>\n<td>Hidratos de carbono:<\/td>\n<td align = \"right\">75g<\/td>\n<\/tr>\n<tr>\n<td>- de los cuales az\u00facares:<\/td>\n<td align = \"right\">6.2g<\/td>\n<\/tr>\n<tr>\n<td>Prote\u00ednas:<\/td>\n<td align = \"right\">10.g<\/td>\n<\/tr>\n<tr>\n<td>Sal:<\/td>\n<td align = \"right\">2.3g<\/td>\n<\/tr>\n<\/tbody>\n<\/table>\n<p> <!--Bezeichnung-->Snack de pan de centeno con sabor a ajo.<\/p>\n","protected":false},"excerpt":{"rendered":"<p>Pan de centeno y trigo con sabor a ajo. La imagen refleja la direcci\u00f3n del sabor. Ingredientes: Pan de centeno: (harina de centeno 40%, agua, harina de trigo 17%, jarabe de glucosa, malta de centeno, sal, extracto de levadura, cilantro), aceite de girasol, mezcla de especias: (sal, glucosa, maltodextrina, az\u00facar, potenciadores del sabor: (E621, E627, [&hellip;]<\/p>\n","protected":false},"featured_media":1561,"template":"","meta":{"inline_featured_image":false},"product_brand":[],"product_cat":[207],"product_tag":[],"class_list":{"0":"post-2303","1":"product","2":"type-product","3":"status-publish","4":"has-post-thumbnail","6":"product_cat-granos-cereales-y-snacks","8":"first","9":"instock","10":"shipping-taxable","11":"purchasable","12":"product-type-simple"},"acf":[],"_links":{"self":[{"href":"https:\/\/kalinkamagazin.com\/es\/wp-json\/wp\/v2\/product\/2303","targetHints":{"allow":["GET"]}}],"collection":[{"href":"https:\/\/kalinkamagazin.com\/es\/wp-json\/wp\/v2\/product"}],"about":[{"href":"https:\/\/kalinkamagazin.com\/es\/wp-json\/wp\/v2\/types\/product"}],"wp:featuredmedia":[{"embeddable":true,"href":"https:\/\/kalinkamagazin.com\/es\/wp-json\/wp\/v2\/media\/1561"}],"wp:attachment":[{"href":"https:\/\/kalinkamagazin.com\/es\/wp-json\/wp\/v2\/media?parent=2303"}],"wp:term":[{"taxonomy":"product_brand","embeddable":true,"href":"https:\/\/kalinkamagazin.com\/es\/wp-json\/wp\/v2\/product_brand?post=2303"},{"taxonomy":"product_cat","embeddable":true,"href":"https:\/\/kalinkamagazin.com\/es\/wp-json\/wp\/v2\/product_cat?post=2303"},{"taxonomy":"product_tag","embeddable":true,"href":"https:\/\/kalinkamagazin.com\/es\/wp-json\/wp\/v2\/product_tag?post=2303"}],"curies":[{"name":"wp","href":"https:\/\/api.w.org\/{rel}","templated":true}]}}