{"id":2304,"date":"2026-01-29T16:37:22","date_gmt":"2026-01-29T13:37:22","guid":{"rendered":"https:\/\/kalinkamagazin.com\/product\/5253-crutones-de-pan-de-centeno-y-trigo-con-sabor-a-salchicha-es\/"},"modified":"2026-01-29T17:03:14","modified_gmt":"2026-01-29T14:03:14","slug":"5253-crutones-de-pan-de-centeno-y-trigo-con-sabor-a-salchicha-es","status":"publish","type":"product","link":"https:\/\/kalinkamagazin.com\/es\/product\/5253-crutones-de-pan-de-centeno-y-trigo-con-sabor-a-salchicha-es\/","title":{"rendered":"Crutones de pan de centeno y trigo con sabor a salchicha"},"content":{"rendered":"<p>Pan de centeno y trigo con sabor a ajo. El dise\u00f1o refleja la direcci\u00f3n del sabor. Ingredientes: Pan de centeno (40% harina de centeno, agua, 17% harina de trigo, jarabe de glucosa, malta de centeno, sal de mesa, extracto de levadura, cilantro), aceite de girasol, mezcla de especias: (sal de mesa, glucosa, maltodextrina, az\u00facar, potenciador del sabor: (E621, E627, E631), az\u00facar, aromas, extracto de ajo, agente de flujo para polvos (E551), colorantes (E160c, *E124). *E124 Puede perjudicar la actividad y la atenci\u00f3n de los ni\u00f1os. Conservar en un lugar fresco y seco. Este producto puede contener trazas de: Mostaza, soja. Ventas: Lackmann Fleisch- und Feinkostfabrik GmbH, Carl Benz Stra\u00dfe 10, 77731 Willst\u00e4tt, Alemania. Consumir preferentemente antes de: ver pie de imprenta, segunda l\u00ednea. <!--NWT-Text-->Informaci\u00f3n nutricional por 100 g: Valor energ\u00e9tico: 1706 kJ \/ 403 kcal, Grasas: 8,3 g, de las cuales \u00e1cidos grasos saturados: 0,9 g, Hidratos de carbono: 73 g, de los cuales az\u00facares: 6,5 g, Prote\u00ednas: 9,7 g, Sal: 1,5 g, <!--NWT-Table--><\/p>\n<table>\n<tbody>\n<tr>\n<td colspan=\"2\">Informaci\u00f3n nutricional por 100 g:<\/td>\n<\/tr>\n<tr>\n<td>Valor energ\u00e9tico:<\/td>\n<td align = \"right\">1706 kJ\/403 kcal<\/td>\n<\/tr>\n<tr>\n<td>Grasas:<\/td>\n<td align = \"right\">8,3 g<\/td>\n<\/tr>\n<tr>\n<td>de los cuales \u00e1cidos grasos saturados:<\/td>\n<td align = \"right\">0,9 g<\/td>\n<\/tr>\n<tr>\n<td>Hidratos de carbono:<\/td>\n<td align = \"right\">73g<\/td>\n<\/tr>\n<tr>\n<td>- de los cuales az\u00facares:<\/td>\n<td align = \"right\">6,5g<\/td>\n<\/tr>\n<tr>\n<td>Prote\u00ednas:<\/td>\n<td align = \"right\">9,7g<\/td>\n<\/tr>\n<tr>\n<td>Sal:<\/td>\n<td align = \"right\">1,5g<\/td>\n<\/tr>\n<\/tbody>\n<\/table>\n<p> <!--Bezeichnung-->Snack de pan de centeno con sabor a ajo.<\/p>\n","protected":false},"excerpt":{"rendered":"<p>Pan de centeno y trigo con sabor a ajo. El dise\u00f1o refleja la direcci\u00f3n del sabor. Ingredientes: Pan de centeno (40% harina de centeno, agua, 17% harina de trigo, jarabe de glucosa, malta de centeno, sal de mesa, extracto de levadura, cilantro), aceite de girasol, mezcla de especias: (sal de mesa, glucosa, maltodextrina, az\u00facar, potenciador [&hellip;]<\/p>\n","protected":false},"featured_media":1564,"template":"","meta":{"inline_featured_image":false},"product_brand":[],"product_cat":[207],"product_tag":[],"class_list":{"0":"post-2304","1":"product","2":"type-product","3":"status-publish","4":"has-post-thumbnail","6":"product_cat-granos-cereales-y-snacks","8":"first","9":"instock","10":"shipping-taxable","11":"purchasable","12":"product-type-simple"},"acf":[],"_links":{"self":[{"href":"https:\/\/kalinkamagazin.com\/es\/wp-json\/wp\/v2\/product\/2304","targetHints":{"allow":["GET"]}}],"collection":[{"href":"https:\/\/kalinkamagazin.com\/es\/wp-json\/wp\/v2\/product"}],"about":[{"href":"https:\/\/kalinkamagazin.com\/es\/wp-json\/wp\/v2\/types\/product"}],"wp:featuredmedia":[{"embeddable":true,"href":"https:\/\/kalinkamagazin.com\/es\/wp-json\/wp\/v2\/media\/1564"}],"wp:attachment":[{"href":"https:\/\/kalinkamagazin.com\/es\/wp-json\/wp\/v2\/media?parent=2304"}],"wp:term":[{"taxonomy":"product_brand","embeddable":true,"href":"https:\/\/kalinkamagazin.com\/es\/wp-json\/wp\/v2\/product_brand?post=2304"},{"taxonomy":"product_cat","embeddable":true,"href":"https:\/\/kalinkamagazin.com\/es\/wp-json\/wp\/v2\/product_cat?post=2304"},{"taxonomy":"product_tag","embeddable":true,"href":"https:\/\/kalinkamagazin.com\/es\/wp-json\/wp\/v2\/product_tag?post=2304"}],"curies":[{"name":"wp","href":"https:\/\/api.w.org\/{rel}","templated":true}]}}