{"id":2305,"date":"2026-01-29T16:37:19","date_gmt":"2026-01-29T13:37:19","guid":{"rendered":"https:\/\/kalinkamagazin.com\/product\/5254-crutones-de-centeno-y-trigo-con-sabor-a-barbacoa-ternera-con-adjika-es\/"},"modified":"2026-01-29T17:03:11","modified_gmt":"2026-01-29T14:03:11","slug":"5254-crutones-de-centeno-y-trigo-con-sabor-a-barbacoa-ternera-con-adjika-es","status":"publish","type":"product","link":"https:\/\/kalinkamagazin.com\/es\/product\/5254-crutones-de-centeno-y-trigo-con-sabor-a-barbacoa-ternera-con-adjika-es\/","title":{"rendered":"Crutones de centeno y trigo con sabor a barbacoa (ternera con adjika)"},"content":{"rendered":"<p>Un bocadillo de pan de centeno y trigo con sabor a barbacoa. \"Ternera con Adjika\". La imagen refleja la direcci\u00f3n del sabor. Ingredientes: Pan de centeno (40% harina de centeno, agua, 17% harina de trigo, jarabe de glucosa, malta de centeno, sal de mesa, extracto de levadura, cilantro), aceite de girasol, mezcla de especias: (sal de mesa, glucosa, maltodextrina, az\u00facar, aromas, az\u00facar, cebolla en polvo, potenciador del sabor: (E621, E627, E631), prote\u00edna de soja, regulador de acidez: (E262), colorantes (E160c), agente de flujo libre para polvos (E551). Conservar en un lugar fresco y seco. Este producto puede contener trazas de: Mostaza, soja. Distribuci\u00f3n: Lackmann Fleisch- und Feinkostfabrik GmbH, Carl Benz Stra\u00dfe 10, 77731 Willst\u00e4tt, Alemania. Consumir preferentemente antes de: ver pie de imprenta, segunda l\u00ednea. <!--NWT-Text-->Informaci\u00f3n nutricional por 100 g: Energ\u00eda: 1687 kJ \/ 398 kcal, Grasas: 6,0 g, de los cuales \u00e1cidos grasos saturados: 0,7 g, Hidratos de carbono: 78 g, de los cuales az\u00facares: 7,4 g, Prote\u00ednas: 8,6 g, Sal: 1,4 g, <!--NWT-Table--><\/p>\n<table>\n<tbody>\n<tr>\n<td colspan=\"2\">Informaci\u00f3n nutricional por 100 g:<\/td>\n<\/tr>\n<tr>\n<td>Valor energ\u00e9tico:<\/td>\n<td align = \"right\">1687 kJ\/398 kcal<\/td>\n<\/tr>\n<tr>\n<td>Grasas:<\/td>\n<td align = \"right\">6,0 g<\/td>\n<\/tr>\n<tr>\n<td>de los cuales \u00e1cidos grasos saturados:<\/td>\n<td align = \"right\">0,7 g<\/td>\n<\/tr>\n<tr>\n<td>Hidratos de carbono:<\/td>\n<td align = 78 g - de los cuales az\u00facares: 7,4 g Prote\u00ednas: 8,6 g Sal: 1,4 g Aperitivo de pan de centeno con sabor a barbacoa. Ternera con adjika. \n\n","protected":false},"excerpt":{"rendered":"<p>Un bocadillo de pan de centeno y trigo con sabor a barbacoa. \"Ternera con Adjika\". La imagen refleja la direcci\u00f3n del sabor. Ingredientes: Pan de centeno (40% harina de centeno, agua, 17% harina de trigo, jarabe de glucosa, malta de centeno, sal de mesa, extracto de levadura, cilantro), aceite de girasol, mezcla de especias: (sal [&hellip;]<\/p>\n","protected":false},"featured_media":1567,"template":"","meta":{"inline_featured_image":false},"product_brand":[],"product_cat":[207],"product_tag":[],"class_list":{"0":"post-2305","1":"product","2":"type-product","3":"status-publish","4":"has-post-thumbnail","6":"product_cat-granos-cereales-y-snacks","8":"first","9":"instock","10":"shipping-taxable","11":"purchasable","12":"product-type-simple"},"acf":[],"_links":{"self":[{"href":"https:\/\/kalinkamagazin.com\/es\/wp-json\/wp\/v2\/product\/2305","targetHints":{"allow":["GET"]}}],"collection":[{"href":"https:\/\/kalinkamagazin.com\/es\/wp-json\/wp\/v2\/product"}],"about":[{"href":"https:\/\/kalinkamagazin.com\/es\/wp-json\/wp\/v2\/types\/product"}],"wp:featuredmedia":[{"embeddable":true,"href":"https:\/\/kalinkamagazin.com\/es\/wp-json\/wp\/v2\/media\/1567"}],"wp:attachment":[{"href":"https:\/\/kalinkamagazin.com\/es\/wp-json\/wp\/v2\/media?parent=2305"}],"wp:term":[{"taxonomy":"product_brand","embeddable":true,"href":"https:\/\/kalinkamagazin.com\/es\/wp-json\/wp\/v2\/product_brand?post=2305"},{"taxonomy":"product_cat","embeddable":true,"href":"https:\/\/kalinkamagazin.com\/es\/wp-json\/wp\/v2\/product_cat?post=2305"},{"taxonomy":"product_tag","embeddable":true,"href":"https:\/\/kalinkamagazin.com\/es\/wp-json\/wp\/v2\/product_tag?post=2305"}],"curies":[{"name":"wp","href":"https:\/\/api.w.org\/{rel}","templated":true}]}}